{"id":3759,"date":"2023-03-09T15:58:38","date_gmt":"2023-03-09T15:58:38","guid":{"rendered":"https:\/\/renuar.com\/retailers\/"},"modified":"2025-08-04T15:21:44","modified_gmt":"2025-08-04T15:21:44","slug":"trouver-un-detaillant","status":"publish","type":"page","link":"https:\/\/renuar.com\/fr\/trouver-un-detaillant\/","title":{"rendered":"Trouver un d\u00e9taillant"},"content":{"rendered":"\n<div class=\"wp-block-cover alignfull is-light px-container\" style=\"font-style:normal;font-weight:400;min-height:300px;aspect-ratio:unset;\"><span aria-hidden=\"true\" class=\"wp-block-cover__background has-contrast-background-color has-background-dim-10 has-background-dim\"><\/span><img loading=\"lazy\" decoding=\"async\" width=\"1920\" height=\"1490\" class=\"wp-block-cover__image-background wp-image-14883\" alt=\"\" src=\"https:\/\/renuar.com\/wp-content\/uploads\/2025\/01\/Renuar-s25-about-us-desktop-08@2x.jpg\" data-object-fit=\"cover\" srcset=\"https:\/\/renuar.com\/wp-content\/uploads\/2025\/01\/Renuar-s25-about-us-desktop-08@2x.jpg 1920w, https:\/\/renuar.com\/wp-content\/uploads\/2025\/01\/Renuar-s25-about-us-desktop-08@2x-300x233.jpg 300w, https:\/\/renuar.com\/wp-content\/uploads\/2025\/01\/Renuar-s25-about-us-desktop-08@2x-1024x795.jpg 1024w, https:\/\/renuar.com\/wp-content\/uploads\/2025\/01\/Renuar-s25-about-us-desktop-08@2x-768x596.jpg 768w, https:\/\/renuar.com\/wp-content\/uploads\/2025\/01\/Renuar-s25-about-us-desktop-08@2x-1536x1192.jpg 1536w\" sizes=\"(max-width: 1920px) 100vw, 1920px\" \/><div class=\"wp-block-cover__inner-container is-layout-flow wp-block-cover-is-layout-flow\"><div class=\"gb-container gb-container-5ceec0e1 mx-auto\">\n<div class=\"gb-grid-wrapper gb-grid-wrapper-a03ed158\">\n<div class=\"gb-grid-column gb-grid-column-6555c854\"><div class=\"gb-container gb-container-6555c854\">\n\n<h1 class=\"gb-headline gb-headline-99544c0d\"><span class=\"gb-icon\"><svg xmlns=\"http:\/\/www.w3.org\/2000\/svg\" viewBox=\"0 0 384 512\" width=\"1em\" height=\"1em\" aria-hidden=\"true\"><path d=\"M172.268 501.67C26.97 291.031 0 269.413 0 192 0 85.961 85.961 0 192 0s192 85.961 192 192c0 77.413-26.97 99.031-172.268 309.67-9.535 13.774-29.93 13.773-39.464 0zM192 272c44.183 0 80-35.817 80-80s-35.817-80-80-80-80 35.817-80 80 35.817 80 80 80z\" fill=\"#ffffff\"><\/path><\/svg><\/span><span class=\"gb-headline-text\"><mark style=\"background-color:rgba(0, 0, 0, 0)\" class=\"has-inline-color has-base-3-color\">Trouver un d\u00e9taillant<\/mark><\/span><\/h1>\n\n<\/div><\/div>\n<\/div>\n<\/div><\/div><\/div>\n\n\n<div class=\"gb-container gb-container-fb3d6e1d mx-auto alignfull\">\n\n<div class=\"wp-block-columns px-container is-layout-flex wp-container-core-columns-is-layout-1 wp-block-columns-is-layout-flex\">\n<div class=\"wp-block-column is-layout-flow wp-block-column-is-layout-flow\"><\/div>\n\n\n\n<div class=\"wp-block-column is-layout-flow wp-block-column-is-layout-flow\" style=\"flex-basis:69rem\">\n<h3 class=\"gb-headline gb-headline-5f3c9142 gb-headline-text\">Vous cherchez \u00e0 acheter des v\u00eatements Renuar dans une boutique pr\u00e8s de chez vous?<br>Utilisez notre localisateur de magasins pour consulter la liste de nos d\u00e9taillants \u00e0 travers l\u2019Am\u00e9rique du Nord.<\/h3>\n\n\n\n<p class=\"has-contrast-color has-text-color has-link-color wp-elements-5f62513656f1884f8584a83dc2f48165\"><strong>Vous ne trouvez pas de d\u00e9taillant pr\u00e8s de chez vous qui propose Renuar ?<\/strong><\/p>\n\n\n\n<p class=\"has-contrast-color has-text-color has-link-color wp-elements-6e1b51c878eca2523e091a840e177a8b\"><strong>Faites-nous savoir o\u00f9 vous \u00eates, et nous arrangerons cela ! <a href=\"https:\/\/renuar.com\/fr\/contact\/\" data-type=\"link\" data-id=\"https:\/\/renuar.com\/fr\/contact\/\">Contactez-nous d\u00e8s maintenant.<\/a><\/strong><\/p>\n<\/div>\n\n\n\n<div class=\"wp-block-column is-layout-flow wp-block-column-is-layout-flow\"><\/div>\n<\/div>\n\n\n<div class=\"gb-container gb-container-72feb108 mx-auto\">\n<style>\r\n\t#wpsl-stores .wpsl-store-thumb {height:45px !important; width:45px !important;}\r\n\t#wpsl-stores, #wpsl-direction-details, #wpsl-gmap {height:500px !important;}\r\n\t#wpsl-gmap .wpsl-info-window {max-width:225px !important;}\r\n\t.wpsl-input label, #wpsl-radius label, #wpsl-category label {width:95px;}\r\n\t#wpsl-search-input  {width:179px;}\r\n<\/style>\r\n<div id=\"wpsl-wrap\">\r\n\t<div class=\"wpsl-search wpsl-clearfix \">\r\n\t\t<div id=\"wpsl-search-wrap\">\r\n\t\t\t<form autocomplete=\"off\">\r\n\t\t\t<div class=\"wpsl-input\">\r\n\t\t\t\t<input id=\"wpsl-search-input\" type=\"text\" value=\"\" name=\"wpsl-search-input\" placeholder=\"Cherchez une ville ou un \u00e9tat\/province\" aria-required=\"true\" \/>\r\n\t\t\t<\/div>\r\n\t\t\t<div class=\"wpsl-select-wrap\">\r\n\t\t\t\t<div id=\"wpsl-radius\">\r\n\t\t\t\t\t<label for=\"wpsl-radius-dropdown\">Zone de recherche<\/label>\r\n\t\t\t\t\t<select id=\"wpsl-radius-dropdown\" class=\"wpsl-dropdown\" name=\"wpsl-radius\">\r\n\t\t\t\t\t\t<option value=\"10\">10 km<\/option><option value=\"25\">25 km<\/option><option selected=\"selected\" value=\"50\">50 km<\/option><option value=\"100\">100 km<\/option><option value=\"200\">200 km<\/option><option value=\"500\">500 km<\/option>\r\n\t\t\t\t\t<\/select>\r\n\t\t\t\t<\/div>\r\n\t\t\t\t<div id=\"wpsl-results\">\r\n\t\t\t\t\t<label for=\"wpsl-results-dropdown\">R\u00e9sultats<\/label>\r\n\t\t\t\t\t<select id=\"wpsl-results-dropdown\" class=\"wpsl-dropdown\" name=\"wpsl-results\">\r\n\t\t\t\t\t\t<option value=\"25\">25<\/option><option value=\"50\">50<\/option><option value=\"75\">75<\/option><option selected=\"selected\" value=\"100\">100<\/option>\r\n\t\t\t\t\t<\/select>\r\n\t\t\t\t<\/div>\r\n\t\t\t<\/div>\r\n\t\t\t\t<div class=\"wpsl-search-btn-wrap\"><input id=\"wpsl-search-btn\" type=\"submit\" value=\"Search\"><\/div>\r\n\t\t<\/form>\r\n\t\t<\/div>\r\n\t<\/div>\r\n\t<div id=\"wpsl-gmap\" class=\"wpsl-gmap-canvas\"><\/div>\r\n\t<div id=\"wpsl-result-list\">\r\n\t\t<div id=\"wpsl-stores\" >\r\n\t\t\t<ul><\/ul>\r\n\t\t<\/div>\r\n\t\t<div id=\"wpsl-direction-details\">\r\n\t\t\t<ul><\/ul>\r\n\t\t<\/div>\r\n\t<\/div>\r\n<\/div>\r\n\n\n<\/div>\n<\/div>\n\n\n<p><\/p>\n","protected":false},"excerpt":{"rendered":"<p>Vous cherchez \u00e0 acheter des v\u00eatements Renuar dans une boutique pr\u00e8s de chez vous?Utilisez notre localisateur de magasins pour consulter la liste de nos d\u00e9taillants \u00e0 travers l\u2019Am\u00e9rique du Nord. Vous ne trouvez pas de d\u00e9taillant pr\u00e8s de chez vous qui propose Renuar ? Faites-nous savoir o\u00f9 vous \u00eates, et nous arrangerons cela ! Contactez-nous &#8230; <a title=\"Trouver un d\u00e9taillant\" class=\"read-more\" href=\"https:\/\/renuar.com\/fr\/trouver-un-detaillant\/\" aria-label=\"En savoir plus sur Trouver un d\u00e9taillant\">Lire la suite<\/a><\/p>\n","protected":false},"author":1,"featured_media":0,"parent":0,"menu_order":0,"comment_status":"closed","ping_status":"closed","template":"","meta":{"_acf_changed":false,"inline_featured_image":false,"footnotes":""},"class_list":["post-3759","page","type-page","status-publish"],"acf":[],"_links":{"self":[{"href":"https:\/\/renuar.com\/fr\/wp-json\/wp\/v2\/pages\/3759"}],"collection":[{"href":"https:\/\/renuar.com\/fr\/wp-json\/wp\/v2\/pages"}],"about":[{"href":"https:\/\/renuar.com\/fr\/wp-json\/wp\/v2\/types\/page"}],"author":[{"embeddable":true,"href":"https:\/\/renuar.com\/fr\/wp-json\/wp\/v2\/users\/1"}],"replies":[{"embeddable":true,"href":"https:\/\/renuar.com\/fr\/wp-json\/wp\/v2\/comments?post=3759"}],"version-history":[{"count":21,"href":"https:\/\/renuar.com\/fr\/wp-json\/wp\/v2\/pages\/3759\/revisions"}],"predecessor-version":[{"id":16635,"href":"https:\/\/renuar.com\/fr\/wp-json\/wp\/v2\/pages\/3759\/revisions\/16635"}],"wp:attachment":[{"href":"https:\/\/renuar.com\/fr\/wp-json\/wp\/v2\/media?parent=3759"}],"curies":[{"name":"wp","href":"https:\/\/api.w.org\/{rel}","templated":true}]}}