{"id":18450,"date":"2026-02-10T20:28:02","date_gmt":"2026-02-10T20:28:02","guid":{"rendered":"https:\/\/renuar.com\/?page_id=18450"},"modified":"2026-02-11T18:52:35","modified_gmt":"2026-02-11T18:52:35","slug":"essentiels-de-la-semaine-de-relache","status":"publish","type":"page","link":"https:\/\/renuar.com\/fr\/essentiels-de-la-semaine-de-relache\/","title":{"rendered":"Essentiels de la semaine de rel\u00e2che"},"content":{"rendered":"\n<div class=\"wp-block-cover alignfull is-light has-custom-content-position is-position-bottom-center px-container d-none d-lg-flex\" style=\"min-height:100vh;aspect-ratio:unset;\"><span aria-hidden=\"true\" class=\"wp-block-cover__background has-background-dim-0 has-background-dim\" style=\"background-color:#f4f1ec\"><\/span><img loading=\"lazy\" decoding=\"async\" width=\"2560\" height=\"1305\" class=\"wp-block-cover__image-background wp-image-18451\" alt=\"\" src=\"https:\/\/renuar.com\/wp-content\/uploads\/2026\/02\/renuar-02.2026-spring-break-desktop-01@2x-scaled.jpg\" data-object-fit=\"cover\" srcset=\"https:\/\/renuar.com\/wp-content\/uploads\/2026\/02\/renuar-02.2026-spring-break-desktop-01@2x-scaled.jpg 2560w, https:\/\/renuar.com\/wp-content\/uploads\/2026\/02\/renuar-02.2026-spring-break-desktop-01@2x-300x153.jpg 300w, https:\/\/renuar.com\/wp-content\/uploads\/2026\/02\/renuar-02.2026-spring-break-desktop-01@2x-1024x522.jpg 1024w, https:\/\/renuar.com\/wp-content\/uploads\/2026\/02\/renuar-02.2026-spring-break-desktop-01@2x-768x392.jpg 768w, https:\/\/renuar.com\/wp-content\/uploads\/2026\/02\/renuar-02.2026-spring-break-desktop-01@2x-1536x783.jpg 1536w, https:\/\/renuar.com\/wp-content\/uploads\/2026\/02\/renuar-02.2026-spring-break-desktop-01@2x-2048x1044.jpg 2048w\" sizes=\"(max-width: 2560px) 100vw, 2560px\" \/><div class=\"wp-block-cover__inner-container is-layout-flow wp-block-cover-is-layout-flow\">\n<p class=\"has-text-align-center has-large-font-size\"><\/p>\n<\/div><\/div>\n\n\n\n<div class=\"wp-block-cover alignfull is-light has-custom-content-position is-position-bottom-center px-container d-flex d-lg-none\" style=\"min-height:45vh;aspect-ratio:unset;\"><span aria-hidden=\"true\" class=\"wp-block-cover__background has-background-dim-0 has-background-dim\"><\/span><img loading=\"lazy\" decoding=\"async\" width=\"2560\" height=\"1305\" class=\"wp-block-cover__image-background wp-image-18451\" alt=\"\" src=\"https:\/\/renuar.com\/wp-content\/uploads\/2026\/02\/renuar-02.2026-spring-break-desktop-01@2x-scaled.jpg\" data-object-fit=\"cover\" srcset=\"https:\/\/renuar.com\/wp-content\/uploads\/2026\/02\/renuar-02.2026-spring-break-desktop-01@2x-scaled.jpg 2560w, https:\/\/renuar.com\/wp-content\/uploads\/2026\/02\/renuar-02.2026-spring-break-desktop-01@2x-300x153.jpg 300w, https:\/\/renuar.com\/wp-content\/uploads\/2026\/02\/renuar-02.2026-spring-break-desktop-01@2x-1024x522.jpg 1024w, https:\/\/renuar.com\/wp-content\/uploads\/2026\/02\/renuar-02.2026-spring-break-desktop-01@2x-768x392.jpg 768w, https:\/\/renuar.com\/wp-content\/uploads\/2026\/02\/renuar-02.2026-spring-break-desktop-01@2x-1536x783.jpg 1536w, https:\/\/renuar.com\/wp-content\/uploads\/2026\/02\/renuar-02.2026-spring-break-desktop-01@2x-2048x1044.jpg 2048w\" sizes=\"(max-width: 2560px) 100vw, 2560px\" \/><div class=\"wp-block-cover__inner-container is-layout-flow wp-block-cover-is-layout-flow\">\n<p class=\"has-text-align-center has-large-font-size\"><\/p>\n<\/div><\/div>\n\n\n<div class=\"gb-container gb-container-05a663ec\">\n<div class=\"gb-container gb-container-1c96ce7e\">\n\n<h1 class=\"gb-headline gb-headline-219e0f33 gb-headline-text\">Essentiels de la semaine de rel\u00e2che<\/h1>\n\n\n\n<p class=\"gb-headline gb-headline-5a908cd4 gb-headline-text d-none d-lg-block\">Pens\u00e9e pour les escapades par temps chaud, cette s\u00e9lection de la semaine de rel\u00e2che r\u00e9unit des superpositions faciles, des silhouettes d\u00e9contract\u00e9es et des pi\u00e8ces polyvalentes con\u00e7ues pour les journ\u00e9es bien remplies et les soir\u00e9es au bord de l\u2019eau. Des essentiels d\u00e9contract\u00e9s aux looks vacances plus soign\u00e9s, ces styles se glissent facilement dans la valise et se portent sans effort, peu importe la destination.<\/p>\n\n\n\n<p class=\"gb-headline gb-headline-8eaba3df gb-headline-text d-block d-lg-none\">Des styles pens\u00e9s pour le temps chaud, faciles \u00e0 emporter et \u00e0 porter, parfaits pour accompagner toutes vos escapades.<\/p>\n\n<\/div>\n\n<div class=\"gb-grid-wrapper gb-grid-wrapper-38b71c4a\">\n<div class=\"gb-grid-column gb-grid-column-0af5e61a\"><div class=\"gb-container gb-container-0af5e61a\">\n\n<figure class=\"gb-block-image gb-block-image-4afa74fc\"><img loading=\"lazy\" decoding=\"async\" width=\"1698\" height=\"2316\" class=\"gb-image gb-image-4afa74fc\" src=\"https:\/\/renuar.com\/wp-content\/uploads\/2026\/02\/Group-9819@2x-1.jpg\" alt=\"\" title=\"Group 9819@2x-1\" srcset=\"https:\/\/renuar.com\/wp-content\/uploads\/2026\/02\/Group-9819@2x-1.jpg 1698w, https:\/\/renuar.com\/wp-content\/uploads\/2026\/02\/Group-9819@2x-1-220x300.jpg 220w, https:\/\/renuar.com\/wp-content\/uploads\/2026\/02\/Group-9819@2x-1-751x1024.jpg 751w, https:\/\/renuar.com\/wp-content\/uploads\/2026\/02\/Group-9819@2x-1-768x1048.jpg 768w, https:\/\/renuar.com\/wp-content\/uploads\/2026\/02\/Group-9819@2x-1-1126x1536.jpg 1126w, https:\/\/renuar.com\/wp-content\/uploads\/2026\/02\/Group-9819@2x-1-1502x2048.jpg 1502w\" sizes=\"(max-width: 1698px) 100vw, 1698px\" \/><\/figure>\n\n<\/div><\/div>\n\n<div class=\"gb-grid-column gb-grid-column-b7f8e3cb\"><div class=\"gb-container gb-container-b7f8e3cb\">\n\n<figure class=\"gb-block-image gb-block-image-c8373051\"><img loading=\"lazy\" decoding=\"async\" width=\"1700\" height=\"2316\" class=\"gb-image gb-image-c8373051\" src=\"https:\/\/renuar.com\/wp-content\/uploads\/2026\/02\/Group-9819@2x-2.jpg\" alt=\"\" title=\"Group 9819@2x-2\" srcset=\"https:\/\/renuar.com\/wp-content\/uploads\/2026\/02\/Group-9819@2x-2.jpg 1700w, https:\/\/renuar.com\/wp-content\/uploads\/2026\/02\/Group-9819@2x-2-220x300.jpg 220w, https:\/\/renuar.com\/wp-content\/uploads\/2026\/02\/Group-9819@2x-2-752x1024.jpg 752w, https:\/\/renuar.com\/wp-content\/uploads\/2026\/02\/Group-9819@2x-2-768x1046.jpg 768w, https:\/\/renuar.com\/wp-content\/uploads\/2026\/02\/Group-9819@2x-2-1127x1536.jpg 1127w, https:\/\/renuar.com\/wp-content\/uploads\/2026\/02\/Group-9819@2x-2-1503x2048.jpg 1503w\" sizes=\"(max-width: 1700px) 100vw, 1700px\" \/><\/figure>\n\n<\/div><\/div>\n<\/div>\n<\/div>\n\n<div class=\"gb-container gb-container-45345c90\">\n<div class=\"gb-container gb-container-bcfcf8b2\">\n\n<figure class=\"gb-block-image gb-block-image-fc7d6c8d\"><img loading=\"lazy\" decoding=\"async\" width=\"1607\" height=\"2316\" class=\"gb-image gb-image-fc7d6c8d\" src=\"https:\/\/renuar.com\/wp-content\/uploads\/2026\/02\/renuar-02.2026-spring-break-desktop-04@2x.jpg\" alt=\"\" title=\"renuar-02.2026-spring-break-desktop-04@2x\" srcset=\"https:\/\/renuar.com\/wp-content\/uploads\/2026\/02\/renuar-02.2026-spring-break-desktop-04@2x.jpg 1607w, https:\/\/renuar.com\/wp-content\/uploads\/2026\/02\/renuar-02.2026-spring-break-desktop-04@2x-208x300.jpg 208w, https:\/\/renuar.com\/wp-content\/uploads\/2026\/02\/renuar-02.2026-spring-break-desktop-04@2x-711x1024.jpg 711w, https:\/\/renuar.com\/wp-content\/uploads\/2026\/02\/renuar-02.2026-spring-break-desktop-04@2x-768x1107.jpg 768w, https:\/\/renuar.com\/wp-content\/uploads\/2026\/02\/renuar-02.2026-spring-break-desktop-04@2x-1066x1536.jpg 1066w, https:\/\/renuar.com\/wp-content\/uploads\/2026\/02\/renuar-02.2026-spring-break-desktop-04@2x-1421x2048.jpg 1421w\" sizes=\"(max-width: 1607px) 100vw, 1607px\" \/><\/figure>\n\n<\/div>\n\n<div class=\"gb-grid-wrapper gb-grid-wrapper-2ed86991\">\n<div class=\"gb-grid-column gb-grid-column-b9b85157\"><div class=\"gb-container gb-container-b9b85157\">\n\n<figure class=\"gb-block-image gb-block-image-3f93da85\"><img loading=\"lazy\" decoding=\"async\" width=\"1698\" height=\"2316\" class=\"gb-image gb-image-3f93da85\" src=\"https:\/\/renuar.com\/wp-content\/uploads\/2026\/02\/Group-9820@2x-1.jpg\" alt=\"\" title=\"Group 9820@2x-1\" srcset=\"https:\/\/renuar.com\/wp-content\/uploads\/2026\/02\/Group-9820@2x-1.jpg 1698w, https:\/\/renuar.com\/wp-content\/uploads\/2026\/02\/Group-9820@2x-1-220x300.jpg 220w, https:\/\/renuar.com\/wp-content\/uploads\/2026\/02\/Group-9820@2x-1-751x1024.jpg 751w, https:\/\/renuar.com\/wp-content\/uploads\/2026\/02\/Group-9820@2x-1-768x1048.jpg 768w, https:\/\/renuar.com\/wp-content\/uploads\/2026\/02\/Group-9820@2x-1-1126x1536.jpg 1126w, https:\/\/renuar.com\/wp-content\/uploads\/2026\/02\/Group-9820@2x-1-1502x2048.jpg 1502w\" sizes=\"(max-width: 1698px) 100vw, 1698px\" \/><\/figure>\n\n<\/div><\/div>\n\n<div class=\"gb-grid-column gb-grid-column-6e9f8e1d\"><div class=\"gb-container gb-container-6e9f8e1d\">\n\n<figure class=\"gb-block-image gb-block-image-6a8412f9\"><img loading=\"lazy\" decoding=\"async\" width=\"1698\" height=\"2316\" class=\"gb-image gb-image-6a8412f9\" src=\"https:\/\/renuar.com\/wp-content\/uploads\/2026\/02\/Group-9820@2x-2.jpg\" alt=\"\" title=\"Group 9820@2x-2\" srcset=\"https:\/\/renuar.com\/wp-content\/uploads\/2026\/02\/Group-9820@2x-2.jpg 1698w, https:\/\/renuar.com\/wp-content\/uploads\/2026\/02\/Group-9820@2x-2-220x300.jpg 220w, https:\/\/renuar.com\/wp-content\/uploads\/2026\/02\/Group-9820@2x-2-751x1024.jpg 751w, https:\/\/renuar.com\/wp-content\/uploads\/2026\/02\/Group-9820@2x-2-768x1048.jpg 768w, https:\/\/renuar.com\/wp-content\/uploads\/2026\/02\/Group-9820@2x-2-1126x1536.jpg 1126w, https:\/\/renuar.com\/wp-content\/uploads\/2026\/02\/Group-9820@2x-2-1502x2048.jpg 1502w\" sizes=\"(max-width: 1698px) 100vw, 1698px\" \/><\/figure>\n\n<\/div><\/div>\n<\/div>\n\n<div class=\"gb-container gb-container-f39c1802\">\n\n<figure class=\"gb-block-image gb-block-image-c17e75e8\"><img loading=\"lazy\" decoding=\"async\" width=\"1607\" height=\"2316\" class=\"gb-image gb-image-c17e75e8 d-none d-lg-block\" src=\"https:\/\/renuar.com\/wp-content\/uploads\/2026\/02\/renuar-02.2026-spring-break-desktop-07@2x.jpg\" alt=\"\" title=\"renuar-02.2026-spring-break-desktop-07@2x\" srcset=\"https:\/\/renuar.com\/wp-content\/uploads\/2026\/02\/renuar-02.2026-spring-break-desktop-07@2x.jpg 1607w, https:\/\/renuar.com\/wp-content\/uploads\/2026\/02\/renuar-02.2026-spring-break-desktop-07@2x-208x300.jpg 208w, https:\/\/renuar.com\/wp-content\/uploads\/2026\/02\/renuar-02.2026-spring-break-desktop-07@2x-711x1024.jpg 711w, https:\/\/renuar.com\/wp-content\/uploads\/2026\/02\/renuar-02.2026-spring-break-desktop-07@2x-768x1107.jpg 768w, https:\/\/renuar.com\/wp-content\/uploads\/2026\/02\/renuar-02.2026-spring-break-desktop-07@2x-1066x1536.jpg 1066w, https:\/\/renuar.com\/wp-content\/uploads\/2026\/02\/renuar-02.2026-spring-break-desktop-07@2x-1421x2048.jpg 1421w\" sizes=\"(max-width: 1607px) 100vw, 1607px\" \/><\/figure>\n\n\n\n<figure class=\"gb-block-image gb-block-image-c32cf6cc\"><img loading=\"lazy\" decoding=\"async\" width=\"860\" height=\"1245\" class=\"gb-image gb-image-c32cf6cc d-block d-lg-none\" src=\"https:\/\/renuar.com\/wp-content\/uploads\/2026\/02\/renuar-02.2026-spring-break-mob-05@2x.jpg\" alt=\"\" title=\"renuar-02.2026-spring-break-mob-05@2x\" srcset=\"https:\/\/renuar.com\/wp-content\/uploads\/2026\/02\/renuar-02.2026-spring-break-mob-05@2x.jpg 860w, https:\/\/renuar.com\/wp-content\/uploads\/2026\/02\/renuar-02.2026-spring-break-mob-05@2x-207x300.jpg 207w, https:\/\/renuar.com\/wp-content\/uploads\/2026\/02\/renuar-02.2026-spring-break-mob-05@2x-707x1024.jpg 707w, https:\/\/renuar.com\/wp-content\/uploads\/2026\/02\/renuar-02.2026-spring-break-mob-05@2x-768x1112.jpg 768w\" sizes=\"(max-width: 860px) 100vw, 860px\" \/><\/figure>\n\n<\/div>\n\n<div class=\"gb-grid-wrapper gb-grid-wrapper-e02bdc9b\">\n<div class=\"gb-grid-column gb-grid-column-7526562e\"><div class=\"gb-container gb-container-7526562e\">\n\n<figure class=\"gb-block-image gb-block-image-485a8383\"><img loading=\"lazy\" decoding=\"async\" width=\"1698\" height=\"2316\" class=\"gb-image gb-image-485a8383\" src=\"https:\/\/renuar.com\/wp-content\/uploads\/2026\/02\/Group-9821@2x-1.jpg\" alt=\"\" title=\"Group 9821@2x-1\" srcset=\"https:\/\/renuar.com\/wp-content\/uploads\/2026\/02\/Group-9821@2x-1.jpg 1698w, https:\/\/renuar.com\/wp-content\/uploads\/2026\/02\/Group-9821@2x-1-220x300.jpg 220w, https:\/\/renuar.com\/wp-content\/uploads\/2026\/02\/Group-9821@2x-1-751x1024.jpg 751w, https:\/\/renuar.com\/wp-content\/uploads\/2026\/02\/Group-9821@2x-1-768x1048.jpg 768w, https:\/\/renuar.com\/wp-content\/uploads\/2026\/02\/Group-9821@2x-1-1126x1536.jpg 1126w, https:\/\/renuar.com\/wp-content\/uploads\/2026\/02\/Group-9821@2x-1-1502x2048.jpg 1502w\" sizes=\"(max-width: 1698px) 100vw, 1698px\" \/><\/figure>\n\n<\/div><\/div>\n\n<div class=\"gb-grid-column gb-grid-column-cb1c4f75\"><div class=\"gb-container gb-container-cb1c4f75\">\n\n<figure class=\"gb-block-image gb-block-image-2fa523ff\"><img loading=\"lazy\" decoding=\"async\" width=\"1700\" height=\"2316\" class=\"gb-image gb-image-2fa523ff\" src=\"https:\/\/renuar.com\/wp-content\/uploads\/2026\/02\/Group-9821@2x-2.jpg\" alt=\"\" title=\"Group 9821@2x-2\" srcset=\"https:\/\/renuar.com\/wp-content\/uploads\/2026\/02\/Group-9821@2x-2.jpg 1700w, https:\/\/renuar.com\/wp-content\/uploads\/2026\/02\/Group-9821@2x-2-220x300.jpg 220w, https:\/\/renuar.com\/wp-content\/uploads\/2026\/02\/Group-9821@2x-2-752x1024.jpg 752w, https:\/\/renuar.com\/wp-content\/uploads\/2026\/02\/Group-9821@2x-2-768x1046.jpg 768w, https:\/\/renuar.com\/wp-content\/uploads\/2026\/02\/Group-9821@2x-2-1127x1536.jpg 1127w, https:\/\/renuar.com\/wp-content\/uploads\/2026\/02\/Group-9821@2x-2-1503x2048.jpg 1503w\" sizes=\"(max-width: 1700px) 100vw, 1700px\" \/><\/figure>\n\n<\/div><\/div>\n<\/div>\n\n<div class=\"gb-container gb-container-0ba0c3e2\">\n\n<figure class=\"gb-block-image gb-block-image-5a7fd787\"><img loading=\"lazy\" decoding=\"async\" width=\"1607\" height=\"2316\" class=\"gb-image gb-image-5a7fd787\" src=\"https:\/\/renuar.com\/wp-content\/uploads\/2026\/02\/renuar-02.2026-spring-break-desktop-10@2x.jpg\" alt=\"\" title=\"renuar-02.2026-spring-break-desktop-10@2x\" srcset=\"https:\/\/renuar.com\/wp-content\/uploads\/2026\/02\/renuar-02.2026-spring-break-desktop-10@2x.jpg 1607w, https:\/\/renuar.com\/wp-content\/uploads\/2026\/02\/renuar-02.2026-spring-break-desktop-10@2x-208x300.jpg 208w, https:\/\/renuar.com\/wp-content\/uploads\/2026\/02\/renuar-02.2026-spring-break-desktop-10@2x-711x1024.jpg 711w, https:\/\/renuar.com\/wp-content\/uploads\/2026\/02\/renuar-02.2026-spring-break-desktop-10@2x-768x1107.jpg 768w, https:\/\/renuar.com\/wp-content\/uploads\/2026\/02\/renuar-02.2026-spring-break-desktop-10@2x-1066x1536.jpg 1066w, https:\/\/renuar.com\/wp-content\/uploads\/2026\/02\/renuar-02.2026-spring-break-desktop-10@2x-1421x2048.jpg 1421w\" sizes=\"(max-width: 1607px) 100vw, 1607px\" \/><\/figure>\n\n<\/div>\n<\/div>\n\n<div class=\"gb-container gb-container-c8f11133\">\n<div class=\"gb-container gb-container-6b003792\">\n<div class=\"gb-grid-wrapper gb-grid-wrapper-7e923737\">\n<div class=\"gb-grid-column gb-grid-column-dbe0ca52\"><div class=\"gb-container gb-container-dbe0ca52\">\n\n<h5 class=\"gb-headline gb-headline-c88ffdc0 gb-headline-text\">Votre look de semaine de rel\u00e2che commence en magasin.<\/h5>\n\n\n\n<p class=\"gb-headline gb-headline-80cdc9a3 gb-headline-text\">D\u00e9couvrez les styles Renuar chez un d\u00e9taillant pr\u00e8s de chez vous.<\/p>\n\n\n\n<a class=\"gb-button gb-button-3a99906b gb-button-text\" href=\"https:\/\/renuar.com\/fr\/trouver-un-detaillant\/\">Trouver un d\u00e9taillant<\/a>\n\n<\/div><\/div>\n<\/div>\n<\/div>\n<\/div>","protected":false},"excerpt":{"rendered":"<p>Essentiels de la semaine de rel\u00e2che Pens\u00e9e pour les escapades par temps chaud, cette s\u00e9lection de la semaine de rel\u00e2che r\u00e9unit des superpositions faciles, des silhouettes d\u00e9contract\u00e9es et des pi\u00e8ces polyvalentes con\u00e7ues pour les journ\u00e9es bien remplies et les soir\u00e9es au bord de l\u2019eau. Des essentiels d\u00e9contract\u00e9s aux looks vacances plus soign\u00e9s, ces styles se &#8230; <a title=\"Essentiels de la semaine de rel\u00e2che\" class=\"read-more\" href=\"https:\/\/renuar.com\/fr\/essentiels-de-la-semaine-de-relache\/\" aria-label=\"En savoir plus sur Essentiels de la semaine de rel\u00e2che\">Lire la suite<\/a><\/p>\n","protected":false},"author":1,"featured_media":18452,"parent":0,"menu_order":0,"comment_status":"closed","ping_status":"closed","template":"","meta":{"_acf_changed":false,"inline_featured_image":false,"footnotes":""},"class_list":["post-18450","page","type-page","status-publish","has-post-thumbnail"],"acf":[],"_links":{"self":[{"href":"https:\/\/renuar.com\/fr\/wp-json\/wp\/v2\/pages\/18450"}],"collection":[{"href":"https:\/\/renuar.com\/fr\/wp-json\/wp\/v2\/pages"}],"about":[{"href":"https:\/\/renuar.com\/fr\/wp-json\/wp\/v2\/types\/page"}],"author":[{"embeddable":true,"href":"https:\/\/renuar.com\/fr\/wp-json\/wp\/v2\/users\/1"}],"replies":[{"embeddable":true,"href":"https:\/\/renuar.com\/fr\/wp-json\/wp\/v2\/comments?post=18450"}],"version-history":[{"count":2,"href":"https:\/\/renuar.com\/fr\/wp-json\/wp\/v2\/pages\/18450\/revisions"}],"predecessor-version":[{"id":18539,"href":"https:\/\/renuar.com\/fr\/wp-json\/wp\/v2\/pages\/18450\/revisions\/18539"}],"wp:featuredmedia":[{"embeddable":true,"href":"https:\/\/renuar.com\/fr\/wp-json\/wp\/v2\/media\/18452"}],"wp:attachment":[{"href":"https:\/\/renuar.com\/fr\/wp-json\/wp\/v2\/media?parent=18450"}],"curies":[{"name":"wp","href":"https:\/\/api.w.org\/{rel}","templated":true}]}}