{"id":18403,"date":"2026-02-10T18:36:04","date_gmt":"2026-02-10T18:36:04","guid":{"rendered":"https:\/\/renuar.com\/?page_id=18403"},"modified":"2026-02-12T15:53:01","modified_gmt":"2026-02-12T15:53:01","slug":"printemps-ete-2026","status":"publish","type":"page","link":"https:\/\/renuar.com\/fr\/printemps-ete-2026\/","title":{"rendered":"Lookbook Printemps \u00c9t\u00e9 2026"},"content":{"rendered":"<div class=\"gb-container gb-container-b512f420\">\n\n<figure class=\"wp-block-embed alignfull is-type-video is-provider-youtube wp-block-embed-youtube wp-embed-aspect-16-9 wp-has-aspect-ratio\"><div class=\"wp-block-embed__wrapper\">\n<iframe loading=\"lazy\" title=\"A Breeze of Freshness | Renuar | Spring Summer 2026 Campaign\" width=\"1200\" height=\"675\" src=\"https:\/\/www.youtube.com\/embed\/ZZAyb-e1ke0?feature=oembed\" frameborder=\"0\" allow=\"accelerometer; autoplay; clipboard-write; encrypted-media; gyroscope; picture-in-picture; web-share\" referrerpolicy=\"strict-origin-when-cross-origin\" allowfullscreen><\/iframe>\n<\/div><\/figure>\n\n<\/div>\n\n<div class=\"gb-container gb-container-05a663ec\">\n<div class=\"gb-container gb-container-1c96ce7e\">\n\n<h1 class=\"gb-headline gb-headline-219e0f33 gb-headline-text\">Un vent de fra\u00eecheur<\/h1>\n\n\n\n<p class=\"gb-headline gb-headline-5a908cd4 gb-headline-text\">Un sentiment de l\u00e9g\u00e8ret\u00e9, d\u2019optimisme et de renouveau flotte dans l\u2019air. La collection printemps-\u00e9t\u00e9 2026 incarne cet esprit \u00e0 travers des tissus respirants, des silhouettes d\u00e9contract\u00e9es et des d\u00e9tails soign\u00e9s, pens\u00e9s pour le quotidien. Les rayures, intemporelles, reviennent avec une touche moderne, d\u00e9clin\u00e9es sur des blouses \u00e9l\u00e9gantes, des polos faciles \u00e0 porter et des pantalons structur\u00e9s.<\/p>\n\n<\/div>\n\n<div class=\"gb-grid-wrapper gb-grid-wrapper-38b71c4a\">\n<div class=\"gb-grid-column gb-grid-column-0af5e61a\"><div class=\"gb-container gb-container-0af5e61a\">\n\n<figure class=\"gb-block-image gb-block-image-4afa74fc\"><img loading=\"lazy\" decoding=\"async\" width=\"1280\" height=\"1880\" class=\"gb-image gb-image-4afa74fc\" src=\"https:\/\/renuar.com\/wp-content\/uploads\/2026\/02\/renuar-02.2026-lookbook-desktop-02@2x.jpg\" alt=\"\" title=\"renuar-02.2026-lookbook-desktop-02@2x\" srcset=\"https:\/\/renuar.com\/wp-content\/uploads\/2026\/02\/renuar-02.2026-lookbook-desktop-02@2x.jpg 1280w, https:\/\/renuar.com\/wp-content\/uploads\/2026\/02\/renuar-02.2026-lookbook-desktop-02@2x-204x300.jpg 204w, https:\/\/renuar.com\/wp-content\/uploads\/2026\/02\/renuar-02.2026-lookbook-desktop-02@2x-697x1024.jpg 697w, https:\/\/renuar.com\/wp-content\/uploads\/2026\/02\/renuar-02.2026-lookbook-desktop-02@2x-768x1128.jpg 768w, https:\/\/renuar.com\/wp-content\/uploads\/2026\/02\/renuar-02.2026-lookbook-desktop-02@2x-1046x1536.jpg 1046w\" sizes=\"(max-width: 1280px) 100vw, 1280px\" \/><\/figure>\n\n<\/div><\/div>\n\n<div class=\"gb-grid-column gb-grid-column-b7f8e3cb\"><div class=\"gb-container gb-container-b7f8e3cb\">\n\n<figure class=\"gb-block-image gb-block-image-c8373051\"><img loading=\"lazy\" decoding=\"async\" width=\"1280\" height=\"1880\" class=\"gb-image gb-image-c8373051\" src=\"https:\/\/renuar.com\/wp-content\/uploads\/2026\/02\/renuar-02.2026-lookbook-desktop-03@2x.jpg\" alt=\"\" title=\"renuar-02.2026-lookbook-desktop-03@2x\" srcset=\"https:\/\/renuar.com\/wp-content\/uploads\/2026\/02\/renuar-02.2026-lookbook-desktop-03@2x.jpg 1280w, https:\/\/renuar.com\/wp-content\/uploads\/2026\/02\/renuar-02.2026-lookbook-desktop-03@2x-204x300.jpg 204w, https:\/\/renuar.com\/wp-content\/uploads\/2026\/02\/renuar-02.2026-lookbook-desktop-03@2x-697x1024.jpg 697w, https:\/\/renuar.com\/wp-content\/uploads\/2026\/02\/renuar-02.2026-lookbook-desktop-03@2x-768x1128.jpg 768w, https:\/\/renuar.com\/wp-content\/uploads\/2026\/02\/renuar-02.2026-lookbook-desktop-03@2x-1046x1536.jpg 1046w\" sizes=\"(max-width: 1280px) 100vw, 1280px\" \/><\/figure>\n\n<\/div><\/div>\n\n<div class=\"gb-grid-column gb-grid-column-b21164b1\"><div class=\"gb-container gb-container-b21164b1\">\n\n<figure class=\"gb-block-image gb-block-image-5613e251\"><img loading=\"lazy\" decoding=\"async\" width=\"1280\" height=\"1880\" class=\"gb-image gb-image-5613e251\" src=\"https:\/\/renuar.com\/wp-content\/uploads\/2026\/02\/renuar-02.2026-lookbook-desktop-04@2x.jpg\" alt=\"\" title=\"renuar-02.2026-lookbook-desktop-04@2x\" srcset=\"https:\/\/renuar.com\/wp-content\/uploads\/2026\/02\/renuar-02.2026-lookbook-desktop-04@2x.jpg 1280w, https:\/\/renuar.com\/wp-content\/uploads\/2026\/02\/renuar-02.2026-lookbook-desktop-04@2x-204x300.jpg 204w, https:\/\/renuar.com\/wp-content\/uploads\/2026\/02\/renuar-02.2026-lookbook-desktop-04@2x-697x1024.jpg 697w, https:\/\/renuar.com\/wp-content\/uploads\/2026\/02\/renuar-02.2026-lookbook-desktop-04@2x-768x1128.jpg 768w, https:\/\/renuar.com\/wp-content\/uploads\/2026\/02\/renuar-02.2026-lookbook-desktop-04@2x-1046x1536.jpg 1046w\" sizes=\"(max-width: 1280px) 100vw, 1280px\" \/><\/figure>\n\n<\/div><\/div>\n<\/div>\n<\/div>\n\n<div class=\"gb-container gb-container-45345c90\">\n<div class=\"gb-grid-wrapper gb-grid-wrapper-df96ab73\">\n<div class=\"gb-grid-column gb-grid-column-bcfcf8b2\"><div class=\"gb-container gb-container-bcfcf8b2\">\n\n<figure class=\"gb-block-image gb-block-image-fc7d6c8d\"><img loading=\"lazy\" decoding=\"async\" width=\"1470\" height=\"2094\" class=\"gb-image gb-image-fc7d6c8d\" src=\"https:\/\/renuar.com\/wp-content\/uploads\/2026\/02\/renuar-02.2026-lookbook-desktop-05@2x.jpg\" alt=\"\" title=\"renuar-02.2026-lookbook-desktop-05@2x\" srcset=\"https:\/\/renuar.com\/wp-content\/uploads\/2026\/02\/renuar-02.2026-lookbook-desktop-05@2x.jpg 1470w, https:\/\/renuar.com\/wp-content\/uploads\/2026\/02\/renuar-02.2026-lookbook-desktop-05@2x-211x300.jpg 211w, https:\/\/renuar.com\/wp-content\/uploads\/2026\/02\/renuar-02.2026-lookbook-desktop-05@2x-719x1024.jpg 719w, https:\/\/renuar.com\/wp-content\/uploads\/2026\/02\/renuar-02.2026-lookbook-desktop-05@2x-768x1094.jpg 768w, https:\/\/renuar.com\/wp-content\/uploads\/2026\/02\/renuar-02.2026-lookbook-desktop-05@2x-1078x1536.jpg 1078w, https:\/\/renuar.com\/wp-content\/uploads\/2026\/02\/renuar-02.2026-lookbook-desktop-05@2x-1438x2048.jpg 1438w\" sizes=\"(max-width: 1470px) 100vw, 1470px\" \/><\/figure>\n\n<\/div><\/div>\n\n<div class=\"gb-grid-column gb-grid-column-1393588d\"><div class=\"gb-container gb-container-1393588d\">\n\n<figure class=\"gb-block-image gb-block-image-484e0af0\"><img loading=\"lazy\" decoding=\"async\" width=\"1470\" height=\"2094\" class=\"gb-image gb-image-484e0af0\" src=\"https:\/\/renuar.com\/wp-content\/uploads\/2026\/02\/renuar-02.2026-lookbook-desktop-06@2x.jpg\" alt=\"\" title=\"renuar-02.2026-lookbook-desktop-06@2x\" srcset=\"https:\/\/renuar.com\/wp-content\/uploads\/2026\/02\/renuar-02.2026-lookbook-desktop-06@2x.jpg 1470w, https:\/\/renuar.com\/wp-content\/uploads\/2026\/02\/renuar-02.2026-lookbook-desktop-06@2x-211x300.jpg 211w, https:\/\/renuar.com\/wp-content\/uploads\/2026\/02\/renuar-02.2026-lookbook-desktop-06@2x-719x1024.jpg 719w, https:\/\/renuar.com\/wp-content\/uploads\/2026\/02\/renuar-02.2026-lookbook-desktop-06@2x-768x1094.jpg 768w, https:\/\/renuar.com\/wp-content\/uploads\/2026\/02\/renuar-02.2026-lookbook-desktop-06@2x-1078x1536.jpg 1078w, https:\/\/renuar.com\/wp-content\/uploads\/2026\/02\/renuar-02.2026-lookbook-desktop-06@2x-1438x2048.jpg 1438w\" sizes=\"(max-width: 1470px) 100vw, 1470px\" \/><\/figure>\n\n<\/div><\/div>\n<\/div>\n<\/div>\n\n<div class=\"gb-container gb-container-37b42f56\">\n<div class=\"gb-container gb-container-1f42b05c\">\n\n<h1 class=\"gb-headline gb-headline-d3de4c49 gb-headline-text\">Floraisons printani\u00e8res<\/h1>\n\n\n\n<p class=\"gb-headline gb-headline-b6aefd59 gb-headline-text\">Nos essentiels se renouvellent gr\u00e2ce \u00e0 des mati\u00e8res raffin\u00e9es, des couleurs qui donnent le sourire et des silhouettes sans effort. Con\u00e7ues pour accompagner le mouvement, ces pi\u00e8ces allient confort et style moderne, du matin au soir.<\/p>\n\n<\/div>\n\n<div class=\"gb-grid-wrapper gb-grid-wrapper-3bdd4a77\">\n<div class=\"gb-grid-column gb-grid-column-bd0d09c7\"><div class=\"gb-container gb-container-bd0d09c7\">\n\n<figure class=\"gb-block-image gb-block-image-0030e611\"><img loading=\"lazy\" decoding=\"async\" width=\"1280\" height=\"1880\" class=\"gb-image gb-image-0030e611\" src=\"https:\/\/renuar.com\/wp-content\/uploads\/2026\/02\/renuar-02.2026-lookbook-desktop-07@2x.jpg\" alt=\"\" title=\"renuar-02.2026-lookbook-desktop-07@2x\" srcset=\"https:\/\/renuar.com\/wp-content\/uploads\/2026\/02\/renuar-02.2026-lookbook-desktop-07@2x.jpg 1280w, https:\/\/renuar.com\/wp-content\/uploads\/2026\/02\/renuar-02.2026-lookbook-desktop-07@2x-204x300.jpg 204w, https:\/\/renuar.com\/wp-content\/uploads\/2026\/02\/renuar-02.2026-lookbook-desktop-07@2x-697x1024.jpg 697w, https:\/\/renuar.com\/wp-content\/uploads\/2026\/02\/renuar-02.2026-lookbook-desktop-07@2x-768x1128.jpg 768w, https:\/\/renuar.com\/wp-content\/uploads\/2026\/02\/renuar-02.2026-lookbook-desktop-07@2x-1046x1536.jpg 1046w\" sizes=\"(max-width: 1280px) 100vw, 1280px\" \/><\/figure>\n\n<\/div><\/div>\n\n<div class=\"gb-grid-column gb-grid-column-17724b26\"><div class=\"gb-container gb-container-17724b26\">\n\n<figure class=\"gb-block-image gb-block-image-e8cc6c8a\"><img loading=\"lazy\" decoding=\"async\" width=\"1280\" height=\"1880\" class=\"gb-image gb-image-e8cc6c8a\" src=\"https:\/\/renuar.com\/wp-content\/uploads\/2026\/02\/renuar-02.2026-lookbook-desktop-08@2x.jpg\" alt=\"\" title=\"renuar-02.2026-lookbook-desktop-08@2x\" srcset=\"https:\/\/renuar.com\/wp-content\/uploads\/2026\/02\/renuar-02.2026-lookbook-desktop-08@2x.jpg 1280w, https:\/\/renuar.com\/wp-content\/uploads\/2026\/02\/renuar-02.2026-lookbook-desktop-08@2x-204x300.jpg 204w, https:\/\/renuar.com\/wp-content\/uploads\/2026\/02\/renuar-02.2026-lookbook-desktop-08@2x-697x1024.jpg 697w, https:\/\/renuar.com\/wp-content\/uploads\/2026\/02\/renuar-02.2026-lookbook-desktop-08@2x-768x1128.jpg 768w, https:\/\/renuar.com\/wp-content\/uploads\/2026\/02\/renuar-02.2026-lookbook-desktop-08@2x-1046x1536.jpg 1046w\" sizes=\"(max-width: 1280px) 100vw, 1280px\" \/><\/figure>\n\n<\/div><\/div>\n\n<div class=\"gb-grid-column gb-grid-column-e1578fcc\"><div class=\"gb-container gb-container-e1578fcc\">\n\n<figure class=\"gb-block-image gb-block-image-6e112d39\"><img loading=\"lazy\" decoding=\"async\" width=\"1280\" height=\"1880\" class=\"gb-image gb-image-6e112d39\" src=\"https:\/\/renuar.com\/wp-content\/uploads\/2026\/02\/renuar-02.2026-lookbook-desktop-09@2x.jpg\" alt=\"\" title=\"renuar-02.2026-lookbook-desktop-09@2x\" srcset=\"https:\/\/renuar.com\/wp-content\/uploads\/2026\/02\/renuar-02.2026-lookbook-desktop-09@2x.jpg 1280w, https:\/\/renuar.com\/wp-content\/uploads\/2026\/02\/renuar-02.2026-lookbook-desktop-09@2x-204x300.jpg 204w, https:\/\/renuar.com\/wp-content\/uploads\/2026\/02\/renuar-02.2026-lookbook-desktop-09@2x-697x1024.jpg 697w, https:\/\/renuar.com\/wp-content\/uploads\/2026\/02\/renuar-02.2026-lookbook-desktop-09@2x-768x1128.jpg 768w, https:\/\/renuar.com\/wp-content\/uploads\/2026\/02\/renuar-02.2026-lookbook-desktop-09@2x-1046x1536.jpg 1046w\" sizes=\"(max-width: 1280px) 100vw, 1280px\" \/><\/figure>\n\n<\/div><\/div>\n<\/div>\n<\/div>\n\n<div class=\"gb-container gb-container-5747572d\">\n<div class=\"gb-grid-wrapper gb-grid-wrapper-ee11b59c\">\n<div class=\"gb-grid-column gb-grid-column-3211e306\"><div class=\"gb-container gb-container-3211e306\">\n\n<figure class=\"gb-block-image gb-block-image-661633fa\"><img loading=\"lazy\" decoding=\"async\" width=\"1470\" height=\"2094\" class=\"gb-image gb-image-661633fa\" src=\"https:\/\/renuar.com\/wp-content\/uploads\/2026\/02\/renuar-02.2026-lookbook-desktop-10@2x.jpg\" alt=\"\" title=\"renuar-02.2026-lookbook-desktop-10@2x\" srcset=\"https:\/\/renuar.com\/wp-content\/uploads\/2026\/02\/renuar-02.2026-lookbook-desktop-10@2x.jpg 1470w, https:\/\/renuar.com\/wp-content\/uploads\/2026\/02\/renuar-02.2026-lookbook-desktop-10@2x-211x300.jpg 211w, https:\/\/renuar.com\/wp-content\/uploads\/2026\/02\/renuar-02.2026-lookbook-desktop-10@2x-719x1024.jpg 719w, https:\/\/renuar.com\/wp-content\/uploads\/2026\/02\/renuar-02.2026-lookbook-desktop-10@2x-768x1094.jpg 768w, https:\/\/renuar.com\/wp-content\/uploads\/2026\/02\/renuar-02.2026-lookbook-desktop-10@2x-1078x1536.jpg 1078w, https:\/\/renuar.com\/wp-content\/uploads\/2026\/02\/renuar-02.2026-lookbook-desktop-10@2x-1438x2048.jpg 1438w\" sizes=\"(max-width: 1470px) 100vw, 1470px\" \/><\/figure>\n\n<\/div><\/div>\n\n<div class=\"gb-grid-column gb-grid-column-83a9815d\"><div class=\"gb-container gb-container-83a9815d\">\n\n<figure class=\"gb-block-image gb-block-image-43a0324e\"><img loading=\"lazy\" decoding=\"async\" width=\"1470\" height=\"2094\" class=\"gb-image gb-image-43a0324e\" src=\"https:\/\/renuar.com\/wp-content\/uploads\/2026\/02\/renuar-02.2026-lookbook-desktop-11@2x.jpg\" alt=\"\" title=\"renuar-02.2026-lookbook-desktop-11@2x\" srcset=\"https:\/\/renuar.com\/wp-content\/uploads\/2026\/02\/renuar-02.2026-lookbook-desktop-11@2x.jpg 1470w, https:\/\/renuar.com\/wp-content\/uploads\/2026\/02\/renuar-02.2026-lookbook-desktop-11@2x-211x300.jpg 211w, https:\/\/renuar.com\/wp-content\/uploads\/2026\/02\/renuar-02.2026-lookbook-desktop-11@2x-719x1024.jpg 719w, https:\/\/renuar.com\/wp-content\/uploads\/2026\/02\/renuar-02.2026-lookbook-desktop-11@2x-768x1094.jpg 768w, https:\/\/renuar.com\/wp-content\/uploads\/2026\/02\/renuar-02.2026-lookbook-desktop-11@2x-1078x1536.jpg 1078w, https:\/\/renuar.com\/wp-content\/uploads\/2026\/02\/renuar-02.2026-lookbook-desktop-11@2x-1438x2048.jpg 1438w\" sizes=\"(max-width: 1470px) 100vw, 1470px\" \/><\/figure>\n\n<\/div><\/div>\n<\/div>\n<\/div>\n\n<div class=\"gb-container gb-container-0821b775\">\n<div class=\"gb-container gb-container-8cef4c43\">\n\n<h1 class=\"gb-headline gb-headline-7136f0ec gb-headline-text\">Sorbet d\u2019\u00e9t\u00e9<\/h1>\n\n\n\n<p class=\"gb-headline gb-headline-c547c712 gb-headline-text\">Des teintes tropicales aux nuances mocha, chaque palette raconte une histoire de confiance et de douceur. Une vision actuelle du style estival, facile \u00e0 porter et naturellement \u00e9l\u00e9gante.<\/p>\n\n<\/div>\n\n<div class=\"gb-grid-wrapper gb-grid-wrapper-77238f1e\">\n<div class=\"gb-grid-column gb-grid-column-52f2a91a\"><div class=\"gb-container gb-container-52f2a91a\">\n\n<figure class=\"gb-block-image gb-block-image-84dd290f\"><img loading=\"lazy\" decoding=\"async\" width=\"1280\" height=\"1880\" class=\"gb-image gb-image-84dd290f\" src=\"https:\/\/renuar.com\/wp-content\/uploads\/2026\/02\/renuar-02.2026-lookbook-desktop-12@2x.jpg\" alt=\"\" title=\"renuar-02.2026-lookbook-desktop-12@2x\" srcset=\"https:\/\/renuar.com\/wp-content\/uploads\/2026\/02\/renuar-02.2026-lookbook-desktop-12@2x.jpg 1280w, https:\/\/renuar.com\/wp-content\/uploads\/2026\/02\/renuar-02.2026-lookbook-desktop-12@2x-204x300.jpg 204w, https:\/\/renuar.com\/wp-content\/uploads\/2026\/02\/renuar-02.2026-lookbook-desktop-12@2x-697x1024.jpg 697w, https:\/\/renuar.com\/wp-content\/uploads\/2026\/02\/renuar-02.2026-lookbook-desktop-12@2x-768x1128.jpg 768w, https:\/\/renuar.com\/wp-content\/uploads\/2026\/02\/renuar-02.2026-lookbook-desktop-12@2x-1046x1536.jpg 1046w\" sizes=\"(max-width: 1280px) 100vw, 1280px\" \/><\/figure>\n\n<\/div><\/div>\n\n<div class=\"gb-grid-column gb-grid-column-311ac34e\"><div class=\"gb-container gb-container-311ac34e\">\n\n<figure class=\"gb-block-image gb-block-image-4f951e4a\"><img loading=\"lazy\" decoding=\"async\" width=\"1280\" height=\"1880\" class=\"gb-image gb-image-4f951e4a\" src=\"https:\/\/renuar.com\/wp-content\/uploads\/2026\/02\/renuar-02.2026-lookbook-desktop-13@2x.jpg\" alt=\"\" title=\"renuar-02.2026-lookbook-desktop-13@2x\" srcset=\"https:\/\/renuar.com\/wp-content\/uploads\/2026\/02\/renuar-02.2026-lookbook-desktop-13@2x.jpg 1280w, https:\/\/renuar.com\/wp-content\/uploads\/2026\/02\/renuar-02.2026-lookbook-desktop-13@2x-204x300.jpg 204w, https:\/\/renuar.com\/wp-content\/uploads\/2026\/02\/renuar-02.2026-lookbook-desktop-13@2x-697x1024.jpg 697w, https:\/\/renuar.com\/wp-content\/uploads\/2026\/02\/renuar-02.2026-lookbook-desktop-13@2x-768x1128.jpg 768w, https:\/\/renuar.com\/wp-content\/uploads\/2026\/02\/renuar-02.2026-lookbook-desktop-13@2x-1046x1536.jpg 1046w\" sizes=\"(max-width: 1280px) 100vw, 1280px\" \/><\/figure>\n\n<\/div><\/div>\n\n<div class=\"gb-grid-column gb-grid-column-95615226\"><div class=\"gb-container gb-container-95615226\">\n\n<figure class=\"gb-block-image gb-block-image-9828e167\"><img loading=\"lazy\" decoding=\"async\" width=\"1280\" height=\"1880\" class=\"gb-image gb-image-9828e167\" src=\"https:\/\/renuar.com\/wp-content\/uploads\/2026\/02\/renuar-02.2026-lookbook-desktop-14@2x.jpg\" alt=\"\" title=\"renuar-02.2026-lookbook-desktop-14@2x\" srcset=\"https:\/\/renuar.com\/wp-content\/uploads\/2026\/02\/renuar-02.2026-lookbook-desktop-14@2x.jpg 1280w, https:\/\/renuar.com\/wp-content\/uploads\/2026\/02\/renuar-02.2026-lookbook-desktop-14@2x-204x300.jpg 204w, https:\/\/renuar.com\/wp-content\/uploads\/2026\/02\/renuar-02.2026-lookbook-desktop-14@2x-697x1024.jpg 697w, https:\/\/renuar.com\/wp-content\/uploads\/2026\/02\/renuar-02.2026-lookbook-desktop-14@2x-768x1128.jpg 768w, https:\/\/renuar.com\/wp-content\/uploads\/2026\/02\/renuar-02.2026-lookbook-desktop-14@2x-1046x1536.jpg 1046w\" sizes=\"(max-width: 1280px) 100vw, 1280px\" \/><\/figure>\n\n<\/div><\/div>\n<\/div>\n<\/div>\n\n<div class=\"gb-container gb-container-d43fa727\">\n<div class=\"gb-grid-wrapper gb-grid-wrapper-ed0c7e6e\">\n<div class=\"gb-grid-column gb-grid-column-8e8ec472\"><div class=\"gb-container gb-container-8e8ec472\">\n\n<figure class=\"gb-block-image gb-block-image-8bba7379\"><img loading=\"lazy\" decoding=\"async\" width=\"1470\" height=\"2094\" class=\"gb-image gb-image-8bba7379\" src=\"https:\/\/renuar.com\/wp-content\/uploads\/2026\/02\/renuar-02.2026-lookbook-desktop-15@2x.jpg\" alt=\"\" title=\"renuar-02.2026-lookbook-desktop-15@2x\" srcset=\"https:\/\/renuar.com\/wp-content\/uploads\/2026\/02\/renuar-02.2026-lookbook-desktop-15@2x.jpg 1470w, https:\/\/renuar.com\/wp-content\/uploads\/2026\/02\/renuar-02.2026-lookbook-desktop-15@2x-211x300.jpg 211w, https:\/\/renuar.com\/wp-content\/uploads\/2026\/02\/renuar-02.2026-lookbook-desktop-15@2x-719x1024.jpg 719w, https:\/\/renuar.com\/wp-content\/uploads\/2026\/02\/renuar-02.2026-lookbook-desktop-15@2x-768x1094.jpg 768w, https:\/\/renuar.com\/wp-content\/uploads\/2026\/02\/renuar-02.2026-lookbook-desktop-15@2x-1078x1536.jpg 1078w, https:\/\/renuar.com\/wp-content\/uploads\/2026\/02\/renuar-02.2026-lookbook-desktop-15@2x-1438x2048.jpg 1438w\" sizes=\"(max-width: 1470px) 100vw, 1470px\" \/><\/figure>\n\n<\/div><\/div>\n\n<div class=\"gb-grid-column gb-grid-column-d19a30a9\"><div class=\"gb-container gb-container-d19a30a9\">\n\n<figure class=\"gb-block-image gb-block-image-f40db579\"><img loading=\"lazy\" decoding=\"async\" width=\"1470\" height=\"2094\" class=\"gb-image gb-image-f40db579\" src=\"https:\/\/renuar.com\/wp-content\/uploads\/2026\/02\/renuar-02.2026-lookbook-desktop-16@2x.jpg\" alt=\"\" title=\"renuar-02.2026-lookbook-desktop-16@2x\" srcset=\"https:\/\/renuar.com\/wp-content\/uploads\/2026\/02\/renuar-02.2026-lookbook-desktop-16@2x.jpg 1470w, https:\/\/renuar.com\/wp-content\/uploads\/2026\/02\/renuar-02.2026-lookbook-desktop-16@2x-211x300.jpg 211w, https:\/\/renuar.com\/wp-content\/uploads\/2026\/02\/renuar-02.2026-lookbook-desktop-16@2x-719x1024.jpg 719w, https:\/\/renuar.com\/wp-content\/uploads\/2026\/02\/renuar-02.2026-lookbook-desktop-16@2x-768x1094.jpg 768w, https:\/\/renuar.com\/wp-content\/uploads\/2026\/02\/renuar-02.2026-lookbook-desktop-16@2x-1078x1536.jpg 1078w, https:\/\/renuar.com\/wp-content\/uploads\/2026\/02\/renuar-02.2026-lookbook-desktop-16@2x-1438x2048.jpg 1438w\" sizes=\"(max-width: 1470px) 100vw, 1470px\" \/><\/figure>\n\n<\/div><\/div>\n<\/div>\n<\/div>\n\n<div class=\"gb-container gb-container-c8f11133\">\n<div class=\"gb-container gb-container-6b003792\">\n<div class=\"gb-grid-wrapper gb-grid-wrapper-7e923737\">\n<div class=\"gb-grid-column gb-grid-column-dbe0ca52\"><div class=\"gb-container gb-container-dbe0ca52\">\n\n<h5 class=\"gb-headline gb-headline-c88ffdc0 gb-headline-text\">D\u00e9couvrez notre collection printemps<\/h5>\n\n\n\n<p class=\"gb-headline gb-headline-80cdc9a3 gb-headline-text\">Encouragez un commerce local et trouvez vos styles Renuar pr\u00e9f\u00e9r\u00e9s chez un d\u00e9taillant pr\u00e8s de chez vous.<\/p>\n\n<\/div><\/div>\n\n<div class=\"gb-grid-column gb-grid-column-63800ca4\"><div class=\"gb-container gb-container-63800ca4\">\n\n<a class=\"gb-button gb-button-3a99906b gb-button-text\" href=\"https:\/\/renuar.com\/fr\/trouver-un-detaillant\/\">Trouver un d\u00e9taillant<\/a>\n\n<\/div><\/div>\n<\/div>\n<\/div>\n<\/div>","protected":false},"excerpt":{"rendered":"<p>Un vent de fra\u00eecheur Un sentiment de l\u00e9g\u00e8ret\u00e9, d\u2019optimisme et de renouveau flotte dans l\u2019air. La collection printemps-\u00e9t\u00e9 2026 incarne cet esprit \u00e0 travers des tissus respirants, des silhouettes d\u00e9contract\u00e9es et des d\u00e9tails soign\u00e9s, pens\u00e9s pour le quotidien. Les rayures, intemporelles, reviennent avec une touche moderne, d\u00e9clin\u00e9es sur des blouses \u00e9l\u00e9gantes, des polos faciles \u00e0 &#8230; <a title=\"Lookbook Printemps \u00c9t\u00e9 2026\" class=\"read-more\" href=\"https:\/\/renuar.com\/fr\/printemps-ete-2026\/\" aria-label=\"En savoir plus sur Lookbook Printemps \u00c9t\u00e9 2026\">Lire la suite<\/a><\/p>\n","protected":false},"author":1,"featured_media":18405,"parent":0,"menu_order":0,"comment_status":"closed","ping_status":"closed","template":"","meta":{"_acf_changed":false,"inline_featured_image":false,"footnotes":""},"class_list":["post-18403","page","type-page","status-publish","has-post-thumbnail"],"acf":[],"_links":{"self":[{"href":"https:\/\/renuar.com\/fr\/wp-json\/wp\/v2\/pages\/18403"}],"collection":[{"href":"https:\/\/renuar.com\/fr\/wp-json\/wp\/v2\/pages"}],"about":[{"href":"https:\/\/renuar.com\/fr\/wp-json\/wp\/v2\/types\/page"}],"author":[{"embeddable":true,"href":"https:\/\/renuar.com\/fr\/wp-json\/wp\/v2\/users\/1"}],"replies":[{"embeddable":true,"href":"https:\/\/renuar.com\/fr\/wp-json\/wp\/v2\/comments?post=18403"}],"version-history":[{"count":3,"href":"https:\/\/renuar.com\/fr\/wp-json\/wp\/v2\/pages\/18403\/revisions"}],"predecessor-version":[{"id":18557,"href":"https:\/\/renuar.com\/fr\/wp-json\/wp\/v2\/pages\/18403\/revisions\/18557"}],"wp:featuredmedia":[{"embeddable":true,"href":"https:\/\/renuar.com\/fr\/wp-json\/wp\/v2\/media\/18405"}],"wp:attachment":[{"href":"https:\/\/renuar.com\/fr\/wp-json\/wp\/v2\/media?parent=18403"}],"curies":[{"name":"wp","href":"https:\/\/api.w.org\/{rel}","templated":true}]}}