{"id":17968,"date":"2026-01-05T15:41:43","date_gmt":"2026-01-05T15:41:43","guid":{"rendered":"https:\/\/renuar.com\/?page_id=17968"},"modified":"2026-01-28T14:35:01","modified_gmt":"2026-01-28T14:35:01","slug":"printemps-tout-en-douceur","status":"publish","type":"page","link":"https:\/\/renuar.com\/fr\/printemps-tout-en-douceur\/","title":{"rendered":"Printemps tout en douceur"},"content":{"rendered":"\n<div class=\"wp-block-cover alignfull is-light has-custom-content-position is-position-center-left px-container d-none d-lg-flex\" style=\"min-height:100vh;aspect-ratio:unset;\"><span aria-hidden=\"true\" class=\"wp-block-cover__background has-background-dim-10 has-background-dim\" style=\"background-color:#f4f1ec\"><\/span><img loading=\"lazy\" decoding=\"async\" width=\"2560\" height=\"1305\" class=\"wp-block-cover__image-background wp-image-17983\" alt=\"\" src=\"https:\/\/renuar.com\/wp-content\/uploads\/2026\/01\/renuar-01.2026-jan-update-easy-knits-desktop-01@2x-1-scaled.jpg\" style=\"object-position:40% 50%\" data-object-fit=\"cover\" data-object-position=\"40% 50%\" srcset=\"https:\/\/renuar.com\/wp-content\/uploads\/2026\/01\/renuar-01.2026-jan-update-easy-knits-desktop-01@2x-1-scaled.jpg 2560w, https:\/\/renuar.com\/wp-content\/uploads\/2026\/01\/renuar-01.2026-jan-update-easy-knits-desktop-01@2x-1-300x153.jpg 300w, https:\/\/renuar.com\/wp-content\/uploads\/2026\/01\/renuar-01.2026-jan-update-easy-knits-desktop-01@2x-1-1024x522.jpg 1024w, https:\/\/renuar.com\/wp-content\/uploads\/2026\/01\/renuar-01.2026-jan-update-easy-knits-desktop-01@2x-1-768x392.jpg 768w, https:\/\/renuar.com\/wp-content\/uploads\/2026\/01\/renuar-01.2026-jan-update-easy-knits-desktop-01@2x-1-1536x783.jpg 1536w, https:\/\/renuar.com\/wp-content\/uploads\/2026\/01\/renuar-01.2026-jan-update-easy-knits-desktop-01@2x-1-2048x1044.jpg 2048w\" sizes=\"(max-width: 2560px) 100vw, 2560px\" \/><div class=\"wp-block-cover__inner-container is-layout-flow wp-block-cover-is-layout-flow\"><div class=\"gb-container gb-container-5ceec0e1 grid-container\">\n<div class=\"gb-grid-wrapper gb-grid-wrapper-58bb1021\">\n<div class=\"gb-grid-column gb-grid-column-9bf29b75\"><div class=\"gb-container gb-container-9bf29b75\">\n\n<h1 class=\"gb-headline gb-headline-e0b45c9a gb-headline-text\">Printemps tout en douceur<\/h1>\n\n\n\n<h2 class=\"gb-headline gb-headline-d23d994c gb-headline-text\">Le printemps rime avec confort, douceur et style sans effort. Cette capsule met en avant des silhouettes d\u00e9contract\u00e9es, des tissus respirants et des superpositions l\u00e9g\u00e8res, pens\u00e9es pour accompagner la transition de saison avec aisance.<\/h2>\n\n<\/div><\/div>\n<\/div>\n<\/div><\/div><\/div>\n\n\n<div class=\"gb-container gb-container-5e9a4d9e d-block d-lg-none\">\n\n<figure class=\"gb-block-image gb-block-image-d20ef83e\"><img loading=\"lazy\" decoding=\"async\" width=\"860\" height=\"1236\" class=\"gb-image gb-image-d20ef83e\" src=\"https:\/\/renuar.com\/wp-content\/uploads\/2026\/01\/renuar-01.2026-jan-update-easy-knits-mob-01@2x-1.jpg\" alt=\"\" title=\"renuar-01.2026-jan-update-easy-knits-mob-01@2x\" srcset=\"https:\/\/renuar.com\/wp-content\/uploads\/2026\/01\/renuar-01.2026-jan-update-easy-knits-mob-01@2x-1.jpg 860w, https:\/\/renuar.com\/wp-content\/uploads\/2026\/01\/renuar-01.2026-jan-update-easy-knits-mob-01@2x-1-209x300.jpg 209w, https:\/\/renuar.com\/wp-content\/uploads\/2026\/01\/renuar-01.2026-jan-update-easy-knits-mob-01@2x-1-712x1024.jpg 712w, https:\/\/renuar.com\/wp-content\/uploads\/2026\/01\/renuar-01.2026-jan-update-easy-knits-mob-01@2x-1-768x1104.jpg 768w\" sizes=\"(max-width: 860px) 100vw, 860px\" \/><\/figure>\n\n\n\n<h1 class=\"gb-headline gb-headline-f4cdffc4 gb-headline-text\">Printemps tout en douceur<\/h1>\n\n\n\n<p class=\"gb-headline gb-headline-a250acbf gb-headline-text\">Le printemps rime avec confort, douceur et style sans effort. Cette capsule met en avant des silhouettes d\u00e9contract\u00e9es, des tissus respirants et des superpositions l\u00e9g\u00e8res, pens\u00e9es pour accompagner la transition de saison avec aisance.<\/p>\n\n<\/div>\n\n<div class=\"gb-container gb-container-3ede9edf\">\n<div class=\"gb-grid-wrapper gb-grid-wrapper-8fccc25e\">\n<div class=\"gb-grid-column gb-grid-column-e675a229\"><div class=\"gb-container gb-container-e675a229\">\n\n<h3 class=\"gb-headline gb-headline-ff685d89 gb-headline-text\">Imprim\u00e9 l\u00e9ger<\/h3>\n\n\n\n<p class=\"gb-headline gb-headline-9591d453 gb-headline-text\">\u00c9pur\u00e9e et moderne, cette chemise blanche en coton se distingue par un imprim\u00e9 subtil et s\u2019agence \u00e0 un pantalon droit raccourci pour une allure d\u00e9contract\u00e9e et soign\u00e9e.<\/p>\n\n<\/div><\/div>\n\n<div class=\"gb-grid-column gb-grid-column-27fa8ac2\"><div class=\"gb-container gb-container-27fa8ac2\">\n\n<figure class=\"gb-block-image gb-block-image-4844c0fa\"><img loading=\"lazy\" decoding=\"async\" width=\"1458\" height=\"2084\" class=\"gb-image gb-image-4844c0fa d-none d-lg-flex\" src=\"https:\/\/renuar.com\/wp-content\/uploads\/2026\/01\/renuar-01.2026-jan-update-easy-knits-desktop-02@2x-1.jpg\" alt=\"\" title=\"renuar-01.2026-jan-update-easy-knits-desktop-02@2x\" srcset=\"https:\/\/renuar.com\/wp-content\/uploads\/2026\/01\/renuar-01.2026-jan-update-easy-knits-desktop-02@2x-1.jpg 1458w, https:\/\/renuar.com\/wp-content\/uploads\/2026\/01\/renuar-01.2026-jan-update-easy-knits-desktop-02@2x-1-210x300.jpg 210w, https:\/\/renuar.com\/wp-content\/uploads\/2026\/01\/renuar-01.2026-jan-update-easy-knits-desktop-02@2x-1-716x1024.jpg 716w, https:\/\/renuar.com\/wp-content\/uploads\/2026\/01\/renuar-01.2026-jan-update-easy-knits-desktop-02@2x-1-768x1098.jpg 768w, https:\/\/renuar.com\/wp-content\/uploads\/2026\/01\/renuar-01.2026-jan-update-easy-knits-desktop-02@2x-1-1075x1536.jpg 1075w, https:\/\/renuar.com\/wp-content\/uploads\/2026\/01\/renuar-01.2026-jan-update-easy-knits-desktop-02@2x-1-1433x2048.jpg 1433w\" sizes=\"(max-width: 1458px) 100vw, 1458px\" \/><\/figure>\n\n\n\n<figure class=\"gb-block-image gb-block-image-4d7b2b15\"><img loading=\"lazy\" decoding=\"async\" width=\"1458\" height=\"2084\" class=\"gb-image gb-image-4d7b2b15 d-block d-lg-none\" src=\"https:\/\/renuar.com\/wp-content\/uploads\/2026\/01\/renuar-01.2026-jan-update-easy-knits-desktop-02@2x-1.jpg\" alt=\"\" title=\"renuar-01.2026-jan-update-easy-knits-desktop-02@2x\" srcset=\"https:\/\/renuar.com\/wp-content\/uploads\/2026\/01\/renuar-01.2026-jan-update-easy-knits-desktop-02@2x-1.jpg 1458w, https:\/\/renuar.com\/wp-content\/uploads\/2026\/01\/renuar-01.2026-jan-update-easy-knits-desktop-02@2x-1-210x300.jpg 210w, https:\/\/renuar.com\/wp-content\/uploads\/2026\/01\/renuar-01.2026-jan-update-easy-knits-desktop-02@2x-1-716x1024.jpg 716w, https:\/\/renuar.com\/wp-content\/uploads\/2026\/01\/renuar-01.2026-jan-update-easy-knits-desktop-02@2x-1-768x1098.jpg 768w, https:\/\/renuar.com\/wp-content\/uploads\/2026\/01\/renuar-01.2026-jan-update-easy-knits-desktop-02@2x-1-1075x1536.jpg 1075w, https:\/\/renuar.com\/wp-content\/uploads\/2026\/01\/renuar-01.2026-jan-update-easy-knits-desktop-02@2x-1-1433x2048.jpg 1433w\" sizes=\"(max-width: 1458px) 100vw, 1458px\" \/><\/figure>\n\n<\/div><\/div>\n<\/div>\n<\/div>\n\n<div class=\"gb-container gb-container-5e3ac9e0\">\n<div class=\"gb-grid-wrapper gb-grid-wrapper-c8f624af\">\n<div class=\"gb-grid-column gb-grid-column-bc3c06c7\"><div class=\"gb-container gb-container-bc3c06c7\">\n\n<figure class=\"gb-block-image gb-block-image-255c3e02\"><img loading=\"lazy\" decoding=\"async\" width=\"1458\" height=\"2084\" class=\"gb-image gb-image-255c3e02 d-none d-lg-flex\" src=\"https:\/\/renuar.com\/wp-content\/uploads\/2026\/01\/renuar-01.2026-jan-update-easy-knits-desktop-03-1.jpg\" alt=\"\" title=\"renuar-01.2026-jan-update-easy-knits-desktop-03\" srcset=\"https:\/\/renuar.com\/wp-content\/uploads\/2026\/01\/renuar-01.2026-jan-update-easy-knits-desktop-03-1.jpg 1458w, https:\/\/renuar.com\/wp-content\/uploads\/2026\/01\/renuar-01.2026-jan-update-easy-knits-desktop-03-1-210x300.jpg 210w, https:\/\/renuar.com\/wp-content\/uploads\/2026\/01\/renuar-01.2026-jan-update-easy-knits-desktop-03-1-716x1024.jpg 716w, https:\/\/renuar.com\/wp-content\/uploads\/2026\/01\/renuar-01.2026-jan-update-easy-knits-desktop-03-1-768x1098.jpg 768w, https:\/\/renuar.com\/wp-content\/uploads\/2026\/01\/renuar-01.2026-jan-update-easy-knits-desktop-03-1-1075x1536.jpg 1075w, https:\/\/renuar.com\/wp-content\/uploads\/2026\/01\/renuar-01.2026-jan-update-easy-knits-desktop-03-1-1433x2048.jpg 1433w\" sizes=\"(max-width: 1458px) 100vw, 1458px\" \/><\/figure>\n\n\n\n<figure class=\"gb-block-image gb-block-image-92b26f9e\"><img loading=\"lazy\" decoding=\"async\" width=\"1458\" height=\"2084\" class=\"gb-image gb-image-92b26f9e d-block d-lg-none\" src=\"https:\/\/renuar.com\/wp-content\/uploads\/2026\/01\/renuar-01.2026-jan-update-easy-knits-desktop-03-1.jpg\" alt=\"\" title=\"renuar-01.2026-jan-update-easy-knits-desktop-03\" srcset=\"https:\/\/renuar.com\/wp-content\/uploads\/2026\/01\/renuar-01.2026-jan-update-easy-knits-desktop-03-1.jpg 1458w, https:\/\/renuar.com\/wp-content\/uploads\/2026\/01\/renuar-01.2026-jan-update-easy-knits-desktop-03-1-210x300.jpg 210w, https:\/\/renuar.com\/wp-content\/uploads\/2026\/01\/renuar-01.2026-jan-update-easy-knits-desktop-03-1-716x1024.jpg 716w, https:\/\/renuar.com\/wp-content\/uploads\/2026\/01\/renuar-01.2026-jan-update-easy-knits-desktop-03-1-768x1098.jpg 768w, https:\/\/renuar.com\/wp-content\/uploads\/2026\/01\/renuar-01.2026-jan-update-easy-knits-desktop-03-1-1075x1536.jpg 1075w, https:\/\/renuar.com\/wp-content\/uploads\/2026\/01\/renuar-01.2026-jan-update-easy-knits-desktop-03-1-1433x2048.jpg 1433w\" sizes=\"(max-width: 1458px) 100vw, 1458px\" \/><\/figure>\n\n<\/div><\/div>\n\n<div class=\"gb-grid-column gb-grid-column-b0dbbbd7\"><div class=\"gb-container gb-container-b0dbbbd7\">\n\n<h3 class=\"gb-headline gb-headline-ab902774 gb-headline-text\">Douce cr\u00e8me<\/h3>\n\n\n\n<p class=\"gb-headline gb-headline-8db7df34 gb-headline-text\">Une veste en maille douce dans une teinte cr\u00e8me, facile \u00e0 porter avec un T-shirt et un jean. Une pi\u00e8ce id\u00e9ale pour le confort au quotidien et les journ\u00e9es printani\u00e8res plus fra\u00eeches.<\/p>\n\n<\/div><\/div>\n<\/div>\n<\/div>\n\n<div class=\"gb-container gb-container-23352bb7\">\n<div class=\"gb-grid-wrapper gb-grid-wrapper-6f4005d6\">\n<div class=\"gb-grid-column gb-grid-column-852f1391\"><div class=\"gb-container gb-container-852f1391\">\n\n<h3 class=\"gb-headline gb-headline-d1ba5bd5 gb-headline-text\">Rayures douces<\/h3>\n\n\n\n<p class=\"gb-headline gb-headline-2c53aea7 gb-headline-text\">L\u00e9g\u00e8re et ludique, cette blouse brod\u00e9e \u00e0 rayures multicolores s\u2019agence \u00e0 un denim pedal pusher pour une tenue fra\u00eeche et confortable.<\/p>\n\n<\/div><\/div>\n\n<div class=\"gb-grid-column gb-grid-column-feafb560\"><div class=\"gb-container gb-container-feafb560\">\n\n<figure class=\"gb-block-image gb-block-image-0c083ea8\"><img loading=\"lazy\" decoding=\"async\" width=\"1458\" height=\"2084\" class=\"gb-image gb-image-0c083ea8 d-none d-lg-flex\" src=\"https:\/\/renuar.com\/wp-content\/uploads\/2026\/01\/renuar-01.2026-jan-update-easy-knits-desktop-04@2x-1.jpg\" alt=\"\" title=\"renuar-01.2026-jan-update-easy-knits-desktop-04@2x\" srcset=\"https:\/\/renuar.com\/wp-content\/uploads\/2026\/01\/renuar-01.2026-jan-update-easy-knits-desktop-04@2x-1.jpg 1458w, https:\/\/renuar.com\/wp-content\/uploads\/2026\/01\/renuar-01.2026-jan-update-easy-knits-desktop-04@2x-1-210x300.jpg 210w, https:\/\/renuar.com\/wp-content\/uploads\/2026\/01\/renuar-01.2026-jan-update-easy-knits-desktop-04@2x-1-716x1024.jpg 716w, https:\/\/renuar.com\/wp-content\/uploads\/2026\/01\/renuar-01.2026-jan-update-easy-knits-desktop-04@2x-1-768x1098.jpg 768w, https:\/\/renuar.com\/wp-content\/uploads\/2026\/01\/renuar-01.2026-jan-update-easy-knits-desktop-04@2x-1-1075x1536.jpg 1075w, https:\/\/renuar.com\/wp-content\/uploads\/2026\/01\/renuar-01.2026-jan-update-easy-knits-desktop-04@2x-1-1433x2048.jpg 1433w\" sizes=\"(max-width: 1458px) 100vw, 1458px\" \/><\/figure>\n\n\n\n<figure class=\"gb-block-image gb-block-image-ed0c1e2c\"><img loading=\"lazy\" decoding=\"async\" width=\"1458\" height=\"2084\" class=\"gb-image gb-image-ed0c1e2c d-block d-lg-none\" src=\"https:\/\/renuar.com\/wp-content\/uploads\/2026\/01\/renuar-01.2026-jan-update-easy-knits-desktop-04@2x-1.jpg\" alt=\"\" title=\"renuar-01.2026-jan-update-easy-knits-desktop-04@2x\" srcset=\"https:\/\/renuar.com\/wp-content\/uploads\/2026\/01\/renuar-01.2026-jan-update-easy-knits-desktop-04@2x-1.jpg 1458w, https:\/\/renuar.com\/wp-content\/uploads\/2026\/01\/renuar-01.2026-jan-update-easy-knits-desktop-04@2x-1-210x300.jpg 210w, https:\/\/renuar.com\/wp-content\/uploads\/2026\/01\/renuar-01.2026-jan-update-easy-knits-desktop-04@2x-1-716x1024.jpg 716w, https:\/\/renuar.com\/wp-content\/uploads\/2026\/01\/renuar-01.2026-jan-update-easy-knits-desktop-04@2x-1-768x1098.jpg 768w, https:\/\/renuar.com\/wp-content\/uploads\/2026\/01\/renuar-01.2026-jan-update-easy-knits-desktop-04@2x-1-1075x1536.jpg 1075w, https:\/\/renuar.com\/wp-content\/uploads\/2026\/01\/renuar-01.2026-jan-update-easy-knits-desktop-04@2x-1-1433x2048.jpg 1433w\" sizes=\"(max-width: 1458px) 100vw, 1458px\" \/><\/figure>\n\n<\/div><\/div>\n<\/div>\n<\/div>\n\n<div class=\"gb-container gb-container-5e3e47e8\">\n<div class=\"gb-grid-wrapper gb-grid-wrapper-7156bab2\">\n<div class=\"gb-grid-column gb-grid-column-d9e841f7\"><div class=\"gb-container gb-container-d9e841f7\">\n\n<figure class=\"gb-block-image gb-block-image-8f37baf7\"><img loading=\"lazy\" decoding=\"async\" width=\"1458\" height=\"2084\" class=\"gb-image gb-image-8f37baf7 d-none d-lg-flex\" src=\"https:\/\/renuar.com\/wp-content\/uploads\/2026\/01\/renuar-01.2026-jan-update-easy-knits-desktop-05@2x-1.jpg\" alt=\"\" title=\"renuar-01.2026-jan-update-easy-knits-desktop-05@2x\" srcset=\"https:\/\/renuar.com\/wp-content\/uploads\/2026\/01\/renuar-01.2026-jan-update-easy-knits-desktop-05@2x-1.jpg 1458w, https:\/\/renuar.com\/wp-content\/uploads\/2026\/01\/renuar-01.2026-jan-update-easy-knits-desktop-05@2x-1-210x300.jpg 210w, https:\/\/renuar.com\/wp-content\/uploads\/2026\/01\/renuar-01.2026-jan-update-easy-knits-desktop-05@2x-1-716x1024.jpg 716w, https:\/\/renuar.com\/wp-content\/uploads\/2026\/01\/renuar-01.2026-jan-update-easy-knits-desktop-05@2x-1-768x1098.jpg 768w, https:\/\/renuar.com\/wp-content\/uploads\/2026\/01\/renuar-01.2026-jan-update-easy-knits-desktop-05@2x-1-1075x1536.jpg 1075w, https:\/\/renuar.com\/wp-content\/uploads\/2026\/01\/renuar-01.2026-jan-update-easy-knits-desktop-05@2x-1-1433x2048.jpg 1433w\" sizes=\"(max-width: 1458px) 100vw, 1458px\" \/><\/figure>\n\n\n\n<figure class=\"gb-block-image gb-block-image-5e833d82\"><img loading=\"lazy\" decoding=\"async\" width=\"1458\" height=\"2084\" class=\"gb-image gb-image-5e833d82 d-block d-lg-none\" src=\"https:\/\/renuar.com\/wp-content\/uploads\/2026\/01\/renuar-01.2026-jan-update-easy-knits-desktop-05@2x-1.jpg\" alt=\"\" title=\"renuar-01.2026-jan-update-easy-knits-desktop-05@2x\" srcset=\"https:\/\/renuar.com\/wp-content\/uploads\/2026\/01\/renuar-01.2026-jan-update-easy-knits-desktop-05@2x-1.jpg 1458w, https:\/\/renuar.com\/wp-content\/uploads\/2026\/01\/renuar-01.2026-jan-update-easy-knits-desktop-05@2x-1-210x300.jpg 210w, https:\/\/renuar.com\/wp-content\/uploads\/2026\/01\/renuar-01.2026-jan-update-easy-knits-desktop-05@2x-1-716x1024.jpg 716w, https:\/\/renuar.com\/wp-content\/uploads\/2026\/01\/renuar-01.2026-jan-update-easy-knits-desktop-05@2x-1-768x1098.jpg 768w, https:\/\/renuar.com\/wp-content\/uploads\/2026\/01\/renuar-01.2026-jan-update-easy-knits-desktop-05@2x-1-1075x1536.jpg 1075w, https:\/\/renuar.com\/wp-content\/uploads\/2026\/01\/renuar-01.2026-jan-update-easy-knits-desktop-05@2x-1-1433x2048.jpg 1433w\" sizes=\"(max-width: 1458px) 100vw, 1458px\" \/><\/figure>\n\n<\/div><\/div>\n\n<div class=\"gb-grid-column gb-grid-column-9e70dceb\"><div class=\"gb-container gb-container-9e70dceb\">\n\n<h3 class=\"gb-headline gb-headline-eefce583 gb-headline-text\">Superpositions l\u00e9g\u00e8res<\/h3>\n\n\n\n<p class=\"gb-headline gb-headline-aa3423dc gb-headline-text\">Cette chemise ray\u00e9e en coton, dot\u00e9e de d\u00e9tails volant\u00e9s au dos et de fentes sur les c\u00f4t\u00e9s, se porte avec une jupe courte blanche pour un look respirant et f\u00e9minin.<\/p>\n\n<\/div><\/div>\n<\/div>\n<\/div>\n\n<div class=\"gb-container gb-container-5c773acf\">\n<div class=\"gb-grid-wrapper gb-grid-wrapper-cb304849\">\n<div class=\"gb-grid-column gb-grid-column-cadaa5b8\"><div class=\"gb-container gb-container-cadaa5b8\">\n\n<h3 class=\"gb-headline gb-headline-97bdab2d gb-headline-text\">Douce florale<\/h3>\n\n\n\n<p class=\"gb-headline gb-headline-0f5f54d5 gb-headline-text\">Un cardigan en maille ajour\u00e9e superpos\u00e9 \u00e0 une blouse satin\u00e9e et un denim droit imprim\u00e9 de marguerites compose un look frais, l\u00e9ger et naturellement d\u00e9contract\u00e9.<\/p>\n\n<\/div><\/div>\n\n<div class=\"gb-grid-column gb-grid-column-d3814a15\"><div class=\"gb-container gb-container-d3814a15\">\n\n<figure class=\"gb-block-image gb-block-image-72b3f7e4\"><img loading=\"lazy\" decoding=\"async\" width=\"1458\" height=\"2084\" class=\"gb-image gb-image-72b3f7e4 d-none d-lg-flex\" src=\"https:\/\/renuar.com\/wp-content\/uploads\/2026\/01\/renuar-01.2026-jan-update-easy-knits-desktop-06@2x-1.jpg\" alt=\"\" title=\"renuar-01.2026-jan-update-easy-knits-desktop-06@2x\" srcset=\"https:\/\/renuar.com\/wp-content\/uploads\/2026\/01\/renuar-01.2026-jan-update-easy-knits-desktop-06@2x-1.jpg 1458w, https:\/\/renuar.com\/wp-content\/uploads\/2026\/01\/renuar-01.2026-jan-update-easy-knits-desktop-06@2x-1-210x300.jpg 210w, https:\/\/renuar.com\/wp-content\/uploads\/2026\/01\/renuar-01.2026-jan-update-easy-knits-desktop-06@2x-1-716x1024.jpg 716w, https:\/\/renuar.com\/wp-content\/uploads\/2026\/01\/renuar-01.2026-jan-update-easy-knits-desktop-06@2x-1-768x1098.jpg 768w, https:\/\/renuar.com\/wp-content\/uploads\/2026\/01\/renuar-01.2026-jan-update-easy-knits-desktop-06@2x-1-1075x1536.jpg 1075w, https:\/\/renuar.com\/wp-content\/uploads\/2026\/01\/renuar-01.2026-jan-update-easy-knits-desktop-06@2x-1-1433x2048.jpg 1433w\" sizes=\"(max-width: 1458px) 100vw, 1458px\" \/><\/figure>\n\n\n\n<figure class=\"gb-block-image gb-block-image-a7e3dbca\"><img loading=\"lazy\" decoding=\"async\" width=\"1458\" height=\"2084\" class=\"gb-image gb-image-a7e3dbca d-block d-lg-none\" src=\"https:\/\/renuar.com\/wp-content\/uploads\/2026\/01\/renuar-01.2026-jan-update-easy-knits-desktop-06@2x-1.jpg\" alt=\"\" title=\"renuar-01.2026-jan-update-easy-knits-desktop-06@2x\" srcset=\"https:\/\/renuar.com\/wp-content\/uploads\/2026\/01\/renuar-01.2026-jan-update-easy-knits-desktop-06@2x-1.jpg 1458w, https:\/\/renuar.com\/wp-content\/uploads\/2026\/01\/renuar-01.2026-jan-update-easy-knits-desktop-06@2x-1-210x300.jpg 210w, https:\/\/renuar.com\/wp-content\/uploads\/2026\/01\/renuar-01.2026-jan-update-easy-knits-desktop-06@2x-1-716x1024.jpg 716w, https:\/\/renuar.com\/wp-content\/uploads\/2026\/01\/renuar-01.2026-jan-update-easy-knits-desktop-06@2x-1-768x1098.jpg 768w, https:\/\/renuar.com\/wp-content\/uploads\/2026\/01\/renuar-01.2026-jan-update-easy-knits-desktop-06@2x-1-1075x1536.jpg 1075w, https:\/\/renuar.com\/wp-content\/uploads\/2026\/01\/renuar-01.2026-jan-update-easy-knits-desktop-06@2x-1-1433x2048.jpg 1433w\" sizes=\"(max-width: 1458px) 100vw, 1458px\" \/><\/figure>\n\n<\/div><\/div>\n<\/div>\n<\/div>\n\n<div class=\"gb-container gb-container-827442b9\">\n\n<p class=\"gb-headline gb-headline-8921307a gb-headline-text\"><strong>Essentiels printaniers d\u00e9contract\u00e9s<\/strong><\/p>\n\n\n\n<p class=\"gb-headline gb-headline-733dfa55 gb-headline-text\">D\u00e9couvrez ces styles faciles \u00e0 porter chez un d\u00e9taillant Renuar pr\u00e8s de chez vous.<\/p>\n\n\n\n<a class=\"gb-button gb-button-3a99906b gb-button-text\" href=\"https:\/\/renuar.com\/fr\/trouver-un-detaillant\/\">Trouver un d\u00e9taillant<\/a>\n\n<\/div>","protected":false},"excerpt":{"rendered":"<p>Printemps tout en douceur Le printemps rime avec confort, douceur et style sans effort. Cette capsule met en avant des silhouettes d\u00e9contract\u00e9es, des tissus respirants et des superpositions l\u00e9g\u00e8res, pens\u00e9es pour accompagner la transition de saison avec aisance. Essentiels printaniers d\u00e9contract\u00e9s D\u00e9couvrez ces styles faciles \u00e0 porter chez un d\u00e9taillant Renuar pr\u00e8s de chez vous.<\/p>\n","protected":false},"author":1,"featured_media":17984,"parent":0,"menu_order":0,"comment_status":"closed","ping_status":"closed","template":"","meta":{"_acf_changed":false,"inline_featured_image":false,"footnotes":""},"class_list":["post-17968","page","type-page","status-publish","has-post-thumbnail"],"acf":[],"_links":{"self":[{"href":"https:\/\/renuar.com\/fr\/wp-json\/wp\/v2\/pages\/17968"}],"collection":[{"href":"https:\/\/renuar.com\/fr\/wp-json\/wp\/v2\/pages"}],"about":[{"href":"https:\/\/renuar.com\/fr\/wp-json\/wp\/v2\/types\/page"}],"author":[{"embeddable":true,"href":"https:\/\/renuar.com\/fr\/wp-json\/wp\/v2\/users\/1"}],"replies":[{"embeddable":true,"href":"https:\/\/renuar.com\/fr\/wp-json\/wp\/v2\/comments?post=17968"}],"version-history":[{"count":7,"href":"https:\/\/renuar.com\/fr\/wp-json\/wp\/v2\/pages\/17968\/revisions"}],"predecessor-version":[{"id":18207,"href":"https:\/\/renuar.com\/fr\/wp-json\/wp\/v2\/pages\/17968\/revisions\/18207"}],"wp:featuredmedia":[{"embeddable":true,"href":"https:\/\/renuar.com\/fr\/wp-json\/wp\/v2\/media\/17984"}],"wp:attachment":[{"href":"https:\/\/renuar.com\/fr\/wp-json\/wp\/v2\/media?parent=17968"}],"curies":[{"name":"wp","href":"https:\/\/api.w.org\/{rel}","templated":true}]}}