{"id":17780,"date":"2025-12-29T16:48:47","date_gmt":"2025-12-29T16:48:47","guid":{"rendered":"https:\/\/renuar.com\/?page_id=17780"},"modified":"2026-01-28T14:37:15","modified_gmt":"2026-01-28T14:37:15","slug":"nuances-bleues","status":"publish","type":"page","link":"https:\/\/renuar.com\/fr\/nuances-bleues\/","title":{"rendered":"Nuances Bleues"},"content":{"rendered":"\n<div class=\"wp-block-cover alignfull is-light has-custom-content-position is-position-center-left px-container d-none d-lg-flex\" style=\"min-height:100vh;aspect-ratio:unset;\"><span aria-hidden=\"true\" class=\"wp-block-cover__background has-background-dim-0 has-background-dim\"><\/span><img loading=\"lazy\" decoding=\"async\" width=\"2560\" height=\"1305\" class=\"wp-block-cover__image-background wp-image-17781\" alt=\"\" src=\"https:\/\/renuar.com\/wp-content\/uploads\/2025\/12\/renuar-01.2026-jan-update-blue-horizons-desktop-01@2x-scaled.jpg\" data-object-fit=\"cover\" srcset=\"https:\/\/renuar.com\/wp-content\/uploads\/2025\/12\/renuar-01.2026-jan-update-blue-horizons-desktop-01@2x-scaled.jpg 2560w, https:\/\/renuar.com\/wp-content\/uploads\/2025\/12\/renuar-01.2026-jan-update-blue-horizons-desktop-01@2x-300x153.jpg 300w, https:\/\/renuar.com\/wp-content\/uploads\/2025\/12\/renuar-01.2026-jan-update-blue-horizons-desktop-01@2x-1024x522.jpg 1024w, https:\/\/renuar.com\/wp-content\/uploads\/2025\/12\/renuar-01.2026-jan-update-blue-horizons-desktop-01@2x-768x392.jpg 768w, https:\/\/renuar.com\/wp-content\/uploads\/2025\/12\/renuar-01.2026-jan-update-blue-horizons-desktop-01@2x-1536x783.jpg 1536w, https:\/\/renuar.com\/wp-content\/uploads\/2025\/12\/renuar-01.2026-jan-update-blue-horizons-desktop-01@2x-2048x1044.jpg 2048w\" sizes=\"(max-width: 2560px) 100vw, 2560px\" \/><div class=\"wp-block-cover__inner-container is-layout-flow wp-block-cover-is-layout-flow\"><div class=\"gb-container gb-container-5ceec0e1 grid-container\">\n<div class=\"gb-grid-wrapper gb-grid-wrapper-58bb1021\">\n<div class=\"gb-grid-column gb-grid-column-9bf29b75\"><div class=\"gb-container gb-container-9bf29b75\">\n<div class=\"gb-container gb-container-f2443666\">\n\n<h1 class=\"gb-headline gb-headline-e0b45c9a gb-headline-text\">Nuances Bleues<\/h1>\n\n\n\n<h2 class=\"gb-headline gb-headline-d23d994c gb-headline-text\">Des bleus frais, des blancs \u00e9clatants et des silhouettes faciles \u00e0 porter, pens\u00e9es pour les journ\u00e9es ensoleill\u00e9es et les escapades sans effort. Une s\u00e9lection raffin\u00e9e con\u00e7ue pour les destinations chaudes et les moments de d\u00e9tente.<\/h2>\n\n<\/div>\n<\/div><\/div>\n<\/div>\n<\/div><\/div><\/div>\n\n\n\n<div class=\"wp-block-cover alignfull is-light has-custom-content-position is-position-bottom-center px-container d-flex d-lg-none\" style=\"min-height:80vh;aspect-ratio:unset;\"><span aria-hidden=\"true\" class=\"wp-block-cover__background has-background-dim-0 has-background-dim\"><\/span><img loading=\"lazy\" decoding=\"async\" width=\"860\" height=\"1518\" class=\"wp-block-cover__image-background wp-image-17793\" alt=\"\" src=\"https:\/\/renuar.com\/wp-content\/uploads\/2025\/12\/renuar-01.2026-jan-update-blue-horizons-mob-01@2x.jpg\" style=\"object-position:50% 20%\" data-object-fit=\"cover\" data-object-position=\"50% 20%\" srcset=\"https:\/\/renuar.com\/wp-content\/uploads\/2025\/12\/renuar-01.2026-jan-update-blue-horizons-mob-01@2x.jpg 860w, https:\/\/renuar.com\/wp-content\/uploads\/2025\/12\/renuar-01.2026-jan-update-blue-horizons-mob-01@2x-170x300.jpg 170w, https:\/\/renuar.com\/wp-content\/uploads\/2025\/12\/renuar-01.2026-jan-update-blue-horizons-mob-01@2x-580x1024.jpg 580w, https:\/\/renuar.com\/wp-content\/uploads\/2025\/12\/renuar-01.2026-jan-update-blue-horizons-mob-01@2x-768x1356.jpg 768w\" sizes=\"(max-width: 860px) 100vw, 860px\" \/><div class=\"wp-block-cover__inner-container is-layout-flow wp-block-cover-is-layout-flow\"><div class=\"gb-container gb-container-daead595 grid-container\">\n<div class=\"gb-grid-wrapper gb-grid-wrapper-8fe2bfbc\">\n<div class=\"gb-grid-column gb-grid-column-28a51eed\"><div class=\"gb-container gb-container-28a51eed\">\n\n<h1 class=\"gb-headline gb-headline-4ca615d1 gb-headline-text\">Nuances Bleues<\/h1>\n\n\n\n<h2 class=\"gb-headline gb-headline-5f2b7d8b gb-headline-text\">Des bleus frais, des blancs \u00e9clatants et des silhouettes faciles \u00e0 porter, pens\u00e9es pour les journ\u00e9es ensoleill\u00e9es et les escapades sans effort. Une s\u00e9lection raffin\u00e9e con\u00e7ue pour les destinations chaudes et les moments de d\u00e9tente.<\/h2>\n\n<\/div><\/div>\n<\/div>\n<\/div><\/div><\/div>\n\n\n<div class=\"gb-container gb-container-3ede9edf\">\n<div class=\"gb-grid-wrapper gb-grid-wrapper-8fccc25e\">\n<div class=\"gb-grid-column gb-grid-column-e675a229\"><div class=\"gb-container gb-container-e675a229\">\n<div class=\"gb-container gb-container-ac01cffb\">\n\n<figure class=\"gb-block-image gb-block-image-75956fa6\"><img loading=\"lazy\" decoding=\"async\" width=\"716\" height=\"426\" class=\"gb-image gb-image-75956fa6 d-none d-lg-block\" src=\"https:\/\/renuar.com\/wp-content\/uploads\/2026\/01\/Group-9513@2x.png\" alt=\"\" title=\"Group 9513@2x\" srcset=\"https:\/\/renuar.com\/wp-content\/uploads\/2026\/01\/Group-9513@2x.png 716w, https:\/\/renuar.com\/wp-content\/uploads\/2026\/01\/Group-9513@2x-300x178.png 300w\" sizes=\"(max-width: 716px) 100vw, 716px\" \/><\/figure>\n\n\n\n<figure class=\"gb-block-image gb-block-image-6551aa16\"><img loading=\"lazy\" decoding=\"async\" width=\"460\" height=\"174\" class=\"gb-image gb-image-6551aa16 d-block d-lg-none\" src=\"https:\/\/renuar.com\/wp-content\/uploads\/2026\/01\/Group-9525-4@2x.png\" alt=\"\" title=\"Group 9525-4@2x\" srcset=\"https:\/\/renuar.com\/wp-content\/uploads\/2026\/01\/Group-9525-4@2x.png 460w, https:\/\/renuar.com\/wp-content\/uploads\/2026\/01\/Group-9525-4@2x-300x113.png 300w\" sizes=\"(max-width: 460px) 100vw, 460px\" \/><\/figure>\n\n<\/div>\n\n<div class=\"gb-container gb-container-d126f40c\">\n\n<p class=\"gb-headline gb-headline-9591d453 gb-headline-text\">Une blouse f\u00e9minine en coton ray\u00e9, confectionn\u00e9e dans un tissu l\u00e9ger et respirant. Agr\u00e9ment\u00e9e d\u2019un n\u0153ud lat\u00e9ral, elle offre une allure fra\u00eeche et soign\u00e9e, \u00e0 la fois moderne et facile \u00e0 porter.<\/p>\n\n<\/div>\n<\/div><\/div>\n\n<div class=\"gb-grid-column gb-grid-column-27fa8ac2\"><div class=\"gb-container gb-container-27fa8ac2\">\n\n<figure class=\"gb-block-image gb-block-image-4844c0fa\"><img loading=\"lazy\" decoding=\"async\" width=\"1460\" height=\"2140\" class=\"gb-image gb-image-4844c0fa\" src=\"https:\/\/renuar.com\/wp-content\/uploads\/2025\/12\/renuar-01.2026-jan-update-blue-horizons-desktop-02@2x.jpg\" alt=\"\" title=\"renuar-01.2026-jan-update-blue-horizons-desktop-02@2x\" srcset=\"https:\/\/renuar.com\/wp-content\/uploads\/2025\/12\/renuar-01.2026-jan-update-blue-horizons-desktop-02@2x.jpg 1460w, https:\/\/renuar.com\/wp-content\/uploads\/2025\/12\/renuar-01.2026-jan-update-blue-horizons-desktop-02@2x-205x300.jpg 205w, https:\/\/renuar.com\/wp-content\/uploads\/2025\/12\/renuar-01.2026-jan-update-blue-horizons-desktop-02@2x-699x1024.jpg 699w, https:\/\/renuar.com\/wp-content\/uploads\/2025\/12\/renuar-01.2026-jan-update-blue-horizons-desktop-02@2x-768x1126.jpg 768w, https:\/\/renuar.com\/wp-content\/uploads\/2025\/12\/renuar-01.2026-jan-update-blue-horizons-desktop-02@2x-1048x1536.jpg 1048w, https:\/\/renuar.com\/wp-content\/uploads\/2025\/12\/renuar-01.2026-jan-update-blue-horizons-desktop-02@2x-1397x2048.jpg 1397w\" sizes=\"(max-width: 1460px) 100vw, 1460px\" \/><\/figure>\n\n<\/div><\/div>\n<\/div>\n<\/div>\n\n<div class=\"gb-container gb-container-5e3ac9e0\">\n<div class=\"gb-grid-wrapper gb-grid-wrapper-c8f624af\">\n<div class=\"gb-grid-column gb-grid-column-bc3c06c7\"><div class=\"gb-container gb-container-bc3c06c7\">\n\n<figure class=\"gb-block-image gb-block-image-255c3e02\"><img loading=\"lazy\" decoding=\"async\" width=\"1460\" height=\"2140\" class=\"gb-image gb-image-255c3e02\" src=\"https:\/\/renuar.com\/wp-content\/uploads\/2025\/12\/renuar-01.2026-jan-update-blue-horizons-desktop-03@2x.jpg\" alt=\"\" title=\"renuar-01.2026-jan-update-blue-horizons-desktop-03@2x\" srcset=\"https:\/\/renuar.com\/wp-content\/uploads\/2025\/12\/renuar-01.2026-jan-update-blue-horizons-desktop-03@2x.jpg 1460w, https:\/\/renuar.com\/wp-content\/uploads\/2025\/12\/renuar-01.2026-jan-update-blue-horizons-desktop-03@2x-205x300.jpg 205w, https:\/\/renuar.com\/wp-content\/uploads\/2025\/12\/renuar-01.2026-jan-update-blue-horizons-desktop-03@2x-699x1024.jpg 699w, https:\/\/renuar.com\/wp-content\/uploads\/2025\/12\/renuar-01.2026-jan-update-blue-horizons-desktop-03@2x-768x1126.jpg 768w, https:\/\/renuar.com\/wp-content\/uploads\/2025\/12\/renuar-01.2026-jan-update-blue-horizons-desktop-03@2x-1048x1536.jpg 1048w, https:\/\/renuar.com\/wp-content\/uploads\/2025\/12\/renuar-01.2026-jan-update-blue-horizons-desktop-03@2x-1397x2048.jpg 1397w\" sizes=\"(max-width: 1460px) 100vw, 1460px\" \/><\/figure>\n\n<\/div><\/div>\n\n<div class=\"gb-grid-column gb-grid-column-b0dbbbd7\"><div class=\"gb-container gb-container-b0dbbbd7\">\n<div class=\"gb-container gb-container-b5ec6eff\">\n\n<figure class=\"gb-block-image gb-block-image-4d106c0e\"><img loading=\"lazy\" decoding=\"async\" width=\"676\" height=\"426\" class=\"gb-image gb-image-4d106c0e d-none d-lg-block\" src=\"https:\/\/renuar.com\/wp-content\/uploads\/2026\/01\/Group-9514@2x.png\" alt=\"\" title=\"Group 9514@2x\" srcset=\"https:\/\/renuar.com\/wp-content\/uploads\/2026\/01\/Group-9514@2x.png 676w, https:\/\/renuar.com\/wp-content\/uploads\/2026\/01\/Group-9514@2x-300x189.png 300w\" sizes=\"(max-width: 676px) 100vw, 676px\" \/><\/figure>\n\n\n\n<figure class=\"gb-block-image gb-block-image-5b72a20d\"><img loading=\"lazy\" decoding=\"async\" width=\"550\" height=\"174\" class=\"gb-image gb-image-5b72a20d d-block d-lg-none\" src=\"https:\/\/renuar.com\/wp-content\/uploads\/2026\/01\/Group-9525-3@2x.png\" alt=\"\" title=\"Group 9525-3@2x\" srcset=\"https:\/\/renuar.com\/wp-content\/uploads\/2026\/01\/Group-9525-3@2x.png 550w, https:\/\/renuar.com\/wp-content\/uploads\/2026\/01\/Group-9525-3@2x-300x95.png 300w\" sizes=\"(max-width: 550px) 100vw, 550px\" \/><\/figure>\n\n<\/div>\n\n<div class=\"gb-container gb-container-c41e49a4\">\n\n<p class=\"gb-headline gb-headline-8db7df34 gb-headline-text\">Une robe tunique fluide aux tons bleu oc\u00e9an, rehauss\u00e9e d\u2019un imprim\u00e9 paisley intemporel. Con\u00e7ue pour le confort, la libert\u00e9 de mouvement et un style resort sans effort.<\/p>\n\n<\/div>\n<\/div><\/div>\n<\/div>\n<\/div>\n\n<div class=\"gb-container gb-container-23352bb7\">\n<div class=\"gb-grid-wrapper gb-grid-wrapper-6f4005d6\">\n<div class=\"gb-grid-column gb-grid-column-a5f33cf9\"><div class=\"gb-container gb-container-a5f33cf9\">\n<div class=\"gb-container gb-container-6f166c0e\">\n\n<figure class=\"gb-block-image gb-block-image-29dcd2a5\"><img loading=\"lazy\" decoding=\"async\" width=\"642\" height=\"446\" class=\"gb-image gb-image-29dcd2a5 d-none d-lg-block\" src=\"https:\/\/renuar.com\/wp-content\/uploads\/2026\/01\/Group-9513-1@2x.png\" alt=\"\" title=\"Group 9513-1@2x\" srcset=\"https:\/\/renuar.com\/wp-content\/uploads\/2026\/01\/Group-9513-1@2x.png 642w, https:\/\/renuar.com\/wp-content\/uploads\/2026\/01\/Group-9513-1@2x-300x208.png 300w\" sizes=\"(max-width: 642px) 100vw, 642px\" \/><\/figure>\n\n\n\n<figure class=\"gb-block-image gb-block-image-aa0c6970\"><img loading=\"lazy\" decoding=\"async\" width=\"566\" height=\"174\" class=\"gb-image gb-image-aa0c6970 d-block d-lg-none\" src=\"https:\/\/renuar.com\/wp-content\/uploads\/2026\/01\/Group-9525-2@2x.png\" alt=\"\" title=\"Group 9525-2@2x\" srcset=\"https:\/\/renuar.com\/wp-content\/uploads\/2026\/01\/Group-9525-2@2x.png 566w, https:\/\/renuar.com\/wp-content\/uploads\/2026\/01\/Group-9525-2@2x-300x92.png 300w\" sizes=\"(max-width: 566px) 100vw, 566px\" \/><\/figure>\n\n<\/div>\n\n<div class=\"gb-container gb-container-b94f12d6\">\n\n<p class=\"gb-headline gb-headline-237cabe6 gb-headline-text\">De d\u00e9licates appliques florales dans des nuances de bleu doux apportent une touche fra\u00eeche et f\u00e9minine aux tenues estivales. Facile \u00e0 porter et infiniment polyvalente<\/p>\n\n<\/div>\n<\/div><\/div>\n\n<div class=\"gb-grid-column gb-grid-column-feafb560\"><div class=\"gb-container gb-container-feafb560\">\n\n<figure class=\"gb-block-image gb-block-image-0c083ea8\"><img loading=\"lazy\" decoding=\"async\" width=\"1460\" height=\"2140\" class=\"gb-image gb-image-0c083ea8\" src=\"https:\/\/renuar.com\/wp-content\/uploads\/2025\/12\/renuar-01.2026-jan-update-blue-horizons-desktop-04@2x.jpg\" alt=\"\" title=\"renuar-01.2026-jan-update-blue-horizons-desktop-04@2x\" srcset=\"https:\/\/renuar.com\/wp-content\/uploads\/2025\/12\/renuar-01.2026-jan-update-blue-horizons-desktop-04@2x.jpg 1460w, https:\/\/renuar.com\/wp-content\/uploads\/2025\/12\/renuar-01.2026-jan-update-blue-horizons-desktop-04@2x-205x300.jpg 205w, https:\/\/renuar.com\/wp-content\/uploads\/2025\/12\/renuar-01.2026-jan-update-blue-horizons-desktop-04@2x-699x1024.jpg 699w, https:\/\/renuar.com\/wp-content\/uploads\/2025\/12\/renuar-01.2026-jan-update-blue-horizons-desktop-04@2x-768x1126.jpg 768w, https:\/\/renuar.com\/wp-content\/uploads\/2025\/12\/renuar-01.2026-jan-update-blue-horizons-desktop-04@2x-1048x1536.jpg 1048w, https:\/\/renuar.com\/wp-content\/uploads\/2025\/12\/renuar-01.2026-jan-update-blue-horizons-desktop-04@2x-1397x2048.jpg 1397w\" sizes=\"(max-width: 1460px) 100vw, 1460px\" \/><\/figure>\n\n<\/div><\/div>\n<\/div>\n<\/div>\n\n<div class=\"gb-container gb-container-5e3e47e8\">\n<div class=\"gb-grid-wrapper gb-grid-wrapper-7156bab2\">\n<div class=\"gb-grid-column gb-grid-column-d9e841f7\"><div class=\"gb-container gb-container-d9e841f7\">\n\n<figure class=\"gb-block-image gb-block-image-8f37baf7\"><img loading=\"lazy\" decoding=\"async\" width=\"1460\" height=\"2140\" class=\"gb-image gb-image-8f37baf7\" src=\"https:\/\/renuar.com\/wp-content\/uploads\/2025\/12\/renuar-01.2026-jan-update-blue-horizons-desktop-05@2x.jpg\" alt=\"\" title=\"renuar-01.2026-jan-update-blue-horizons-desktop-05@2x\" srcset=\"https:\/\/renuar.com\/wp-content\/uploads\/2025\/12\/renuar-01.2026-jan-update-blue-horizons-desktop-05@2x.jpg 1460w, https:\/\/renuar.com\/wp-content\/uploads\/2025\/12\/renuar-01.2026-jan-update-blue-horizons-desktop-05@2x-205x300.jpg 205w, https:\/\/renuar.com\/wp-content\/uploads\/2025\/12\/renuar-01.2026-jan-update-blue-horizons-desktop-05@2x-699x1024.jpg 699w, https:\/\/renuar.com\/wp-content\/uploads\/2025\/12\/renuar-01.2026-jan-update-blue-horizons-desktop-05@2x-768x1126.jpg 768w, https:\/\/renuar.com\/wp-content\/uploads\/2025\/12\/renuar-01.2026-jan-update-blue-horizons-desktop-05@2x-1048x1536.jpg 1048w, https:\/\/renuar.com\/wp-content\/uploads\/2025\/12\/renuar-01.2026-jan-update-blue-horizons-desktop-05@2x-1397x2048.jpg 1397w\" sizes=\"(max-width: 1460px) 100vw, 1460px\" \/><\/figure>\n\n<\/div><\/div>\n\n<div class=\"gb-grid-column gb-grid-column-4fabaada\"><div class=\"gb-container gb-container-4fabaada\">\n<div class=\"gb-container gb-container-d016ed94\">\n\n<figure class=\"gb-block-image gb-block-image-8c315277\"><img loading=\"lazy\" decoding=\"async\" width=\"756\" height=\"446\" class=\"gb-image gb-image-8c315277 d-none d-lg-block\" src=\"https:\/\/renuar.com\/wp-content\/uploads\/2026\/01\/Group-9514-1@2x.png\" alt=\"\" title=\"Group 9514-1@2x\" srcset=\"https:\/\/renuar.com\/wp-content\/uploads\/2026\/01\/Group-9514-1@2x.png 756w, https:\/\/renuar.com\/wp-content\/uploads\/2026\/01\/Group-9514-1@2x-300x177.png 300w\" sizes=\"(max-width: 756px) 100vw, 756px\" \/><\/figure>\n\n\n\n<figure class=\"gb-block-image gb-block-image-4a8bb561\"><img loading=\"lazy\" decoding=\"async\" width=\"568\" height=\"198\" class=\"gb-image gb-image-4a8bb561 d-block d-lg-none\" src=\"https:\/\/renuar.com\/wp-content\/uploads\/2026\/01\/Group-9525-1@2x.png\" alt=\"\" title=\"Group 9525-1@2x\" srcset=\"https:\/\/renuar.com\/wp-content\/uploads\/2026\/01\/Group-9525-1@2x.png 568w, https:\/\/renuar.com\/wp-content\/uploads\/2026\/01\/Group-9525-1@2x-300x105.png 300w\" sizes=\"(max-width: 568px) 100vw, 568px\" \/><\/figure>\n\n<\/div>\n\n<div class=\"gb-container gb-container-e0e3e758\">\n\n<p class=\"gb-headline gb-headline-80951a3a gb-headline-text\">Un short respirant en TENCEL\u2122, orn\u00e9 d\u2019un imprim\u00e9 mosa\u00efque inspir\u00e9 de l\u2019art grec et portugais. Pens\u00e9 pour la polyvalence, le confort et une allure estivale au quotidien.<\/p>\n\n<\/div>\n<\/div><\/div>\n<\/div>\n<\/div>\n\n<div class=\"gb-container gb-container-5c773acf\">\n<div class=\"gb-grid-wrapper gb-grid-wrapper-cb304849\">\n<div class=\"gb-grid-column gb-grid-column-e65bd208\"><div class=\"gb-container gb-container-e65bd208\">\n<div class=\"gb-container gb-container-1e7d48d5\">\n\n<figure class=\"gb-block-image gb-block-image-371f0eb3\"><img loading=\"lazy\" decoding=\"async\" width=\"594\" height=\"432\" class=\"gb-image gb-image-371f0eb3 d-none d-lg-block\" src=\"https:\/\/renuar.com\/wp-content\/uploads\/2026\/01\/Group-9513-2@2x.png\" alt=\"\" title=\"Group 9513-2@2x\" srcset=\"https:\/\/renuar.com\/wp-content\/uploads\/2026\/01\/Group-9513-2@2x.png 594w, https:\/\/renuar.com\/wp-content\/uploads\/2026\/01\/Group-9513-2@2x-300x218.png 300w\" sizes=\"(max-width: 594px) 100vw, 594px\" \/><\/figure>\n\n\n\n<figure class=\"gb-block-image gb-block-image-0ae2e8cf\"><img loading=\"lazy\" decoding=\"async\" width=\"438\" height=\"174\" class=\"gb-image gb-image-0ae2e8cf d-block d-lg-none\" src=\"https:\/\/renuar.com\/wp-content\/uploads\/2026\/01\/Group-9525@2x.png\" alt=\"\" title=\"Group 9525@2x\" srcset=\"https:\/\/renuar.com\/wp-content\/uploads\/2026\/01\/Group-9525@2x.png 438w, https:\/\/renuar.com\/wp-content\/uploads\/2026\/01\/Group-9525@2x-300x119.png 300w\" sizes=\"(max-width: 438px) 100vw, 438px\" \/><\/figure>\n\n<\/div>\n\n<div class=\"gb-container gb-container-fb09aa02\">\n\n<p class=\"gb-headline gb-headline-cd1edf42 gb-headline-text\">Une jupe midi en satin \u00e0 imprim\u00e9 floral d\u00e9licat, con\u00e7ue pour un tomb\u00e9 \u00e9l\u00e9gant et un mouvement naturel, id\u00e9ale pour des looks d\u00e9contract\u00e9s du jour au soir.<\/p>\n\n<\/div>\n<\/div><\/div>\n\n<div class=\"gb-grid-column gb-grid-column-d3814a15\"><div class=\"gb-container gb-container-d3814a15\">\n\n<figure class=\"gb-block-image gb-block-image-72b3f7e4\"><img loading=\"lazy\" decoding=\"async\" width=\"1460\" height=\"2140\" class=\"gb-image gb-image-72b3f7e4\" src=\"https:\/\/renuar.com\/wp-content\/uploads\/2025\/12\/renuar-01.2026-jan-update-blue-horizons-desktop-06@2x.jpg\" alt=\"\" title=\"renuar-01.2026-jan-update-blue-horizons-desktop-06@2x\" srcset=\"https:\/\/renuar.com\/wp-content\/uploads\/2025\/12\/renuar-01.2026-jan-update-blue-horizons-desktop-06@2x.jpg 1460w, https:\/\/renuar.com\/wp-content\/uploads\/2025\/12\/renuar-01.2026-jan-update-blue-horizons-desktop-06@2x-205x300.jpg 205w, https:\/\/renuar.com\/wp-content\/uploads\/2025\/12\/renuar-01.2026-jan-update-blue-horizons-desktop-06@2x-699x1024.jpg 699w, https:\/\/renuar.com\/wp-content\/uploads\/2025\/12\/renuar-01.2026-jan-update-blue-horizons-desktop-06@2x-768x1126.jpg 768w, https:\/\/renuar.com\/wp-content\/uploads\/2025\/12\/renuar-01.2026-jan-update-blue-horizons-desktop-06@2x-1048x1536.jpg 1048w, https:\/\/renuar.com\/wp-content\/uploads\/2025\/12\/renuar-01.2026-jan-update-blue-horizons-desktop-06@2x-1397x2048.jpg 1397w\" sizes=\"(max-width: 1460px) 100vw, 1460px\" \/><\/figure>\n\n<\/div><\/div>\n<\/div>\n<\/div>\n\n<div class=\"gb-container gb-container-827442b9\">\n<div class=\"gb-container gb-container-32fac326\">\n\n<h5 class=\"gb-headline gb-headline-8921307a gb-headline-text\">Donnez le ton \u00e0 votre prochaine escapade<\/h5>\n\n\n\n<p class=\"gb-headline gb-headline-df882eb1 gb-headline-text\">Trouvez votre style coup de c\u0153ur chez un d\u00e9taillant Renuar pr\u00e8s de chez vous.<\/p>\n\n<\/div>\n\n\n<a class=\"gb-button gb-button-3a99906b gb-button-text\" href=\"https:\/\/renuar.com\/fr\/trouver-un-detaillant\/\">Trouver un d\u00e9taillant<\/a>\n\n<\/div>","protected":false},"excerpt":{"rendered":"<p>Donnez le ton \u00e0 votre prochaine escapade Trouvez votre style coup de c\u0153ur chez un d\u00e9taillant Renuar pr\u00e8s de chez vous.<\/p>\n","protected":false},"author":1,"featured_media":17782,"parent":0,"menu_order":0,"comment_status":"closed","ping_status":"closed","template":"","meta":{"_acf_changed":false,"inline_featured_image":false,"footnotes":""},"class_list":["post-17780","page","type-page","status-publish","has-post-thumbnail"],"acf":[],"_links":{"self":[{"href":"https:\/\/renuar.com\/fr\/wp-json\/wp\/v2\/pages\/17780"}],"collection":[{"href":"https:\/\/renuar.com\/fr\/wp-json\/wp\/v2\/pages"}],"about":[{"href":"https:\/\/renuar.com\/fr\/wp-json\/wp\/v2\/types\/page"}],"author":[{"embeddable":true,"href":"https:\/\/renuar.com\/fr\/wp-json\/wp\/v2\/users\/1"}],"replies":[{"embeddable":true,"href":"https:\/\/renuar.com\/fr\/wp-json\/wp\/v2\/comments?post=17780"}],"version-history":[{"count":8,"href":"https:\/\/renuar.com\/fr\/wp-json\/wp\/v2\/pages\/17780\/revisions"}],"predecessor-version":[{"id":18331,"href":"https:\/\/renuar.com\/fr\/wp-json\/wp\/v2\/pages\/17780\/revisions\/18331"}],"wp:featuredmedia":[{"embeddable":true,"href":"https:\/\/renuar.com\/fr\/wp-json\/wp\/v2\/media\/17782"}],"wp:attachment":[{"href":"https:\/\/renuar.com\/fr\/wp-json\/wp\/v2\/media?parent=17780"}],"curies":[{"name":"wp","href":"https:\/\/api.w.org\/{rel}","templated":true}]}}