{"id":17283,"date":"2025-11-24T15:17:54","date_gmt":"2025-11-24T15:17:54","guid":{"rendered":"https:\/\/renuar.com\/?page_id=17283"},"modified":"2026-03-25T13:35:52","modified_gmt":"2026-03-25T13:35:52","slug":"spring-2026","status":"publish","type":"page","link":"https:\/\/renuar.com\/fr\/","title":{"rendered":"Accueil 2026"},"content":{"rendered":"\n<div class=\"wp-block-cover alignfull is-light has-custom-content-position is-position-center-left px-container d-none d-lg-flex\" style=\"min-height:100vh;aspect-ratio:unset;\"><span aria-hidden=\"true\" class=\"wp-block-cover__background has-background-dim-0 has-background-dim\" style=\"background-color:#f4f1ec\"><\/span><img loading=\"lazy\" decoding=\"async\" width=\"2560\" height=\"1261\" class=\"wp-block-cover__image-background wp-image-18634\" alt=\"\" src=\"https:\/\/renuar.com\/wp-content\/uploads\/2026\/03\/April-14-Launch-Welcome-Denim-Desktop-1-scaled.jpg\" data-object-fit=\"cover\" srcset=\"https:\/\/renuar.com\/wp-content\/uploads\/2026\/03\/April-14-Launch-Welcome-Denim-Desktop-1-scaled.jpg 2560w, https:\/\/renuar.com\/wp-content\/uploads\/2026\/03\/April-14-Launch-Welcome-Denim-Desktop-1-300x148.jpg 300w, https:\/\/renuar.com\/wp-content\/uploads\/2026\/03\/April-14-Launch-Welcome-Denim-Desktop-1-1024x505.jpg 1024w, https:\/\/renuar.com\/wp-content\/uploads\/2026\/03\/April-14-Launch-Welcome-Denim-Desktop-1-768x378.jpg 768w, https:\/\/renuar.com\/wp-content\/uploads\/2026\/03\/April-14-Launch-Welcome-Denim-Desktop-1-1536x757.jpg 1536w, https:\/\/renuar.com\/wp-content\/uploads\/2026\/03\/April-14-Launch-Welcome-Denim-Desktop-1-2048x1009.jpg 2048w\" sizes=\"(max-width: 2560px) 100vw, 2560px\" \/><div class=\"wp-block-cover__inner-container is-layout-flow wp-block-cover-is-layout-flow\"><div class=\"gb-container gb-container-5ceec0e1 grid-container\">\n<div class=\"gb-grid-wrapper gb-grid-wrapper-58bb1021\">\n<div class=\"gb-grid-column gb-grid-column-9bf29b75\"><div class=\"gb-container gb-container-9bf29b75\">\n\n<h1 class=\"gb-headline gb-headline-e0b45c9a gb-headline-text\">Un vent de fra\u00eecheur<\/h1>\n\n\n\n<h2 class=\"gb-headline gb-headline-d23d994c gb-headline-text\">L\u00e9g\u00e8re et empreinte de renouveau, la collection printemps-\u00e9t\u00e9 2026 mise sur des tissus respirants, des silhouettes d\u00e9contract\u00e9es et des d\u00e9tails soign\u00e9s, pens\u00e9s pour le quotidien. Les rayures intemporelles se r\u00e9inventent avec une touche moderne, au c\u0153ur d\u2019essentiels faciles \u00e0 porter.<\/h2>\n\n\n<div class=\"gb-container gb-container-933a1792\">\n\n<a class=\"gb-button gb-button-eb43c393 gb-button-text\" href=\"https:\/\/renuar.com\/fr\/printemps-ete-2026\/\">D\u00e9couvrez notre lookbook<\/a>\n\n<\/div>\n<\/div><\/div>\n<\/div>\n<\/div><\/div><\/div>\n\n\n\n<div class=\"wp-block-cover alignfull is-light has-custom-content-position is-position-bottom-center px-container d-flex d-lg-none\" style=\"min-height:1003px;aspect-ratio:unset;\"><span aria-hidden=\"true\" class=\"wp-block-cover__background has-background-dim-0 has-background-dim\"><\/span><img loading=\"lazy\" decoding=\"async\" width=\"860\" height=\"1518\" class=\"wp-block-cover__image-background wp-image-18675\" alt=\"\" src=\"https:\/\/renuar.com\/wp-content\/uploads\/2026\/03\/April-14-Launch-Welcome-Denim-Mobile-01-2.jpg\" data-object-fit=\"cover\" srcset=\"https:\/\/renuar.com\/wp-content\/uploads\/2026\/03\/April-14-Launch-Welcome-Denim-Mobile-01-2.jpg 860w, https:\/\/renuar.com\/wp-content\/uploads\/2026\/03\/April-14-Launch-Welcome-Denim-Mobile-01-2-170x300.jpg 170w, https:\/\/renuar.com\/wp-content\/uploads\/2026\/03\/April-14-Launch-Welcome-Denim-Mobile-01-2-580x1024.jpg 580w, https:\/\/renuar.com\/wp-content\/uploads\/2026\/03\/April-14-Launch-Welcome-Denim-Mobile-01-2-768x1356.jpg 768w\" sizes=\"(max-width: 860px) 100vw, 860px\" \/><div class=\"wp-block-cover__inner-container is-layout-flow wp-block-cover-is-layout-flow\"><div class=\"gb-container gb-container-daead595 grid-container\">\n<div class=\"gb-grid-wrapper gb-grid-wrapper-8fe2bfbc\">\n<div class=\"gb-grid-column gb-grid-column-28a51eed\"><div class=\"gb-container gb-container-28a51eed\">\n\n<h1 class=\"gb-headline gb-headline-c3ebce4a gb-headline-text\">Un vent de fra\u00eecheur<\/h1>\n\n\n\n<h2 class=\"gb-headline gb-headline-8cc015bb gb-headline-text\">L\u00e9g\u00e8re et empreinte de renouveau, la collection printemps-\u00e9t\u00e9 2026 mise sur des tissus respirants, des silhouettes d\u00e9contract\u00e9es et des d\u00e9tails soign\u00e9s, pens\u00e9s pour le quotidien. Les rayures intemporelles se r\u00e9inventent avec une touche moderne, au c\u0153ur d\u2019essentiels faciles \u00e0 porter.<\/h2>\n\n\n<div class=\"gb-container gb-container-a8a9d7b6\">\n\n<a class=\"gb-button gb-button-7cbeb781 gb-button-text\" href=\"https:\/\/renuar.com\/fr\/printemps-ete-2026\/\">D\u00e9couvrez notre lookbook<\/a>\n\n<\/div>\n<\/div><\/div>\n<\/div>\n<\/div><\/div><\/div>\n\n\n<div class=\"gb-container gb-container-893342ec\">\n\n<h4 class=\"gb-headline gb-headline-44dda11f gb-headline-text\">Nouveaux styles chez nos d\u00e9taillants<\/h4>\n\n\n\n<p class=\"gb-headline gb-headline-24a2ca61 gb-headline-text\">D\u00e9couvrez des superpositions l\u00e9g\u00e8res et des pi\u00e8ces polyvalentes, d\u00e9sormais offerts chez les d\u00e9taillants Renuar.<\/p>\n\n<\/div>\n\n<div class=\"gb-container gb-container-8441b0d4\">\n<div class=\"block-carousel\">\n            <div class=\"carousel-category\">\n            <img decoding=\"async\" src=\"https:\/\/renuar.com\/wp-content\/uploads\/2026\/03\/R4368-E3088-SCARLET-1-656x988.jpg\" alt=\"\">\n            <div class=\"carousel-content\">\n                <h5>R4368 | ROBE SEERSUCKER<\/h5>\n            <\/div>\n        <\/div>\n            <div class=\"carousel-category\">\n            <img decoding=\"async\" src=\"https:\/\/renuar.com\/wp-content\/uploads\/2026\/03\/R5247-465-SORBET-COMBO-1-656x988.jpg\" alt=\"\">\n            <div class=\"carousel-content\">\n                <h5>R5247 | BLOUSE \u00c0 MOTIF DES FLEURS<\/h5>\n            <\/div>\n        <\/div>\n            <div class=\"carousel-category\">\n            <img decoding=\"async\" src=\"https:\/\/renuar.com\/wp-content\/uploads\/2026\/03\/R6979-4489-ORANGE-1-656x988.jpg\" alt=\"\">\n            <div class=\"carousel-content\">\n                <h5>R6979 | TRICOT ORANGE<\/h5>\n            <\/div>\n        <\/div>\n            <div class=\"carousel-category\">\n            <img decoding=\"async\" src=\"https:\/\/renuar.com\/wp-content\/uploads\/2026\/02\/04-cat-ban-set@2x.jpg\" alt=\"\">\n            <div class=\"carousel-content\">\n                <h5>R3944 ET R11059 | SET EN DENIM<\/h5>\n            <\/div>\n        <\/div>\n            <div class=\"carousel-category\">\n            <img decoding=\"async\" src=\"https:\/\/renuar.com\/wp-content\/uploads\/2026\/03\/R3938HL-E3079-NEON-CORAL-6-656x988.jpg\" alt=\"\">\n            <div class=\"carousel-content\">\n                <h5> R3938HL | VESTE \u00c0 CARREAUX<\/h5>\n            <\/div>\n        <\/div>\n            <div class=\"carousel-category\">\n            <img decoding=\"async\" src=\"https:\/\/renuar.com\/wp-content\/uploads\/2026\/02\/R3942L-E3050-CASHEW-FULL-BODY-1-656x988.jpg\" alt=\"\">\n            <div class=\"carousel-content\">\n                <h5>R3942L | TRENCH-COAT<\/h5>\n            <\/div>\n        <\/div>\n            <div class=\"carousel-category\">\n            <img decoding=\"async\" src=\"https:\/\/renuar.com\/wp-content\/uploads\/2026\/03\/R11043D-E2150-CREME-FULL-BODY-656x988.jpg\" alt=\"\">\n            <div class=\"carousel-content\">\n                <h5>R11043D | PANTALONS \u00c9VAS\u00c9 COURT<\/h5>\n            <\/div>\n        <\/div>\n            <div class=\"carousel-category\">\n            <img decoding=\"async\" src=\"https:\/\/renuar.com\/wp-content\/uploads\/2026\/03\/R8131-E3079-NEON-CORAL-FULL-BODY-656x988.jpg\" alt=\"\">\n            <div class=\"carousel-content\">\n                <h5>R8131 | PANTALONS GAUCHO<\/h5>\n            <\/div>\n        <\/div>\n            <div class=\"carousel-category\">\n            <img decoding=\"async\" src=\"https:\/\/renuar.com\/wp-content\/uploads\/2026\/03\/R2549L-E3082-DESERT-COMBO-FULL-BODY-656x988.jpg\" alt=\"\">\n            <div class=\"carousel-content\">\n                <h5>R2549L | JUPE \u00c0 MOTIF DES FLEURS<\/h5>\n            <\/div>\n        <\/div>\n    <\/div>\n\n<\/div>\n\n<div class=\"gb-container gb-container-a1d839bd\">\n<div class=\"gb-grid-wrapper gb-grid-wrapper-a0e2aff7\">\n<div class=\"gb-grid-column gb-grid-column-a9b3f48e\"><div class=\"gb-container gb-container-a9b3f48e d-none d-md-flex\">\n<div class=\"gb-container gb-container-406e998a\">\n\n<h2 class=\"gb-headline gb-headline-53c5b398 gb-headline-text text-shadow\">Semaine de rel\u00e2che<\/h2>\n\n\n\n<p class=\"gb-headline gb-headline-e17f7eba gb-headline-text text-shadow\">Une s\u00e9lection pens\u00e9e pour les escapades par temps chaud. Des silhouettes d\u00e9contract\u00e9es et des pi\u00e8ces polyvalentes con\u00e7ues pour vous accompagner, du jour jusqu\u2019aux soir\u00e9es au bord de l\u2019eau.<\/p>\n\n\n\n<a class=\"gb-button gb-button-119431f5 gb-button-text\" href=\"https:\/\/renuar.com\/fr\/essentiels-de-la-semaine-de-relache\/\">Explorez<\/a>\n\n<\/div>\n<\/div><\/div>\n\n<div class=\"gb-grid-column gb-grid-column-5c97e4fd\"><div class=\"gb-container gb-container-5c97e4fd d-none d-md-flex\">\n<div class=\"gb-container gb-container-1eee0d5e\">\n\n<h2 class=\"gb-headline gb-headline-b426b5ff gb-headline-text text-shadow\">Tricots pour le printemps<\/h2>\n\n\n\n<p class=\"gb-headline gb-headline-ecd1cfeb gb-headline-text\">Des textures douces et des superpositions respirantes d\u00e9finissent des silhouettes faciles \u00e0 porter, pens\u00e9es pour le confort au quotidien. Des tricots con\u00e7us pour accompagner vos mouvements, du matin jusqu\u2019aux sorties d\u00e9contract\u00e9es.<\/p>\n\n\n\n<a class=\"gb-button gb-button-3af45a17 gb-button-text\" href=\"https:\/\/renuar.com\/fr\/tricots-pour-le-printemps\/\">Lire le blog<\/a>\n\n<\/div>\n<\/div><\/div>\n<\/div>\n\n<div class=\"gb-grid-wrapper gb-grid-wrapper-7b15edf0\">\n<div class=\"gb-grid-column gb-grid-column-c31ea0f5\"><div class=\"gb-container gb-container-c31ea0f5 d-block d-md-none\">\n<div class=\"gb-container gb-container-94eb7268\">\n\n<h2 class=\"gb-headline gb-headline-b93cac03 gb-headline-text text-shadow\">Semaine de rel\u00e2che<\/h2>\n\n\n\n<p class=\"gb-headline gb-headline-cb7b2913 gb-headline-text\">Une s\u00e9lection pens\u00e9e pour les escapades par temps chaud. Des silhouettes d\u00e9contract\u00e9es et des pi\u00e8ces polyvalentes con\u00e7ues pour vous accompagner, du jour jusqu\u2019aux soir\u00e9es au bord de l\u2019eau.<\/p>\n\n\n\n<a class=\"gb-button gb-button-eae58956 gb-button-text\" href=\"https:\/\/renuar.com\/fr\/essentiels-de-la-semaine-de-relache\/\">Explorez<\/a>\n\n<\/div>\n<\/div><\/div>\n\n<div class=\"gb-grid-column gb-grid-column-523561c3\"><div class=\"gb-container gb-container-523561c3 d-block d-md-none\">\n<div class=\"gb-container gb-container-1998e54e\">\n\n<h2 class=\"gb-headline gb-headline-5d1054ce gb-headline-text text-shadow\">Tricots pour le printemps<\/h2>\n\n\n\n<p class=\"gb-headline gb-headline-0a331ecc gb-headline-text\">Des textures douces et des superpositions respirantes d\u00e9finissent des silhouettes faciles \u00e0 porter, pens\u00e9es pour le confort au quotidien. Des tricots con\u00e7us pour accompagner vos mouvements, du matin jusqu\u2019aux sorties d\u00e9contract\u00e9es.<\/p>\n\n\n\n<a class=\"gb-button gb-button-c8dcebdc gb-button-text\" href=\"https:\/\/renuar.com\/fr\/tricots-pour-le-printemps\/\">Lire le blog<\/a>\n\n<\/div>\n<\/div><\/div>\n<\/div>\n<\/div>\n\n<div class=\"gb-container gb-container-2a0b4b60\">\n\n<h4 class=\"gb-headline gb-headline-f4195182 gb-headline-text\">Un partenariat qui a du sens<\/h4>\n\n\n\n<p class=\"gb-headline gb-headline-1db6dc8b gb-headline-text\">Faites cro\u00eetre votre entreprise gr\u00e2ce \u00e0 des collections tendance, des insights retail et un accompagnement d\u00e9di\u00e9, adapt\u00e9s aux besoins de votre boutique.<\/p>\n\n<\/div>\n\n<div class=\"gb-container gb-container-30eada5f\">\n<div class=\"gb-grid-wrapper gb-grid-wrapper-5de8d6ae\">\n<div class=\"gb-grid-column gb-grid-column-a626ff87\"><div class=\"gb-container gb-container-a626ff87\">\n<div class=\"gb-container gb-container-f759ee21\">\n\n<h2 class=\"gb-headline gb-headline-810b2851 gb-headline-text text-shadow\">Ce qu&rsquo;elles aimenet<\/h2>\n\n\n\n<p class=\"gb-headline gb-headline-01a8f9bf gb-headline-text\">De la qualit\u00e9 des tissus \u00e0 la coupe flatteuse, d\u00e9couvrez pourquoi les clientes font confiance \u00e0 Renuar pour le confort, l\u2019assurance et le style au quotidien.<\/p>\n\n\n\n<a class=\"gb-button gb-button-3ba28040 gb-button-text\" href=\"https:\/\/renuar.com\/fr\/pour-quoi-elles-aiment-renuar\/\">Lire les avis clients v\u00e9rifi\u00e9s<\/a>\n\n<\/div>\n<\/div><\/div>\n\n<div class=\"gb-grid-column gb-grid-column-52fdb898\"><div class=\"gb-container gb-container-52fdb898\">\n<div class=\"gb-container gb-container-a3eb7fea\">\n\n<h2 class=\"gb-headline gb-headline-ce3c522a gb-headline-text text-shadow\">L\u2019allure Renuar<\/h2>\n\n\n\n<p class=\"gb-headline gb-headline-9f9c614e gb-headline-text\">Offrez \u00e0 vos clientes le style signature de Renuar. Devenez un partenaire de vente et int\u00e9grez \u00e0 votre boutique des collections f\u00e9minines, actuelles et de qualit\u00e9 sup\u00e9rieure.<\/p>\n\n\n\n<a class=\"gb-button gb-button-545bf300 gb-button-text\" href=\"https:\/\/renuar.com\/fr\/devenir-partenaire\/\">Devenez partenaire Renuar<\/a>\n\n<\/div>\n<\/div><\/div>\n<\/div>\n<\/div>\n\n\n<p><\/p>\n","protected":false},"excerpt":{"rendered":"<p>Nouveaux styles chez nos d\u00e9taillants D\u00e9couvrez des superpositions l\u00e9g\u00e8res et des pi\u00e8ces polyvalentes, d\u00e9sormais offerts chez les d\u00e9taillants Renuar. Un partenariat qui a du sens Faites cro\u00eetre votre entreprise gr\u00e2ce \u00e0 des collections tendance, des insights retail et un accompagnement d\u00e9di\u00e9, adapt\u00e9s aux besoins de votre boutique.<\/p>\n","protected":false},"author":1,"featured_media":18382,"parent":0,"menu_order":0,"comment_status":"closed","ping_status":"closed","template":"","meta":{"_acf_changed":false,"inline_featured_image":false,"footnotes":""},"class_list":["post-17283","page","type-page","status-publish","has-post-thumbnail"],"acf":[],"_links":{"self":[{"href":"https:\/\/renuar.com\/fr\/wp-json\/wp\/v2\/pages\/17283"}],"collection":[{"href":"https:\/\/renuar.com\/fr\/wp-json\/wp\/v2\/pages"}],"about":[{"href":"https:\/\/renuar.com\/fr\/wp-json\/wp\/v2\/types\/page"}],"author":[{"embeddable":true,"href":"https:\/\/renuar.com\/fr\/wp-json\/wp\/v2\/users\/1"}],"replies":[{"embeddable":true,"href":"https:\/\/renuar.com\/fr\/wp-json\/wp\/v2\/comments?post=17283"}],"version-history":[{"count":50,"href":"https:\/\/renuar.com\/fr\/wp-json\/wp\/v2\/pages\/17283\/revisions"}],"predecessor-version":[{"id":18716,"href":"https:\/\/renuar.com\/fr\/wp-json\/wp\/v2\/pages\/17283\/revisions\/18716"}],"wp:featuredmedia":[{"embeddable":true,"href":"https:\/\/renuar.com\/fr\/wp-json\/wp\/v2\/media\/18382"}],"wp:attachment":[{"href":"https:\/\/renuar.com\/fr\/wp-json\/wp\/v2\/media?parent=17283"}],"curies":[{"name":"wp","href":"https:\/\/api.w.org\/{rel}","templated":true}]}}