{"id":16348,"date":"2025-07-31T21:02:36","date_gmt":"2025-07-31T21:02:36","guid":{"rendered":"https:\/\/renuar.com\/?page_id=16348"},"modified":"2025-12-29T16:39:40","modified_gmt":"2025-12-29T16:39:40","slug":"devenir-partenaire","status":"publish","type":"page","link":"https:\/\/renuar.com\/fr\/devenir-partenaire\/","title":{"rendered":"Devenir partenaire Renuar"},"content":{"rendered":"<div class=\"gb-container gb-container-fb3d6e1d mx-auto alignfull\">\n<div class=\"gb-grid-wrapper gb-grid-wrapper-c8a19cdd w-full\">\n<div class=\"gb-grid-column gb-grid-column-f96ef52c\"><div class=\"gb-container gb-container-f96ef52c d-none d-md-block\">\n\n<div class=\"wp-block-cover is-light px-container h-full\" style=\"font-style:normal;font-weight:400\"><span aria-hidden=\"true\" class=\"wp-block-cover__background has-background-dim-10 has-background-dim\" style=\"background-color:#a7a190\"><\/span><img loading=\"lazy\" decoding=\"async\" width=\"1186\" height=\"1700\" class=\"wp-block-cover__image-background wp-image-17772\" alt=\"\" src=\"https:\/\/renuar.com\/wp-content\/uploads\/2025\/12\/renuar-01.2026-jan-update-partner-desktop@2x.jpg\" data-object-fit=\"cover\" srcset=\"https:\/\/renuar.com\/wp-content\/uploads\/2025\/12\/renuar-01.2026-jan-update-partner-desktop@2x.jpg 1186w, https:\/\/renuar.com\/wp-content\/uploads\/2025\/12\/renuar-01.2026-jan-update-partner-desktop@2x-209x300.jpg 209w, https:\/\/renuar.com\/wp-content\/uploads\/2025\/12\/renuar-01.2026-jan-update-partner-desktop@2x-714x1024.jpg 714w, https:\/\/renuar.com\/wp-content\/uploads\/2025\/12\/renuar-01.2026-jan-update-partner-desktop@2x-768x1101.jpg 768w, https:\/\/renuar.com\/wp-content\/uploads\/2025\/12\/renuar-01.2026-jan-update-partner-desktop@2x-1072x1536.jpg 1072w\" sizes=\"(max-width: 1186px) 100vw, 1186px\" \/><div class=\"wp-block-cover__inner-container is-layout-flow wp-block-cover-is-layout-flow\">\n<p class=\"has-text-align-center has-large-font-size\"><\/p>\n<\/div><\/div>\n\n<\/div><\/div>\n\n<div class=\"gb-grid-column gb-grid-column-59ad55be\"><div class=\"gb-container gb-container-59ad55be\">\n\n<h1 class=\"gb-headline gb-headline-758b4e9f gb-headline-text\">Devenir partenaire de RENUAR<\/h1>\n\n\n\n<p class=\"gb-headline gb-headline-3dfcba19 gb-headline-text\">Vous souhaitez proposer Renuar dans votre magasin de d\u00e9tail ? Contactez notre \u00e9quipe de vente en gros d\u00e8s aujourd&rsquo;hui. Explorez nos collections \u00e0 la mode et attirez plus de clients avec les offres \u00e9l\u00e9gantes de Renuar.<\/p>\n\n\n<div class=\"frm_forms w-full new-inquiries \" id=\"frm_form_4_container\" data-token=\"fe0fd3ca02863718d740d2790547706f\">\n<form enctype=\"multipart\/form-data\" method=\"post\" class=\"frm-show-form  frm_pro_form \" id=\"form_new-inquiries2\" data-token=\"fe0fd3ca02863718d740d2790547706f\">\n<div class=\"frm_form_fields \">\n<fieldset>\n<legend class=\"frm_screen_reader\">New Inquiries FR<\/legend>\r\n\r\n<div class=\"frm_fields_container\">\n<input type=\"hidden\" name=\"frm_action\" value=\"create\" \/>\n<input type=\"hidden\" name=\"form_id\" value=\"4\" \/>\n<input type=\"hidden\" name=\"frm_hide_fields_4\" id=\"frm_hide_fields_4\" value=\"\" \/>\n<input type=\"hidden\" name=\"form_key\" value=\"new-inquiries2\" \/>\n<input type=\"hidden\" name=\"item_meta[0]\" value=\"\" \/>\n<input type=\"hidden\" id=\"frm_submit_entry_4\" name=\"frm_submit_entry_4\" value=\"59a3f45ead\" \/><input type=\"hidden\" name=\"_wp_http_referer\" value=\"\/fr\/wp-json\/wp\/v2\/pages\/16348\" \/><div id=\"frm_field_27_container\" class=\"frm_form_field form-field  frm_required_field frm_none_container frm3 frm_first\">\r\n    <label for=\"field_ondgg2\" id=\"field_ondgg2_label\" class=\"frm_primary_label\">First Name\r\n        <span class=\"frm_required\" aria-hidden=\"true\">*<\/span>\r\n    <\/label>\r\n    <input  type=\"text\" id=\"field_ondgg2\" name=\"item_meta[27]\" value=\"\"  placeholder=\"Nom et Pr\u00e9nom *\" data-reqmsg=\"First Name cannot be blank.\" aria-required=\"true\" data-invmsg=\"First Name is invalid\" aria-invalid=\"false\"   \/>\r\n    \r\n    \r\n<\/div>\n<div id=\"frm_field_28_container\" class=\"frm_form_field form-field  frm_required_field frm_none_container frm3\">\r\n    <label for=\"field_qe47f2\" id=\"field_qe47f2_label\" class=\"frm_primary_label\">Last Name\r\n        <span class=\"frm_required\" aria-hidden=\"true\">*<\/span>\r\n    <\/label>\r\n    <input  type=\"text\" id=\"field_qe47f2\" name=\"item_meta[28]\" value=\"\"  placeholder=\"Nom du magasin *\" data-reqmsg=\"Last Name cannot be blank.\" aria-required=\"true\" data-invmsg=\"Last Name is invalid\" aria-invalid=\"false\"   \/>\r\n    \r\n    \r\n<\/div>\n<div id=\"frm_field_32_container\" class=\"frm_form_field form-field  frm_required_field frm_none_container frm3\">\r\n    <label for=\"field_587wd2\" id=\"field_587wd2_label\" class=\"frm_primary_label\">Email\r\n        <span class=\"frm_required\" aria-hidden=\"true\">*<\/span>\r\n    <\/label>\r\n    <input type=\"email\" id=\"field_587wd2\" name=\"item_meta[32]\" value=\"\"  autocomplete=\"email\"  placeholder=\"Courriel *\" data-reqmsg=\"Email cannot be blank.\" aria-required=\"true\" data-invmsg=\"Email is invalid\" aria-invalid=\"false\"  \/>\r\n    \r\n    \r\n<\/div>\n<div id=\"frm_field_29_container\" class=\"frm_form_field form-field  frm_required_field frm_none_container frm3\">\r\n    <label for=\"field_rbdg\" id=\"field_rbdg_label\" class=\"frm_primary_label\">Phone Number\r\n        <span class=\"frm_required\" aria-hidden=\"true\">*<\/span>\r\n    <\/label>\r\n    <input type=\"tel\" id=\"field_rbdg\" name=\"item_meta[29]\" value=\"\"  placeholder=\"Num\u00e9ro de t\u00e9l\u00e9phone *\" data-reqmsg=\"Phone Number cannot be blank.\" aria-required=\"true\" data-invmsg=\"Phone Number is invalid\" aria-invalid=\"false\" pattern=\"((\\+\\d{1,3}(-|.| )?\\(?\\d\\)?(-| |.)?\\d{1,5})|(\\(?\\d{2,6}\\)?))(-|.| )?(\\d{3,4})(-|.| )?(\\d{4})(( x| ext)\\d{1,5}){0,1}$\"  \/>\r\n    \r\n    \r\n<\/div>\n<div id=\"frm_field_31_container\" class=\"frm_form_field form-field  frm_required_field frm_none_container frm3 frm_first\">\r\n    <label for=\"field_iwhmr2\" id=\"field_iwhmr2_label\" class=\"frm_primary_label\">Business Address\r\n        <span class=\"frm_required\" aria-hidden=\"true\">*<\/span>\r\n    <\/label>\r\n    <input  type=\"text\" id=\"field_iwhmr2\" name=\"item_meta[31]\" value=\"\"  placeholder=\"Adresse de l&#039;entreprise *\" data-reqmsg=\"Business Address cannot be blank.\" aria-required=\"true\" data-invmsg=\"Business Address is invalid\" aria-invalid=\"false\"   \/>\r\n    \r\n    \r\n<\/div>\n<div id=\"frm_field_56_container\" class=\"frm_form_field form-field  frm_required_field frm_none_container frm3\">\r\n    <label for=\"field_ajbk9\" id=\"field_ajbk9_label\" class=\"frm_primary_label\">Ville\r\n        <span class=\"frm_required\" aria-hidden=\"true\"><\/span>\r\n    <\/label>\r\n    <input  type=\"text\" id=\"field_ajbk9\" name=\"item_meta[56]\" value=\"\"  placeholder=\"Ville*\" data-reqmsg=\"Ville cannot be blank.\" aria-required=\"true\" data-invmsg=\"Ville is invalid\" aria-invalid=\"false\"   \/>\r\n    \r\n    \r\n<\/div>\n<div id=\"frm_field_50_container\" class=\"frm_form_field form-field  frm_none_container frm3\">\r\n    <label for=\"field_mkizr\" id=\"field_mkizr_label\" class=\"frm_primary_label\">Province\r\n        <span class=\"frm_required\" aria-hidden=\"true\"><\/span>\r\n    <\/label>\r\n    <div class=\"frm_input_group frm_with_box frm_with_pre\"><span class=\"frm_inline_box\">Province<\/span>\t\t<select name=\"item_meta[50]\" id=\"field_mkizr\"  data-invmsg=\"Province est non valide\" aria-invalid=\"false\"  >\n\t\t<option  value=\"\" selected='selected'> <\/option><option  value=\"Alabama\">Alabama<\/option><option  value=\"Alaska\">Alaska<\/option><option  value=\"Arizona\">Arizona<\/option><option  value=\"Arkansas\">Arkansas<\/option><option  value=\"California\">California<\/option><option  value=\"Colorado\">Colorado<\/option><option  value=\"Connecticut\">Connecticut<\/option><option  value=\"Delaware\">Delaware<\/option><option  value=\"District of Columbia\">District of Columbia<\/option><option  value=\"Florida\">Florida<\/option><option  value=\"Georgia\">Georgia<\/option><option  value=\"Hawaii\">Hawaii<\/option><option  value=\"Idaho\">Idaho<\/option><option  value=\"Illinois\">Illinois<\/option><option  value=\"Indiana\">Indiana<\/option><option  value=\"Iowa\">Iowa<\/option><option  value=\"Kansas\">Kansas<\/option><option  value=\"Kentucky\">Kentucky<\/option><option  value=\"Louisiana\">Louisiana<\/option><option  value=\"Maine\">Maine<\/option><option  value=\"Maryland\">Maryland<\/option><option  value=\"Massachusetts\">Massachusetts<\/option><option  value=\"Michigan\">Michigan<\/option><option  value=\"Minnesota\">Minnesota<\/option><option  value=\"Mississippi\">Mississippi<\/option><option  value=\"Missouri\">Missouri<\/option><option  value=\"Montana\">Montana<\/option><option  value=\"Nebraska\">Nebraska<\/option><option  value=\"Nevada\">Nevada<\/option><option  value=\"New Hampshire\">New Hampshire<\/option><option  value=\"New Jersey\">New Jersey<\/option><option  value=\"New Mexico\">New Mexico<\/option><option  value=\"New York\">New York<\/option><option  value=\"North Carolina\">North Carolina<\/option><option  value=\"North Dakota\">North Dakota<\/option><option  value=\"Ohio\">Ohio<\/option><option  value=\"Oklahoma\">Oklahoma<\/option><option  value=\"Oregon\">Oregon<\/option><option  value=\"Pennsylvania\">Pennsylvania<\/option><option  value=\"Rhode Island\">Rhode Island<\/option><option  value=\"South Carolina\">South Carolina<\/option><option  value=\"South Dakota\">South Dakota<\/option><option  value=\"Tennessee\">Tennessee<\/option><option  value=\"Texas\">Texas<\/option><option  value=\"Utah\">Utah<\/option><option  value=\"Vermont\">Vermont<\/option><option  value=\"Virginia\">Virginia<\/option><option  value=\"Washington\">Washington<\/option><option  value=\"West Virginia\">West Virginia<\/option><option  value=\"Wisconsin\">Wisconsin<\/option><option  value=\"Wyoming\">Wyoming<\/option><option  value=\"\" selected='selected'> <\/option><option  value=\"Alberta\">Alberta<\/option><option  value=\"British Columbia\">British Columbia<\/option><option  value=\"Manitoba\">Manitoba<\/option><option  value=\"Newfoundland and Labrador\">Newfoundland and Labrador<\/option><option  value=\"Northwest Territories\">Northwest Territories<\/option><option  value=\"Nova Scotia\">Nova Scotia<\/option><option  value=\"Nunavut\">Nunavut<\/option><option  value=\"Ontario\">Ontario<\/option><option  value=\"Prince Edward Island\">Prince Edward Island<\/option><option  value=\"Quebec\">Quebec<\/option><option  value=\"Saskatchewan\">Saskatchewan<\/option><option  value=\"Yukon\">Yukon<\/option>\t<\/select>\n\t<\/div>\r\n    \r\n    \r\n<\/div>\n<div id=\"frm_field_51_container\" class=\"frm_form_field form-field  frm_required_field frm_none_container frm3\">\r\n    <label for=\"field_h7rn9\" id=\"field_h7rn9_label\" class=\"frm_primary_label\">Pays\r\n        <span class=\"frm_required\" aria-hidden=\"true\">*<\/span>\r\n    <\/label>\r\n    <div class=\"frm_input_group frm_with_box frm_with_pre\"><span class=\"frm_inline_box\">Pays<\/span>\t\t<select name=\"item_meta[51]\" id=\"field_h7rn9\"  data-reqmsg=\"Pays cannot be blank.\" aria-required=\"true\" data-invmsg=\"Pays est non valide\" aria-invalid=\"false\"  >\n\t\t<option  value=\"Canada\">Canada<\/option><option  value=\"United States\">United States<\/option><option  value=\"Virgin Islands, U.S.\">Virgin Islands, U.S.<\/option>\t<\/select>\n\t<\/div>\r\n    \r\n    \r\n<\/div>\n<div id=\"frm_field_52_container\" class=\"frm_form_field form-field  frm_required_field frm_top_container frm12 frm_first frm_four_col\">\r\n    <div  id=\"field_mjo1n_label\" class=\"frm_primary_label\">Comment avez-vous entendu parler de nous ?\r\n        <span class=\"frm_required\" aria-hidden=\"true\">*<\/span>\r\n    <\/div>\r\n    <div class=\"frm_opt_container\" aria-labelledby=\"field_mjo1n_label\" role=\"radiogroup\" aria-required=\"true\">\t\t<div class=\"frm_radio\" id=\"frm_radio_52-0\">\t\t\t<label  for=\"field_mjo1n-0\">\n\t\t\t\t\t<input type=\"radio\" name=\"item_meta[52]\" id=\"field_mjo1n-0\" value=\"R\u00e9seaux Sociaux\"\n\t\t   data-reqmsg=\"Comment avez-vous entendu parler de nous ? cannot be blank.\" data-invmsg=\"Comment avez-vous entendu parler de nous ? est non valide\"  \/> R\u00e9seaux Sociaux<\/label><\/div>\n\t\t<div class=\"frm_radio\" id=\"frm_radio_52-1\">\t\t\t<label  for=\"field_mjo1n-1\">\n\t\t\t\t\t<input type=\"radio\" name=\"item_meta[52]\" id=\"field_mjo1n-1\" value=\"Notre site web\"\n\t\t   data-reqmsg=\"Comment avez-vous entendu parler de nous ? cannot be blank.\" data-invmsg=\"Comment avez-vous entendu parler de nous ? est non valide\"  \/> Notre site web<\/label><\/div>\n\t\t<div class=\"frm_radio\" id=\"frm_radio_52-3\">\t\t\t<label  for=\"field_mjo1n-3\">\n\t\t\t\t\t<input type=\"radio\" name=\"item_meta[52]\" id=\"field_mjo1n-3\" value=\"Salons de Mode\"\n\t\t   data-reqmsg=\"Comment avez-vous entendu parler de nous ? cannot be blank.\" data-invmsg=\"Comment avez-vous entendu parler de nous ? est non valide\"  \/> Salons de Mode<\/label><\/div>\n\t\t<div class=\"frm_radio\" id=\"frm_radio_52-5\">\t\t\t<label  for=\"field_mjo1n-5\">\n\t\t\t\t\t<input type=\"radio\" name=\"item_meta[52]\" id=\"field_mjo1n-5\" value=\"Salon WWIN \u00e0 Las Vegas ou Infolettre\"\n\t\t   data-reqmsg=\"Comment avez-vous entendu parler de nous ? cannot be blank.\" data-invmsg=\"Comment avez-vous entendu parler de nous ? est non valide\"  \/> Salon WWIN \u00e0 Las Vegas ou Infolettre<\/label><\/div>\n\t\t<div class=\"frm_radio\" id=\"frm_radio_52-7\">\t\t\t<label  for=\"field_mjo1n-7\">\n\t\t\t\t\t<input type=\"radio\" name=\"item_meta[52]\" id=\"field_mjo1n-7\" value=\"R\u00e9f\u00e9rencement de clients\"\n\t\t   data-reqmsg=\"Comment avez-vous entendu parler de nous ? cannot be blank.\" data-invmsg=\"Comment avez-vous entendu parler de nous ? est non valide\"  \/> R\u00e9f\u00e9rencement de clients<\/label><\/div>\n\t\t<div class=\"frm_radio\" id=\"frm_radio_52-2\">\t\t\t<label  for=\"field_mjo1n-2\">\n\t\t\t\t\t<input type=\"radio\" name=\"item_meta[52]\" id=\"field_mjo1n-2\" value=\"Une autre boutique\"\n\t\t   data-reqmsg=\"Comment avez-vous entendu parler de nous ? cannot be blank.\" data-invmsg=\"Comment avez-vous entendu parler de nous ? est non valide\"  \/> Une autre boutique<\/label><\/div>\n\t\t<div class=\"frm_radio\" id=\"frm_radio_52-4\">\t\t\t<label  for=\"field_mjo1n-4\">\n\t\t\t\t\t<input type=\"radio\" name=\"item_meta[52]\" id=\"field_mjo1n-4\" value=\"J&#039;ai achet\u00e9 Renuar\"\n\t\t   data-reqmsg=\"Comment avez-vous entendu parler de nous ? cannot be blank.\" data-invmsg=\"Comment avez-vous entendu parler de nous ? est non valide\"  \/> J&rsquo;ai achet\u00e9 Renuar<\/label><\/div>\n\t\t<div class=\"frm_radio\" id=\"frm_radio_52-6\">\t\t\t<label  for=\"field_mjo1n-6\">\n\t\t\t\t\t<input type=\"radio\" name=\"item_meta[52]\" id=\"field_mjo1n-6\" value=\"Autre\"\n\t\t   data-reqmsg=\"Comment avez-vous entendu parler de nous ? cannot be blank.\" data-invmsg=\"Comment avez-vous entendu parler de nous ? est non valide\"  \/> Autre<\/label><\/div>\n<\/div>\r\n    \r\n    \r\n<\/div>\n<div id=\"frm_field_54_container\" class=\"frm_form_field form-field  frm_required_field frm_top_container frm12 frm_first frm_three_col\">\r\n    <div  id=\"field_25wix_label\" class=\"frm_primary_label\">Veuillez indiquer vos pr\u00e9f\u00e9rences pour d\u00e9couvrir notre collection.\r\n        <span class=\"frm_required\" aria-hidden=\"true\">*<\/span>\r\n    <\/div>\r\n    <div class=\"frm_opt_container\" aria-labelledby=\"field_25wix_label\" role=\"radiogroup\" aria-required=\"true\">\t\t<div class=\"frm_radio\" id=\"frm_radio_54-0\">\t\t\t<label  for=\"field_25wix-0\">\n\t\t\t\t\t<input type=\"radio\" name=\"item_meta[54]\" id=\"field_25wix-0\" value=\"Salons de Mode\"\n\t\t   data-reqmsg=\"Veuillez indiquer vos pr\u00e9f\u00e9rences pour d\u00e9couvrir notre collection. cannot be blank.\" data-invmsg=\"Veuillez indiquer vos pr\u00e9f\u00e9rences pour d\u00e9couvrir notre collection. est non valide\"  \/> Salons de Mode<\/label><\/div>\n\t\t<div class=\"frm_radio\" id=\"frm_radio_54-1\">\t\t\t<label  for=\"field_25wix-1\">\n\t\t\t\t\t<input type=\"radio\" name=\"item_meta[54]\" id=\"field_25wix-1\" value=\"Vid\u00e9oconference\"\n\t\t   data-reqmsg=\"Veuillez indiquer vos pr\u00e9f\u00e9rences pour d\u00e9couvrir notre collection. cannot be blank.\" data-invmsg=\"Veuillez indiquer vos pr\u00e9f\u00e9rences pour d\u00e9couvrir notre collection. est non valide\"  \/> Vid\u00e9oconference<\/label><\/div>\n\t\t<div class=\"frm_radio\" id=\"frm_radio_54-2\">\t\t\t<label  for=\"field_25wix-2\">\n\t\t\t\t\t<input type=\"radio\" name=\"item_meta[54]\" id=\"field_25wix-2\" value=\"Rendez-vous au showroom\"\n\t\t   data-reqmsg=\"Veuillez indiquer vos pr\u00e9f\u00e9rences pour d\u00e9couvrir notre collection. cannot be blank.\" data-invmsg=\"Veuillez indiquer vos pr\u00e9f\u00e9rences pour d\u00e9couvrir notre collection. est non valide\"  \/> Rendez-vous au showroom<\/label><\/div>\n<\/div>\r\n    \r\n    \r\n<\/div>\n<div id=\"frm_field_53_container\" class=\"frm_form_field form-field  frm_required_field frm_top_container frm_four_col\">\r\n    <div  id=\"field_gkycc_label\" class=\"frm_primary_label\">Est-ce que vous participez \u00e0 des salons de mode?\r\n        <span class=\"frm_required\" aria-hidden=\"true\">*<\/span>\r\n    <\/div>\r\n    <div class=\"frm_opt_container\" aria-labelledby=\"field_gkycc_label\" role=\"radiogroup\" aria-required=\"true\">\t\t<div class=\"frm_radio\" id=\"frm_radio_53-0\">\t\t\t<label  for=\"field_gkycc-0\">\n\t\t\t\t\t<input type=\"radio\" name=\"item_meta[53]\" id=\"field_gkycc-0\" value=\"Atlanta\"\n\t\t   data-reqmsg=\"Est-ce que vous participez \u00e0 des salons de mode? cannot be blank.\" data-invmsg=\"Est-ce que vous participez \u00e0 des salons de mode? est non valide\"  \/> Atlanta<\/label><\/div>\n\t\t<div class=\"frm_radio\" id=\"frm_radio_53-1\">\t\t\t<label  for=\"field_gkycc-1\">\n\t\t\t\t\t<input type=\"radio\" name=\"item_meta[53]\" id=\"field_gkycc-1\" value=\"Chicago\"\n\t\t   data-reqmsg=\"Est-ce que vous participez \u00e0 des salons de mode? cannot be blank.\" data-invmsg=\"Est-ce que vous participez \u00e0 des salons de mode? est non valide\"  \/> Chicago<\/label><\/div>\n\t\t<div class=\"frm_radio\" id=\"frm_radio_53-2\">\t\t\t<label  for=\"field_gkycc-2\">\n\t\t\t\t\t<input type=\"radio\" name=\"item_meta[53]\" id=\"field_gkycc-2\" value=\"Dallas\"\n\t\t   data-reqmsg=\"Est-ce que vous participez \u00e0 des salons de mode? cannot be blank.\" data-invmsg=\"Est-ce que vous participez \u00e0 des salons de mode? est non valide\"  \/> Dallas<\/label><\/div>\n\t\t<div class=\"frm_radio\" id=\"frm_radio_53-3\">\t\t\t<label  for=\"field_gkycc-3\">\n\t\t\t\t\t<input type=\"radio\" name=\"item_meta[53]\" id=\"field_gkycc-3\" value=\"Los Angeles\"\n\t\t   data-reqmsg=\"Est-ce que vous participez \u00e0 des salons de mode? cannot be blank.\" data-invmsg=\"Est-ce que vous participez \u00e0 des salons de mode? est non valide\"  \/> Los Angeles<\/label><\/div>\n\t\t<div class=\"frm_radio\" id=\"frm_radio_53-4\">\t\t\t<label  for=\"field_gkycc-4\">\n\t\t\t\t\t<input type=\"radio\" name=\"item_meta[53]\" id=\"field_gkycc-4\" value=\"Vegas Magic\"\n\t\t   data-reqmsg=\"Est-ce que vous participez \u00e0 des salons de mode? cannot be blank.\" data-invmsg=\"Est-ce que vous participez \u00e0 des salons de mode? est non valide\"  \/> Vegas Magic<\/label><\/div>\n\t\t<div class=\"frm_radio\" id=\"frm_radio_53-5\">\t\t\t<label  for=\"field_gkycc-5\">\n\t\t\t\t\t<input type=\"radio\" name=\"item_meta[53]\" id=\"field_gkycc-5\" value=\"Vegas WWIN\"\n\t\t   data-reqmsg=\"Est-ce que vous participez \u00e0 des salons de mode? cannot be blank.\" data-invmsg=\"Est-ce que vous participez \u00e0 des salons de mode? est non valide\"  \/> Vegas WWIN<\/label><\/div>\n\t\t<div class=\"frm_radio\" id=\"frm_radio_53-6\">\t\t\t<label  for=\"field_gkycc-6\">\n\t\t\t\t\t<input type=\"radio\" name=\"item_meta[53]\" id=\"field_gkycc-6\" value=\"Canada Markets\"\n\t\t   data-reqmsg=\"Est-ce que vous participez \u00e0 des salons de mode? cannot be blank.\" data-invmsg=\"Est-ce que vous participez \u00e0 des salons de mode? est non valide\"  \/> Canada Markets<\/label><\/div>\n\t\t<div class=\"frm_radio\" id=\"frm_radio_53-7\">\t\t\t<label  for=\"field_gkycc-7\">\n\t\t\t\t\t<input type=\"radio\" name=\"item_meta[53]\" id=\"field_gkycc-7\" value=\"Other\"\n\t\t   data-reqmsg=\"Est-ce que vous participez \u00e0 des salons de mode? cannot be blank.\" data-invmsg=\"Est-ce que vous participez \u00e0 des salons de mode? est non valide\"  \/> Other<\/label><\/div>\n<\/div>\r\n    \r\n    \r\n<\/div>\n<div id=\"frm_field_33_container\" class=\"frm_form_field form-field  frm_required_field frm_none_container\">\r\n    <label for=\"field_4qna02\" id=\"field_4qna02_label\" class=\"frm_primary_label\">Message\r\n        <span class=\"frm_required\" aria-hidden=\"true\">*<\/span>\r\n    <\/label>\r\n    <textarea name=\"item_meta[33]\" id=\"field_4qna02\" rows=\"8\"  placeholder=\"Message *\" data-reqmsg=\"Message cannot be blank.\" aria-required=\"true\" data-invmsg=\"Message is invalid\" aria-invalid=\"false\"  ><\/textarea>\r\n    \r\n    \r\n<\/div>\n<div id=\"frm_field_34_container\" class=\"frm_form_field form-field  frm_none_container\">\r\n    <label for=\"g-recaptcha-response\" id=\"field_tfp2j2_label\" class=\"frm_primary_label\">Captcha\r\n        <span class=\"frm_required\" aria-hidden=\"true\"><\/span>\r\n    <\/label>\r\n    <div  id=\"field_tfp2j2\" class=\"frm-g-recaptcha\" data-sitekey=\"6LcEQm0gAAAAAOSWpfFHYbQh21ggqha-kidJPb97\" data-size=\"invisible\" data-theme=\"light\"><\/div>\r\n    \r\n    \r\n<\/div>\n<div id=\"frm_field_58_container\" class=\"frm_form_field form-field \">\r\n\t<div class=\"frm_submit frm_flex\">\r\n<button class=\"frm_button_submit frm_final_submit\" type=\"submit\"   formnovalidate=\"formnovalidate\">Envoyer<\/button>\r\n\r\n\r\n\r\n<\/div>\r\n<\/div>\n\t<input type=\"hidden\" name=\"item_key\" value=\"\" \/>\n\t\t\t<div id=\"frm_field_86_container\">\n\t\t\t<label for=\"field_bv1qk\" >\n\t\t\t\tSi vous \u00eates un humain, ne remplissez pas ce champ.\t\t\t<\/label>\n\t\t\t<input  id=\"field_bv1qk\" type=\"text\" class=\"frm_form_field form-field frm_verify\" name=\"item_meta[86]\" value=\"\"  \/>\n\t\t<\/div>\n\t\t<style>.frm-abandonment-modal * {\n\tbox-sizing: border-box;\n}\n\n.frm-abandonment-modal {\n\tposition: fixed;\n\ttop: 0;\n\tright: 0;\n\tbottom: 0;\n\tleft: 0;\n\tz-index: 1000;\n\tdisplay: flex;\n\tflex-direction: column;\n\talign-items: center;\n\tvisibility: hidden;\n\toverflow: hidden;\n\topacity: 0;\n\t-webkit-overflow-scrolling: touch;\n}\n\n.frm-abandonment-modal .tingle-modal__close {\n\tdisplay: none;\n}\n\n.frm-abandonment-modal .tingle-modal-box {\n\tposition: relative;\n\tflex-shrink: 0;\n\tmargin-top: auto;\n\tmargin-bottom: auto;\n\tmax-width: 345px;\n\tbackground: #fff;\n\topacity: 1;\n\tcursor: auto;\n\tborder-radius: var(--border-radius);\n\twill-change: transform, opacity;\n\tpadding: 1.5rem;\n\tbox-shadow: 1px 1px 11px 2px rgba(0, 0, 0, 0.2);\n}\n\n.frm-abandonment-modal .tingle-modal-box__content h3{\n\tmargin-top: 0;\n}\n\na.frm-abandonment-close {\n\tposition: absolute;\n\ttop: 10px;\n\tright: 5%;\n\ttext-decoration: none;\n\tcolor: currentColor;\n\topacity: .8;\n\tfont-size: 30px;\n\tfont-weight: 300;\n\tline-height: 21px;\n}\n\n.frm-abandonment-btn-invisible {\n\topacity: 0;\n}\n\n.tingle-enabled {\n\tposition: fixed;\n\tright: 0;\n\tleft: 0;\n\toverflow: hidden;\n}\n\n.frm-abandonment-modal.tingle-modal--visible .tingle-modal-box__footer {\n\tbottom: 0;\n}\n\n.frm-abandonment-modal.tingle-modal--visible {\n\tvisibility: visible;\n\topacity: 1;\n\tbackground: rgba(0, 0, 0, 0.5);\n}\n\n.frm-abandonment-modal.tingle-modal--visible .tingle-modal-box {\n\tanimation: abdn-scale .2s cubic-bezier(.68, -.55, .265, 1.55) forwards;\n}\n\n.tingle-modal--overflow {\n\toverflow-y: scroll;\n\tpadding-top: 8px;\n}\n\n@keyframes abdn-scale {\n\t0% {\n\t\topacity: 0;\n\t\ttransform: scale(.9);\n\t}\n\t100% {\n\t\topacity: 1;\n\t\ttransform: scale(1);\n\t}\n}<\/style><input type=\"hidden\" name=\"auto_save\" value=\"20000\"\/><input name=\"frm_state\" type=\"hidden\" value=\"u74mJJu7HlrgtBvxFyo33fng1n35j7cNIdkdZ37cQ61bKcRIbU8zd0IVGNfzd8kU\" \/><\/div>\n<\/fieldset>\n<\/div>\n\n<\/form>\n<\/div>\n\n<\/div><\/div>\n<\/div>\n<\/div>","protected":false},"excerpt":{"rendered":"","protected":false},"author":1,"featured_media":0,"parent":0,"menu_order":0,"comment_status":"closed","ping_status":"closed","template":"","meta":{"_acf_changed":false,"inline_featured_image":false,"footnotes":""},"class_list":["post-16348","page","type-page","status-publish"],"acf":[],"_links":{"self":[{"href":"https:\/\/renuar.com\/fr\/wp-json\/wp\/v2\/pages\/16348"}],"collection":[{"href":"https:\/\/renuar.com\/fr\/wp-json\/wp\/v2\/pages"}],"about":[{"href":"https:\/\/renuar.com\/fr\/wp-json\/wp\/v2\/types\/page"}],"author":[{"embeddable":true,"href":"https:\/\/renuar.com\/fr\/wp-json\/wp\/v2\/users\/1"}],"replies":[{"embeddable":true,"href":"https:\/\/renuar.com\/fr\/wp-json\/wp\/v2\/comments?post=16348"}],"version-history":[{"count":4,"href":"https:\/\/renuar.com\/fr\/wp-json\/wp\/v2\/pages\/16348\/revisions"}],"predecessor-version":[{"id":17774,"href":"https:\/\/renuar.com\/fr\/wp-json\/wp\/v2\/pages\/16348\/revisions\/17774"}],"wp:attachment":[{"href":"https:\/\/renuar.com\/fr\/wp-json\/wp\/v2\/media?parent=16348"}],"curies":[{"name":"wp","href":"https:\/\/api.w.org\/{rel}","templated":true}]}}