{"id":16339,"date":"2025-07-31T20:29:55","date_gmt":"2025-07-31T20:29:55","guid":{"rendered":"https:\/\/renuar.com\/?page_id=16339"},"modified":"2025-12-29T16:41:59","modified_gmt":"2025-12-29T16:41:59","slug":"nous-contacter","status":"publish","type":"page","link":"https:\/\/renuar.com\/fr\/nous-contacter\/","title":{"rendered":"Nous Contacter"},"content":{"rendered":"<div class=\"gb-container gb-container-fb3d6e1d w-full alignfull\">\n<div class=\"gb-grid-wrapper gb-grid-wrapper-c8a19cdd w-full\">\n<div class=\"gb-grid-column gb-grid-column-f96ef52c\"><div class=\"gb-container gb-container-f96ef52c d-none d-md-block\">\n\n<div class=\"wp-block-cover is-light px-container h-full\" style=\"font-style:normal;font-weight:400\"><span aria-hidden=\"true\" class=\"wp-block-cover__background has-background-dim-10 has-background-dim\" style=\"background-color:#a78d70\"><\/span><img loading=\"lazy\" decoding=\"async\" width=\"1186\" height=\"1808\" class=\"wp-block-cover__image-background wp-image-17776\" alt=\"\" src=\"https:\/\/renuar.com\/wp-content\/uploads\/2025\/12\/renuar-01.2026-jan-update-contact-desktop@2x.jpg\" data-object-fit=\"cover\" srcset=\"https:\/\/renuar.com\/wp-content\/uploads\/2025\/12\/renuar-01.2026-jan-update-contact-desktop@2x.jpg 1186w, https:\/\/renuar.com\/wp-content\/uploads\/2025\/12\/renuar-01.2026-jan-update-contact-desktop@2x-197x300.jpg 197w, https:\/\/renuar.com\/wp-content\/uploads\/2025\/12\/renuar-01.2026-jan-update-contact-desktop@2x-672x1024.jpg 672w, https:\/\/renuar.com\/wp-content\/uploads\/2025\/12\/renuar-01.2026-jan-update-contact-desktop@2x-768x1171.jpg 768w, https:\/\/renuar.com\/wp-content\/uploads\/2025\/12\/renuar-01.2026-jan-update-contact-desktop@2x-1008x1536.jpg 1008w\" sizes=\"(max-width: 1186px) 100vw, 1186px\" \/><div class=\"wp-block-cover__inner-container is-layout-flow wp-block-cover-is-layout-flow\">\n<p class=\"has-text-align-center has-large-font-size\"><\/p>\n<\/div><\/div>\n\n<\/div><\/div>\n\n<div class=\"gb-grid-column gb-grid-column-59ad55be\"><div class=\"gb-container gb-container-59ad55be\">\n\n<h1 class=\"gb-headline gb-headline-758b4e9f gb-headline-text\">ContactEZ NOUS<\/h1>\n\n\n\n<p class=\"gb-headline gb-headline-3dfcba19 gb-headline-text font-400\">Communiquez avec nous en remplissant le formulaire ci-dessous et notre \u00e9quipe se fera un plaisir de vous aider!<\/p>\n\n\n<div class=\"frm_forms w-full \" id=\"frm_form_2_container\" >\n<form enctype=\"multipart\/form-data\" method=\"post\" class=\"frm-show-form  frm_pro_form \" id=\"form_contact-form2\" >\n<div class=\"frm_form_fields \">\n<fieldset>\n<legend class=\"frm_screen_reader\">Contact FR<\/legend>\r\n\r\n<div class=\"frm_fields_container\">\n<input type=\"hidden\" name=\"frm_action\" value=\"create\" \/>\n<input type=\"hidden\" name=\"form_id\" value=\"2\" \/>\n<input type=\"hidden\" name=\"frm_hide_fields_2\" id=\"frm_hide_fields_2\" value=\"\" \/>\n<input type=\"hidden\" name=\"form_key\" value=\"contact-form2\" \/>\n<input type=\"hidden\" name=\"item_meta[0]\" value=\"\" \/>\n<input type=\"hidden\" id=\"frm_submit_entry_2\" name=\"frm_submit_entry_2\" value=\"4588eaf555\" \/><input type=\"hidden\" name=\"_wp_http_referer\" value=\"\/fr\/wp-json\/wp\/v2\/pages\/16339\" \/><div id=\"frm_field_6_container\" class=\"frm_form_field form-field  frm_required_field frm_none_container frm_first frm_half\">\r\n    <label for=\"field_qh4icy2\" id=\"field_qh4icy2_label\" class=\"frm_primary_label\">Pr\u00e9nom\r\n        <span class=\"frm_required\" aria-hidden=\"true\">*<\/span>\r\n    <\/label>\r\n    <input  type=\"text\" id=\"field_qh4icy2\" name=\"item_meta[6]\" value=\"\"  placeholder=\"Pr\u00e9nom *\" data-reqmsg=\"Pr\u00e9nom cannot be blank.\" aria-required=\"true\" data-invmsg=\"Name is invalid\" aria-invalid=\"false\"   \/>\r\n    \r\n    \r\n<\/div>\n<div id=\"frm_field_7_container\" class=\"frm_form_field form-field  frm_required_field frm_none_container frm_half\">\r\n    <label for=\"field_ocfup12\" id=\"field_ocfup12_label\" class=\"frm_primary_label\">Nom\r\n        <span class=\"frm_required\" aria-hidden=\"true\">*<\/span>\r\n    <\/label>\r\n    <input  type=\"text\" id=\"field_ocfup12\" name=\"item_meta[7]\" value=\"\"  placeholder=\"Nom *\" data-reqmsg=\"Nom cannot be blank.\" aria-required=\"true\" data-invmsg=\"Last is invalid\" aria-invalid=\"false\"   \/>\r\n    \r\n    \r\n<\/div>\n<div id=\"frm_field_8_container\" class=\"frm_form_field form-field  frm_required_field frm_none_container frm6 frm_first\">\r\n    <label for=\"field_29yf4d2\" id=\"field_29yf4d2_label\" class=\"frm_primary_label\">Courriel\r\n        <span class=\"frm_required\" aria-hidden=\"true\">*<\/span>\r\n    <\/label>\r\n    <input type=\"email\" id=\"field_29yf4d2\" name=\"item_meta[8]\" value=\"\"  placeholder=\"Courriel *\" data-reqmsg=\"Courriel cannot be blank.\" aria-required=\"true\" data-invmsg=\"Please enter a valid email address\" aria-invalid=\"false\"  \/>\r\n    \r\n    \r\n<\/div>\n<div id=\"frm_field_26_container\" class=\"frm_form_field form-field  frm_none_container frm6\">\r\n    <label for=\"field_67wg9\" id=\"field_67wg9_label\" class=\"frm_primary_label\">Num\u00e9ro de t\u00e9l\u00e9phone\r\n        <span class=\"frm_required\" aria-hidden=\"true\"><\/span>\r\n    <\/label>\r\n    <input type=\"tel\" id=\"field_67wg9\" name=\"item_meta[26]\" value=\"\"  placeholder=\"Num\u00e9ro de t\u00e9l\u00e9phone *\" data-invmsg=\"Num\u00e9ro de t\u00e9l\u00e9phone is invalid\" aria-invalid=\"false\" pattern=\"((\\+\\d{1,3}(-|.| )?\\(?\\d\\)?(-| |.)?\\d{1,5})|(\\(?\\d{2,6}\\)?))(-|.| )?(\\d{3,4})(-|.| )?(\\d{4})(( x| ext)\\d{1,5}){0,1}$\"  \/>\r\n    \r\n    \r\n<\/div>\n<div id=\"frm_field_9_container\" class=\"frm_form_field form-field  frm_required_field frm_none_container frm_full\">\r\n    <label for=\"field_9jv0r12\" id=\"field_9jv0r12_label\" class=\"frm_primary_label\">Message\r\n        <span class=\"frm_required\" aria-hidden=\"true\">*<\/span>\r\n    <\/label>\r\n    <textarea name=\"item_meta[9]\" id=\"field_9jv0r12\" rows=\"8\"  placeholder=\"Message *\" data-reqmsg=\"Message cannot be blank.\" aria-required=\"true\" data-invmsg=\"Message est non valide\" aria-invalid=\"false\"  ><\/textarea>\r\n    \r\n    \r\n<\/div>\n<div id=\"frm_field_37_container\" class=\"frm_form_field form-field  frm_top_container\">\r\n    <label for=\"field_nvphv\" id=\"field_nvphv_label\" class=\"frm_primary_label\">Avez vous un probl\u00e8me avec un de nos produits ? Pour nous permettre de mieux vous aider, glissez votre photo ici pour l\u2019ajouter \u00e0 votre message.\r\n        <span class=\"frm_required\" aria-hidden=\"true\"><\/span>\r\n    <\/label>\r\n    <input type=\"hidden\"  data-invmsg=\"Avez vous un probl\u00e8me avec un de nos produits ? Pour nous permettre de mieux vous aider, glissez votre photo ici pour l\u2019ajouter \u00e0 votre message. is invalid\" class=\"auto_width\" aria-invalid=\"false\"   name=\"item_meta[37]\"  value=\"\" data-frmfile=\"37\" \/>\n\n<div class=\"frm_dropzone frm_single_upload frm_clearfix\" id=\"file37_dropzone\" role=\"group\" >\n\t<div class=\"fallback\">\n\t\t<input type=\"file\" name=\"file37\" id=\"field_nvphv\"\n\t\t\t data-invmsg=\"Avez vous un probl\u00e8me avec un de nos produits ? Pour nous permettre de mieux vous aider, glissez votre photo ici pour l\u2019ajouter \u00e0 votre message. is invalid\" class=\"auto_width\" aria-invalid=\"false\"  \t\t\t\/>\n\t\t\t\t<div class=\"frm_clearfix \"><\/div>\n\t<\/div>\n\t<div class=\"dz-message needsclick\">\n\t\t\t\t<svg  viewBox=\"0 0 18 18\" class=\"frmsvg frm-svg-icon\">\n\t<path viewBox=\"0 0 18 18\" fill-rule=\"evenodd\" clip-rule=\"evenodd\" d=\"M8.2 4v8a.8.8 0 001.5 0V4l2.1 2.2A.7.7 0 1013 5L9.5 1.7a.7.7 0 00-1.1 0L5.1 5.2a.8.8 0 001 1l2.1-2zm7.6 4.3c.4 0 .7.3.7.7v6.8c0 .4-.3.7-.8.7H2.3a.8.8 0 01-.8-.8V9A.8.8 0 013 9v6h12V9c0-.4.3-.8.8-.8z\"><\/path>\n<\/svg>\t\t<span class=\"frm_upload_text\"><button type=\"button\" aria-label=\"Avez vous un probl\u00e8me avec un de nos produits ? Pour nous permettre de mieux vous aider, glissez votre photo ici pour l\u2019ajouter \u00e0 votre message.. Glissez-d\u00e9posez votre image ici. Taille de fichier maximale\u00a0: 4MB\">Glissez-d\u00e9posez votre image ici<\/button><\/span>\n\t\t<span class=\"frm_compact_text\"><button type=\"button\" aria-label=\"Avez vous un probl\u00e8me avec un de nos produits ? Pour nous permettre de mieux vous aider, glissez votre photo ici pour l\u2019ajouter \u00e0 votre message.. Choisissez votre image. Taille de fichier maximale\u00a0: 4MB\">Choisissez votre image<\/button><\/span>\n\t\t<div class=\"frm_small_text\">\n\t\t\t<p>Taille de fichier maximale\u00a0: 4MB<\/p>\n\t\t<\/div>\n\t<\/div>\n<\/div>\n\t\r\n    \r\n    \r\n<\/div>\n<div id=\"frm_field_11_container\" class=\"frm_form_field form-field  frm_none_container\">\r\n    <label for=\"g-recaptcha-response\" id=\"field_gcah3_label\" class=\"frm_primary_label\">Captcha\r\n        <span class=\"frm_required\" aria-hidden=\"true\"><\/span>\r\n    <\/label>\r\n    <div  id=\"field_gcah3\" class=\"frm-g-recaptcha\" data-sitekey=\"6LcEQm0gAAAAAOSWpfFHYbQh21ggqha-kidJPb97\" data-size=\"invisible\" data-theme=\"light\"><\/div>\r\n    \r\n    \r\n<\/div>\n<div id=\"frm_field_85_container\" class=\"frm_form_field form-field \">\n\t<div class=\"frm_submit\">\r\n\r\n<button class=\"frm_button_submit frm_final_submit\" type=\"submit\"   formnovalidate=\"formnovalidate\">Submit<\/button>\r\n\r\n\r\n<\/div>\n<\/div>\n\t<input type=\"hidden\" name=\"item_key\" value=\"\" \/>\n\t\t\t<div id=\"frm_field_86_container\">\n\t\t\t<label for=\"field_bg8al\" >\n\t\t\t\tSi vous \u00eates un humain, ne remplissez pas ce champ.\t\t\t<\/label>\n\t\t\t<input  id=\"field_bg8al\" type=\"text\" class=\"frm_form_field form-field frm_verify\" name=\"item_meta[86]\" value=\"\"  \/>\n\t\t<\/div>\n\t\t<input name=\"frm_state\" type=\"hidden\" value=\"u74mJJu7HlrgtBvxFyo33d+qYF9q01P7V3EP2GVaZWpbKcRIbU8zd0IVGNfzd8kU\" \/><\/div>\n<\/fieldset>\n<\/div>\n\n<\/form>\n<\/div>\n\n\n\n<p class=\"gb-headline gb-headline-7ea5dd82 gb-headline-text\">Si vous \u00eates un d\u00e9taillant et vous aimeriez en savoir plus sur la Collection Renuar veuillez cliquez&nbsp;<strong><a href=\"https:\/\/renuar.com\/fr\/new-inquiries\/\">ici<\/a><\/strong>. Notre \u00e9quipe du service \u00e0 la client\u00e8le est disponible du Lundi au Vendredi de 9h00 \u00e0 17h00 (HNE).<\/p>\n\n<\/div><\/div>\n<\/div>\n<\/div>","protected":false},"excerpt":{"rendered":"","protected":false},"author":1,"featured_media":0,"parent":0,"menu_order":0,"comment_status":"closed","ping_status":"closed","template":"","meta":{"_acf_changed":false,"inline_featured_image":false,"footnotes":""},"class_list":["post-16339","page","type-page","status-publish"],"acf":[],"_links":{"self":[{"href":"https:\/\/renuar.com\/fr\/wp-json\/wp\/v2\/pages\/16339"}],"collection":[{"href":"https:\/\/renuar.com\/fr\/wp-json\/wp\/v2\/pages"}],"about":[{"href":"https:\/\/renuar.com\/fr\/wp-json\/wp\/v2\/types\/page"}],"author":[{"embeddable":true,"href":"https:\/\/renuar.com\/fr\/wp-json\/wp\/v2\/users\/1"}],"replies":[{"embeddable":true,"href":"https:\/\/renuar.com\/fr\/wp-json\/wp\/v2\/comments?post=16339"}],"version-history":[{"count":6,"href":"https:\/\/renuar.com\/fr\/wp-json\/wp\/v2\/pages\/16339\/revisions"}],"predecessor-version":[{"id":17778,"href":"https:\/\/renuar.com\/fr\/wp-json\/wp\/v2\/pages\/16339\/revisions\/17778"}],"wp:attachment":[{"href":"https:\/\/renuar.com\/fr\/wp-json\/wp\/v2\/media?parent=16339"}],"curies":[{"name":"wp","href":"https:\/\/api.w.org\/{rel}","templated":true}]}}