{"id":16310,"date":"2025-07-31T20:24:49","date_gmt":"2025-07-31T20:24:49","guid":{"rendered":"https:\/\/renuar.com\/?page_id=16310"},"modified":"2026-01-28T14:45:49","modified_gmt":"2026-01-28T14:45:49","slug":"a-propos","status":"publish","type":"page","link":"https:\/\/renuar.com\/fr\/a-propos\/","title":{"rendered":"\u00c0 propos"},"content":{"rendered":"<div class=\"gb-container gb-container-fb3d6e1d mx-auto alignfull\">\n<div class=\"gb-container gb-container-ae43d15d mx-auto\">\n<div class=\"gb-container gb-container-ca409e90\">\n<div class=\"gb-container gb-container-74fa14c7\">\n\n<h2 class=\"gb-headline gb-headline-b6d01ce9 gb-headline-text\">Nous C\u00e9l\u00e9brons la F\u00e9minit\u00e9 Moderne.<\/h2>\n\n\n\n<p class=\"gb-headline gb-headline-569c2540 gb-headline-text lh-md mb-0\">Fond\u00e9e \u00e0 Montr\u00e9al en 2007, Renuar a d\u00e9but\u00e9 comme une galerie remplie de pi\u00e8ces artistiquement \u00e9l\u00e9gantes. Renuar est rapidement devenue une marque en pleine expansion, pr\u00e9sente dans plus de 1000 boutiques uniques \u00e0 travers l&rsquo;Am\u00e9rique du Nord.<\/p>\n\n<\/div>\n\n<div class=\"gb-container gb-container-d8adb7eb\"><\/div>\n<\/div>\n\n<div class=\"gb-container gb-container-78d93d9a\">\n<div class=\"gb-container gb-container-aa489833\">\n\n<h3 class=\"gb-headline gb-headline-affac6fe gb-headline-text\">Nous sommes connus pour nos collections faciles \u00e0 porter et intemporelles qui c\u00e9l\u00e8brent la f\u00e9minit\u00e9 moderne.<\/h3>\n\n\n\n<p class=\"gb-headline gb-headline-ba18d627 gb-headline-text lh-md mb-0\">D\u00e8s le d\u00e9but, nous nous sommes efforc\u00e9s de cr\u00e9er des collections soigneusement organis\u00e9es avec la qualit\u00e9, le confort et la polyvalence comme point fort, offrant des pi\u00e8ces m\u00e9morables, des touches de couleur et des trouvailles d\u2019inspiration mondiale. Chaque collection est con\u00e7ue \u00e0 Montr\u00e9al avec un m\u00e9lange unique de tendances actuelles et de silhouettes f\u00e9minines, vous donnant la confiance de vous sentir belle \u00e0 chaque instant.<\/p>\n\n<\/div>\n\n<div class=\"gb-container gb-container-bdedf224 d-none d-lg-block\"><\/div>\n\n<div class=\"gb-container gb-container-c67bf0ac d-block d-lg-none\"><\/div>\n<\/div>\n\n<div class=\"gb-container gb-container-8248d424\">\n<div class=\"gb-container gb-container-293186c9\">\n\n<h3 class=\"gb-headline gb-headline-e43c6c7a gb-headline-text\">La mission de Renuar est de fournir des pi\u00e8ces mode, uniques et durables qui inspirent les femmes \u00e0 se sentir bien (peu importe leur \u00e2ge), \u00e0 exprimer leur individualit\u00e9 et leur personnalit\u00e9 en toute confiance.<\/h3>\n\n\n\n<p class=\"gb-headline gb-headline-bf941a07 gb-headline-text lh-md mb-0\">Une collection polyvalente pour les femmes actives et modernes d\u2019aujourd\u2019hui offrant la base de tous les looks \u00e0 la mode dont vous avez besoin. Nous sommes fiers de notre collection et nous invitons nos clients \u00e0 d\u00e9couvrir des pi\u00e8ces uniques et chics dans leur look de tous les jours.<\/p>\n\n<\/div>\n\n<div class=\"gb-container gb-container-33c3f913 d-none d-lg-block\"><\/div>\n\n<div class=\"gb-container gb-container-d82d1e74 d-block d-lg-none\"><\/div>\n<\/div>\n<\/div>\n<\/div>\n\n<div class=\"gb-container gb-container-e623bf6c mx-auto about-slider alignfull\">\n<div class=\"gb-container gb-container-0fe0570f mx-auto about-slider-inside\">\n\n<h2 class=\"gb-headline gb-headline-b53f060e gb-headline-text\">Notre Soucis Au D\u00e9tail<\/h2>\n\n\n<div class=\"block-slider\">\n            <div>\n            <img decoding=\"async\" src=\"https:\/\/renuar.com\/wp-content\/uploads\/2025\/12\/renuar-01.2026-jan-update-about-desktop-04@2x-800x900.jpg\" alt=\"\">\n            <div class=\"slide-content\">\n                <h4 class=\"h4\">\u00c9CLAT DE COULEUR<\/h4>\n                <p>Suivre l&rsquo;\u00e9volution rapide des couleurs dans l&rsquo;industrie du v\u00eatement est essentiel pour nous, car nous vous proposons une vari\u00e9t\u00e9 de touches de couleur parmi lesquelles choisir. Nous nous effor\u00e7ons de cr\u00e9er des v\u00eatements avec la combinaison parfaite, inspir\u00e9e par notre quotidien.<\/p>\n            <\/div>\n        <\/div>\n            <div>\n            <img decoding=\"async\" src=\"https:\/\/renuar.com\/wp-content\/uploads\/2025\/12\/renuar-01.2026-jan-update-about-desktop-05@2x-800x900.jpg\" alt=\"\">\n            <div class=\"slide-content\">\n                <h4 class=\"h4\">LES ESSENTIELS DU QUOTIDIEN<\/h4>\n                <p>Des coupes r\u00e9solument f\u00e9minines et des silhouettes soigneusement pens\u00e9es qui sont uniques, modernes et flatteuses. En red\u00e9finissant les formes, notre objectif est d\u2019offrir de l\u2019\u00e9l\u00e9gance tout en privil\u00e9giant le confort.<\/p>\n            <\/div>\n        <\/div>\n            <div>\n            <img decoding=\"async\" src=\"https:\/\/renuar.com\/wp-content\/uploads\/2025\/12\/renuar-01.2026-jan-update-about-desktop-06@2x-800x900.jpg\" alt=\"\">\n            <div class=\"slide-content\">\n                <h4 class=\"h4\">TENDANCES DE DEMAIN<\/h4>\n                <p>Nous r\u00e9interpr\u00e9tons les derni\u00e8res tendances avec une touche f\u00e9minine et une qualit\u00e9 intemporelle, offrant une mode qui traverse les saisons. Inspir\u00e9s par nos voyages en Europe, nous recherchons les tendances de couleurs, les pi\u00e8ces intemporelles et les d\u00e9tails de style, en s\u00e9lectionnant soigneusement chaque finition pour sa qualit\u00e9 et sa pr\u00e9cision.<\/p>\n            <\/div>\n        <\/div>\n            <div>\n            <img decoding=\"async\" src=\"https:\/\/renuar.com\/wp-content\/uploads\/2025\/12\/renuar-01.2026-jan-update-about-desktop-07@2x-800x900.jpg\" alt=\"\">\n            <div class=\"slide-content\">\n                <h4 class=\"h4\">CHIC ET CONFORTABLE<\/h4>\n                <p>Nous portons une attention particuli\u00e8re aux d\u00e9tails \u2013 ceux qui se voient et surtout ceux qui se ressentent. Con\u00e7us avec l&rsquo;expertise de sp\u00e9cialistes des mat\u00e9riaux, nos v\u00eatements sont pens\u00e9s pour \u00eatre durables. Chaque tissu est rigoureusement test\u00e9 pour conserver son aspect et sa forme au fil des ann\u00e9es, lavage apr\u00e8s lavage, sans bouloches ni d\u00e9formation.<\/p>\n            <\/div>\n        <\/div>\n    <\/div>\n\n<\/div>\n<\/div>\n\n<div class=\"gb-container gb-container-4ffbc3bb mx-auto alignfull\">\n<div class=\"gb-container gb-container-83c98a2a\">\n\n<h3 class=\"gb-headline gb-headline-b5a376d4 gb-headline-text\">Une industrie de la mode plus durable commence avec chacun de nous faisant notre part.<\/h3>\n\n<\/div>\n<\/div>\n\n<div class=\"gb-container gb-container-a91aeedb mx-auto alignfull\">\n<div class=\"gb-container gb-container-96ce46eb mx-auto\">\n<div class=\"gb-container gb-container-e0686436\">\n<div class=\"gb-container gb-container-37944f90\">\n\n<h3 class=\"gb-headline gb-headline-ec1a5f66 gb-headline-text\">Chez Renuar, nous visons \u00e0 minimiser l&rsquo;impact de la mode sur les \u00e9cosyst\u00e8mes de la plan\u00e8te en utilisant des tissus plus \u00e9cologiques et en veillant \u00e0 ce que nos v\u00eatements soient aussi respectueux de l&rsquo;environnement que possible.<\/h3>\n\n\n\n<p class=\"gb-headline gb-headline-53193e77 gb-headline-text lh-md mb-0\">Notre chemin vers la durabilit\u00e9 implique de collaborer avec des organisations s\u00e9lectionn\u00e9es pour apprendre, \u00e9laborer des strat\u00e9gies et mettre en \u0153uvre des changements. Nous utilisons la technologie de teinture des tissus AIRFLOW, qui r\u00e9duit la consommation d&rsquo;eau et d&rsquo;\u00e9nergie, et exp\u00e9dions les v\u00eatements dans des sacs 100 % compostables. Notre engagement en faveur de la durabilit\u00e9 inclut la s\u00e9lection de fibres responsables telles que TENCEL\u2122, des tissus cellulosiques et du polyester recycl\u00e9, qui aident \u00e0 r\u00e9duire notre impact environnemental tout en maintenant une qualit\u00e9 et un confort premium. Par des actions conscientes et une production responsable, nous nous effor\u00e7ons de cr\u00e9er un avenir plus durable pour les personnes et la plan\u00e8te.<\/p>\n\n<\/div>\n\n<div class=\"gb-container gb-container-3cde00f3\"><\/div>\n<\/div>\n<\/div>\n<\/div>\n\n<div class=\"gb-container gb-container-69dbc836 mx-auto alignfull\">\n<div class=\"gb-container gb-container-54976011\">\n\n<h3 class=\"gb-headline gb-headline-f5dfa7d4 gb-headline-text\">Rejoignez Notre Communaut\u00e9<br>@renuarcollection<\/h3>\n\n\n\n<p class=\"gb-headline gb-headline-19841c61 gb-headline-text lh-md mb-0\">D\u00e9couvrez d&rsquo;avantage sur notre Processus Cr\u00e9atif sur nos r\u00e9seaux sociaux @renuarcollection<\/p>\n\n\n\n<figure class=\"wp-block-image size-large d-none d-lg-block\"><img loading=\"lazy\" decoding=\"async\" width=\"1024\" height=\"360\" src=\"https:\/\/renuar.com\/wp-content\/uploads\/2025\/12\/renuar-01.2026-jan-update-about-desktop-09@2x-1024x360.png\" alt=\"\" class=\"wp-image-17758\" srcset=\"https:\/\/renuar.com\/wp-content\/uploads\/2025\/12\/renuar-01.2026-jan-update-about-desktop-09@2x-1024x360.png 1024w, https:\/\/renuar.com\/wp-content\/uploads\/2025\/12\/renuar-01.2026-jan-update-about-desktop-09@2x-300x106.png 300w, https:\/\/renuar.com\/wp-content\/uploads\/2025\/12\/renuar-01.2026-jan-update-about-desktop-09@2x-768x270.png 768w, https:\/\/renuar.com\/wp-content\/uploads\/2025\/12\/renuar-01.2026-jan-update-about-desktop-09@2x-1536x540.png 1536w, https:\/\/renuar.com\/wp-content\/uploads\/2025\/12\/renuar-01.2026-jan-update-about-desktop-09@2x-2048x721.png 2048w\" sizes=\"(max-width: 1024px) 100vw, 1024px\" \/><\/figure>\n\n\n\n<figure class=\"wp-block-image size-full d-block d-lg-none\"><img loading=\"lazy\" decoding=\"async\" width=\"658\" height=\"974\" src=\"https:\/\/renuar.com\/wp-content\/uploads\/2025\/12\/renuar-01.2026-jan-update-about-mob-09@2x.jpg\" alt=\"\" class=\"wp-image-17760\" srcset=\"https:\/\/renuar.com\/wp-content\/uploads\/2025\/12\/renuar-01.2026-jan-update-about-mob-09@2x.jpg 658w, https:\/\/renuar.com\/wp-content\/uploads\/2025\/12\/renuar-01.2026-jan-update-about-mob-09@2x-203x300.jpg 203w\" sizes=\"(max-width: 658px) 100vw, 658px\" \/><\/figure>\n\n\n<div class=\"gb-container gb-container-002014f9\">\n\n<a class=\"gb-button gb-button-3a99906b\" href=\"https:\/\/www.facebook.com\/RenuarCollection\/\" target=\"_blank\" rel=\"noopener noreferrer\"><span class=\"gb-icon\"><svg aria-hidden=\"true\" role=\"img\" height=\"1em\" width=\"1em\" viewBox=\"0 0 512 512\" xmlns=\"http:\/\/www.w3.org\/2000\/svg\"><path fill=\"currentColor\" d=\"M504 256C504 119 393 8 256 8S8 119 8 256c0 123.78 90.69 226.38 209.25 245V327.69h-63V256h63v-54.64c0-62.15 37-96.48 93.67-96.48 27.14 0 55.52 4.84 55.52 4.84v61h-31.28c-30.8 0-40.41 19.12-40.41 38.73V256h68.78l-11 71.69h-57.78V501C413.31 482.38 504 379.78 504 256z\"><\/path><\/svg><\/span><\/a>\n\n\n\n<a class=\"gb-button gb-button-f78fb170\" href=\"https:\/\/www.instagram.com\/renuarcollection\/\" target=\"_blank\" rel=\"noopener noreferrer\"><span class=\"gb-icon\"><svg aria-hidden=\"true\" role=\"img\" height=\"1em\" width=\"1em\" viewBox=\"0 0 448 512\" xmlns=\"http:\/\/www.w3.org\/2000\/svg\"><path fill=\"currentColor\" d=\"M224.1 141c-63.6 0-114.9 51.3-114.9 114.9s51.3 114.9 114.9 114.9S339 319.5 339 255.9 287.7 141 224.1 141zm0 189.6c-41.1 0-74.7-33.5-74.7-74.7s33.5-74.7 74.7-74.7 74.7 33.5 74.7 74.7-33.6 74.7-74.7 74.7zm146.4-194.3c0 14.9-12 26.8-26.8 26.8-14.9 0-26.8-12-26.8-26.8s12-26.8 26.8-26.8 26.8 12 26.8 26.8zm76.1 27.2c-1.7-35.9-9.9-67.7-36.2-93.9-26.2-26.2-58-34.4-93.9-36.2-37-2.1-147.9-2.1-184.9 0-35.8 1.7-67.6 9.9-93.9 36.1s-34.4 58-36.2 93.9c-2.1 37-2.1 147.9 0 184.9 1.7 35.9 9.9 67.7 36.2 93.9s58 34.4 93.9 36.2c37 2.1 147.9 2.1 184.9 0 35.9-1.7 67.7-9.9 93.9-36.2 26.2-26.2 34.4-58 36.2-93.9 2.1-37 2.1-147.8 0-184.8zM398.8 388c-7.8 19.6-22.9 34.7-42.6 42.6-29.5 11.7-99.5 9-132.1 9s-102.7 2.6-132.1-9c-19.6-7.8-34.7-22.9-42.6-42.6-11.7-29.5-9-99.5-9-132.1s-2.6-102.7 9-132.1c7.8-19.6 22.9-34.7 42.6-42.6 29.5-11.7 99.5-9 132.1-9s102.7-2.6 132.1 9c19.6 7.8 34.7 22.9 42.6 42.6 11.7 29.5 9 99.5 9 132.1s2.7 102.7-9 132.1z\"><\/path><\/svg><\/span><\/a>\n\n<\/div>\n<\/div>\n<\/div>","protected":false},"excerpt":{"rendered":"<p>Nous C\u00e9l\u00e9brons la F\u00e9minit\u00e9 Moderne. Fond\u00e9e \u00e0 Montr\u00e9al en 2007, Renuar a d\u00e9but\u00e9 comme une galerie remplie de pi\u00e8ces artistiquement \u00e9l\u00e9gantes. Renuar est rapidement devenue une marque en pleine expansion, pr\u00e9sente dans plus de 1000 boutiques uniques \u00e0 travers l&rsquo;Am\u00e9rique du Nord. Nous sommes connus pour nos collections faciles \u00e0 porter et intemporelles qui c\u00e9l\u00e8brent &#8230; <a title=\"\u00c0 propos\" class=\"read-more\" href=\"https:\/\/renuar.com\/fr\/a-propos\/\" aria-label=\"En savoir plus sur \u00c0 propos\">Lire la suite<\/a><\/p>\n","protected":false},"author":1,"featured_media":17745,"parent":0,"menu_order":0,"comment_status":"closed","ping_status":"closed","template":"","meta":{"_acf_changed":false,"inline_featured_image":false,"footnotes":""},"class_list":["post-16310","page","type-page","status-publish","has-post-thumbnail"],"acf":[],"_links":{"self":[{"href":"https:\/\/renuar.com\/fr\/wp-json\/wp\/v2\/pages\/16310"}],"collection":[{"href":"https:\/\/renuar.com\/fr\/wp-json\/wp\/v2\/pages"}],"about":[{"href":"https:\/\/renuar.com\/fr\/wp-json\/wp\/v2\/types\/page"}],"author":[{"embeddable":true,"href":"https:\/\/renuar.com\/fr\/wp-json\/wp\/v2\/users\/1"}],"replies":[{"embeddable":true,"href":"https:\/\/renuar.com\/fr\/wp-json\/wp\/v2\/comments?post=16310"}],"version-history":[{"count":8,"href":"https:\/\/renuar.com\/fr\/wp-json\/wp\/v2\/pages\/16310\/revisions"}],"predecessor-version":[{"id":18051,"href":"https:\/\/renuar.com\/fr\/wp-json\/wp\/v2\/pages\/16310\/revisions\/18051"}],"wp:featuredmedia":[{"embeddable":true,"href":"https:\/\/renuar.com\/fr\/wp-json\/wp\/v2\/media\/17745"}],"wp:attachment":[{"href":"https:\/\/renuar.com\/fr\/wp-json\/wp\/v2\/media?parent=16310"}],"curies":[{"name":"wp","href":"https:\/\/api.w.org\/{rel}","templated":true}]}}