{"id":16221,"date":"2025-07-31T20:42:07","date_gmt":"2025-07-31T20:42:07","guid":{"rendered":"https:\/\/renuar.com\/?page_id=16221"},"modified":"2026-01-28T14:52:38","modified_gmt":"2026-01-28T14:52:38","slug":"pour-quoi-elles-aiment-renuar","status":"publish","type":"page","link":"https:\/\/renuar.com\/fr\/pour-quoi-elles-aiment-renuar\/","title":{"rendered":"Commentaires des nos clientes"},"content":{"rendered":"\n<div class=\"wp-block-cover alignfull has-custom-content-position is-position-bottom-center px-container d-none d-lg-flex\" style=\"min-height:105vh;aspect-ratio:unset;\"><span aria-hidden=\"true\" class=\"wp-block-cover__background has-background-dim-0 has-background-dim\"><\/span><img loading=\"lazy\" decoding=\"async\" width=\"2560\" height=\"1247\" class=\"wp-block-cover__image-background wp-image-18015\" alt=\"\" src=\"https:\/\/renuar.com\/wp-content\/uploads\/2026\/01\/renuar-01.2026-jan-update-feedback-desktop-01@2x-scaled.jpg\" data-object-fit=\"cover\" srcset=\"https:\/\/renuar.com\/wp-content\/uploads\/2026\/01\/renuar-01.2026-jan-update-feedback-desktop-01@2x-scaled.jpg 2560w, https:\/\/renuar.com\/wp-content\/uploads\/2026\/01\/renuar-01.2026-jan-update-feedback-desktop-01@2x-300x146.jpg 300w, https:\/\/renuar.com\/wp-content\/uploads\/2026\/01\/renuar-01.2026-jan-update-feedback-desktop-01@2x-1024x499.jpg 1024w, https:\/\/renuar.com\/wp-content\/uploads\/2026\/01\/renuar-01.2026-jan-update-feedback-desktop-01@2x-768x374.jpg 768w, https:\/\/renuar.com\/wp-content\/uploads\/2026\/01\/renuar-01.2026-jan-update-feedback-desktop-01@2x-1536x748.jpg 1536w, https:\/\/renuar.com\/wp-content\/uploads\/2026\/01\/renuar-01.2026-jan-update-feedback-desktop-01@2x-2048x997.jpg 2048w\" sizes=\"(max-width: 2560px) 100vw, 2560px\" \/><div class=\"wp-block-cover__inner-container is-layout-flow wp-block-cover-is-layout-flow\"><div class=\"gb-container gb-container-5ceec0e1 grid-container\">\n<div class=\"gb-grid-wrapper gb-grid-wrapper-58bb1021\">\n<div class=\"gb-grid-column gb-grid-column-9bf29b75\"><div class=\"gb-container gb-container-9bf29b75\">\n\n<h1 class=\"gb-headline gb-headline-e0b45c9a gb-headline-text\">Pourquoi Elles Aiment Renuar<\/h1>\n\n\n\n<h2 class=\"gb-headline gb-headline-d23d994c gb-headline-text\">Nous avons pos\u00e9 la question \u00e0 nos clientes : qu\u2019est-ce qu\u2019elles aiment le plus chez Renuar ? Voici ce qu\u2019elles ont partag\u00e9 avec nous.<\/h2>\n\n<\/div><\/div>\n<\/div>\n<\/div><\/div><\/div>\n\n\n\n<div class=\"wp-block-cover alignfull has-custom-content-position is-position-bottom-center px-container d-flex d-lg-none\" style=\"min-height:575px;aspect-ratio:unset;\"><span aria-hidden=\"true\" class=\"wp-block-cover__background has-background-dim-0 has-background-dim\"><\/span><img loading=\"lazy\" decoding=\"async\" width=\"860\" height=\"1024\" class=\"wp-block-cover__image-background wp-image-18025\" alt=\"\" src=\"https:\/\/renuar.com\/wp-content\/uploads\/2026\/01\/renuar-01.2026-jan-update-feedback-mob-01@2x.jpg\" style=\"object-position:50% 10%\" data-object-fit=\"cover\" data-object-position=\"50% 10%\" srcset=\"https:\/\/renuar.com\/wp-content\/uploads\/2026\/01\/renuar-01.2026-jan-update-feedback-mob-01@2x.jpg 860w, https:\/\/renuar.com\/wp-content\/uploads\/2026\/01\/renuar-01.2026-jan-update-feedback-mob-01@2x-252x300.jpg 252w, https:\/\/renuar.com\/wp-content\/uploads\/2026\/01\/renuar-01.2026-jan-update-feedback-mob-01@2x-768x914.jpg 768w\" sizes=\"(max-width: 860px) 100vw, 860px\" \/><div class=\"wp-block-cover__inner-container is-layout-flow wp-block-cover-is-layout-flow\"><div class=\"gb-container gb-container-046960f2 grid-container\">\n<div class=\"gb-grid-wrapper gb-grid-wrapper-53ef3010\">\n<div class=\"gb-grid-column gb-grid-column-4a99658c\"><div class=\"gb-container gb-container-4a99658c\">\n\n<h1 class=\"gb-headline gb-headline-6b9e1b6c gb-headline-text\">Pourquoi Elles Aiment Renuar<\/h1>\n\n\n\n<h2 class=\"gb-headline gb-headline-12b9f206 gb-headline-text\">Nous avons pos\u00e9 la question \u00e0 nos clientes : qu\u2019est-ce qu\u2019elles aiment le plus chez Renuar ? Voici ce qu\u2019elles ont partag\u00e9 avec nous.<\/h2>\n\n<\/div><\/div>\n<\/div>\n<\/div><\/div><\/div>\n\n\n<div class=\"gb-container gb-container-3ede9edf\">\n<div class=\"gb-grid-wrapper gb-grid-wrapper-8fccc25e\">\n<div class=\"gb-grid-column gb-grid-column-27fa8ac2\"><div class=\"gb-container gb-container-27fa8ac2\">\n\n<figure class=\"gb-block-image gb-block-image-4844c0fa\"><img loading=\"lazy\" decoding=\"async\" width=\"1920\" height=\"1528\" class=\"gb-image gb-image-4844c0fa\" src=\"https:\/\/renuar.com\/wp-content\/uploads\/2025\/04\/April-14-Launch-Customer-Feedback-Desktop-02@2x.jpg\" alt=\"\" title=\"April 14-Launch-Customer-Feedback-Desktop-02@2x\" srcset=\"https:\/\/renuar.com\/wp-content\/uploads\/2025\/04\/April-14-Launch-Customer-Feedback-Desktop-02@2x.jpg 1920w, https:\/\/renuar.com\/wp-content\/uploads\/2025\/04\/April-14-Launch-Customer-Feedback-Desktop-02@2x-300x239.jpg 300w, https:\/\/renuar.com\/wp-content\/uploads\/2025\/04\/April-14-Launch-Customer-Feedback-Desktop-02@2x-1024x815.jpg 1024w, https:\/\/renuar.com\/wp-content\/uploads\/2025\/04\/April-14-Launch-Customer-Feedback-Desktop-02@2x-768x611.jpg 768w, https:\/\/renuar.com\/wp-content\/uploads\/2025\/04\/April-14-Launch-Customer-Feedback-Desktop-02@2x-1536x1222.jpg 1536w\" sizes=\"(max-width: 1920px) 100vw, 1920px\" \/><\/figure>\n\n<\/div><\/div>\n\n<div class=\"gb-grid-column gb-grid-column-e675a229\"><div class=\"gb-container gb-container-e675a229\">\n\n<h3 class=\"gb-headline gb-headline-ff685d89 gb-headline-text\">Derri\u00e8re Chaque Coupe Parfaite<\/h3>\n\n\n\n<p class=\"gb-headline gb-headline-9591d453 gb-headline-text\">Nos sp\u00e9cialistes de l\u2019ajustement travaillent main dans la main avec nos \u00e9quipes de design et de production pour garantir que chaque v\u00eatement Renuar respecte les plus hauts standards de qualit\u00e9, de confort et de style. Chaque pi\u00e8ce est soigneusement ajust\u00e9e pour offrir cette coupe flatteuse et constante que nos clientes adorent.<\/p>\n\n\n\n<h4 class=\"gb-headline gb-headline-9f3b47b0 gb-headline-text\">Une Coupe Qui Tombe Juste<\/h4>\n\n\n<div class=\"gb-container gb-container-d7b160dd\">\n\n<figure class=\"gb-block-image gb-block-image-329e31ef\"><img loading=\"lazy\" decoding=\"async\" width=\"232\" height=\"186\" class=\"gb-image gb-image-329e31ef\" src=\"https:\/\/renuar.com\/wp-content\/uploads\/2025\/04\/quote-open.png\" alt=\"\" title=\"quote-open\"\/><\/figure>\n\n\n\n<p class=\"gb-headline gb-headline-a528343e gb-headline-text\">Ajustement parfait\u2026 confortable\u2026 superbe !<br><br>Excellent ajustement.<br><br>C&rsquo;est tellement confortable. Je suis une femme grande et petite, et la taille XL me va tr\u00e8s bien.<br><br>Excellent ajustement et beaut\u00e9 durable. Les styles sont superbes aussi.<br><br>Excellent ajustement et tr\u00e8s flatteur.<\/p>\n\n\n\n<figure class=\"gb-block-image gb-block-image-f7328ca6\"><img loading=\"lazy\" decoding=\"async\" width=\"232\" height=\"186\" class=\"gb-image gb-image-f7328ca6\" src=\"https:\/\/renuar.com\/wp-content\/uploads\/2025\/04\/quote-close.png\" alt=\"\" title=\"quote-close\"\/><\/figure>\n\n<\/div>\n<\/div><\/div>\n<\/div>\n<\/div>\n\n<div class=\"gb-container gb-container-65d24efe\">\n<div class=\"gb-grid-wrapper gb-grid-wrapper-4ecb5c1e\">\n<div class=\"gb-grid-column gb-grid-column-b646a433\"><div class=\"gb-container gb-container-b646a433\">\n\n<h3 class=\"gb-headline gb-headline-50551d87 gb-headline-text\">Des pantalons qui font la diff\u00e9rence<\/h3>\n\n\n\n<p class=\"gb-headline gb-headline-3abb2e21 gb-headline-text\">Flatteurs, polyvalents et pens\u00e9s pour la vraie vie\u2014nos pantalons sont aim\u00e9s pour une bonne raison. Gr\u00e2ce \u00e0 ses coupes r\u00e9fl\u00e9chies, son confort sans compromis et ses d\u00e9tails raffin\u00e9s, chaque mod\u00e8le offre l\u2019\u00e9quilibre parfait entre style et aisance.<\/p>\n\n\n\n<h4 class=\"gb-headline gb-headline-eccf0e00 gb-headline-text\">Pantalons Renuar, approuv\u00e9s par les clientes<\/h4>\n\n\n<div class=\"gb-container gb-container-c6e8c2c3\">\n\n<figure class=\"gb-block-image gb-block-image-d392188f\"><img loading=\"lazy\" decoding=\"async\" width=\"232\" height=\"186\" class=\"gb-image gb-image-d392188f\" src=\"https:\/\/renuar.com\/wp-content\/uploads\/2025\/04\/quote-open.png\" alt=\"\" title=\"quote-open\"\/><\/figure>\n\n\n\n<p class=\"gb-headline gb-headline-55dde7f5 gb-headline-text\">Mon pantalon est g\u00e9nial !<br><br>Il me va parfaitement et il est superbe.<br><br>C&rsquo;est le meilleur pantalon que j&rsquo;ai jamais port\u00e9. Il est facile \u00e0 enfiler.<br>Je peux le porter partout.<br><br>Je n&rsquo;ai qu&rsquo;un seul pantalon habill\u00e9, mais j&rsquo;adore sa coupe et son confort !<br><br>J&rsquo;ai re\u00e7u un legging en cadeau et il est incroyable. Je voulais en acheter d&rsquo;autres.<\/p>\n\n\n\n<figure class=\"gb-block-image gb-block-image-aeb6f029\"><img loading=\"lazy\" decoding=\"async\" width=\"232\" height=\"186\" class=\"gb-image gb-image-aeb6f029\" src=\"https:\/\/renuar.com\/wp-content\/uploads\/2025\/04\/quote-close.png\" alt=\"\" title=\"quote-close\"\/><\/figure>\n\n<\/div>\n<\/div><\/div>\n\n<div class=\"gb-grid-column gb-grid-column-4b2371f4\"><div class=\"gb-container gb-container-4b2371f4\">\n\n<figure class=\"gb-block-image gb-block-image-7c1c37a3\"><img loading=\"lazy\" decoding=\"async\" width=\"940\" height=\"1528\" class=\"gb-image gb-image-7c1c37a3\" src=\"https:\/\/renuar.com\/wp-content\/uploads\/2026\/01\/April-14-Launch-Customer-Feedback-Desktop-03@2x.jpg\" alt=\"\" title=\"April 14-Launch-Customer-Feedback-Desktop-03@2x\" srcset=\"https:\/\/renuar.com\/wp-content\/uploads\/2026\/01\/April-14-Launch-Customer-Feedback-Desktop-03@2x.jpg 940w, https:\/\/renuar.com\/wp-content\/uploads\/2026\/01\/April-14-Launch-Customer-Feedback-Desktop-03@2x-185x300.jpg 185w, https:\/\/renuar.com\/wp-content\/uploads\/2026\/01\/April-14-Launch-Customer-Feedback-Desktop-03@2x-630x1024.jpg 630w, https:\/\/renuar.com\/wp-content\/uploads\/2026\/01\/April-14-Launch-Customer-Feedback-Desktop-03@2x-768x1248.jpg 768w\" sizes=\"(max-width: 940px) 100vw, 940px\" \/><\/figure>\n\n\n\n<figure class=\"gb-block-image gb-block-image-9457ab29\"><img loading=\"lazy\" decoding=\"async\" width=\"940\" height=\"1528\" class=\"gb-image gb-image-9457ab29\" src=\"https:\/\/renuar.com\/wp-content\/uploads\/2026\/01\/April-14-Launch-Customer-Feedback-Desktop-04@2x.jpg\" alt=\"\" title=\"April 14-Launch-Customer-Feedback-Desktop-04@2x\" srcset=\"https:\/\/renuar.com\/wp-content\/uploads\/2026\/01\/April-14-Launch-Customer-Feedback-Desktop-04@2x.jpg 940w, https:\/\/renuar.com\/wp-content\/uploads\/2026\/01\/April-14-Launch-Customer-Feedback-Desktop-04@2x-185x300.jpg 185w, https:\/\/renuar.com\/wp-content\/uploads\/2026\/01\/April-14-Launch-Customer-Feedback-Desktop-04@2x-630x1024.jpg 630w, https:\/\/renuar.com\/wp-content\/uploads\/2026\/01\/April-14-Launch-Customer-Feedback-Desktop-04@2x-768x1248.jpg 768w\" sizes=\"(max-width: 940px) 100vw, 940px\" \/><\/figure>\n\n<\/div><\/div>\n<\/div>\n<\/div>\n\n<div class=\"gb-container gb-container-0d5523f4\">\n<div class=\"gb-grid-wrapper gb-grid-wrapper-498635c1\">\n<div class=\"gb-grid-column gb-grid-column-d620cc08\"><div class=\"gb-container gb-container-d620cc08\">\n\n<figure class=\"gb-block-image gb-block-image-6aecafe0\"><img loading=\"lazy\" decoding=\"async\" width=\"1920\" height=\"1528\" class=\"gb-image gb-image-6aecafe0\" src=\"https:\/\/renuar.com\/wp-content\/uploads\/2025\/04\/April-14-Launch-Customer-Feedback-Desktop-06@2x.jpg\" alt=\"\" title=\"April 14-Launch-Customer-Feedback-Desktop-06@2x\" srcset=\"https:\/\/renuar.com\/wp-content\/uploads\/2025\/04\/April-14-Launch-Customer-Feedback-Desktop-06@2x.jpg 1920w, https:\/\/renuar.com\/wp-content\/uploads\/2025\/04\/April-14-Launch-Customer-Feedback-Desktop-06@2x-300x239.jpg 300w, https:\/\/renuar.com\/wp-content\/uploads\/2025\/04\/April-14-Launch-Customer-Feedback-Desktop-06@2x-1024x815.jpg 1024w, https:\/\/renuar.com\/wp-content\/uploads\/2025\/04\/April-14-Launch-Customer-Feedback-Desktop-06@2x-768x611.jpg 768w, https:\/\/renuar.com\/wp-content\/uploads\/2025\/04\/April-14-Launch-Customer-Feedback-Desktop-06@2x-1536x1222.jpg 1536w\" sizes=\"(max-width: 1920px) 100vw, 1920px\" \/><\/figure>\n\n<\/div><\/div>\n\n<div class=\"gb-grid-column gb-grid-column-813ba445\"><div class=\"gb-container gb-container-813ba445\">\n\n<h3 class=\"gb-headline gb-headline-1b1ef524 gb-headline-text\">Intemporel par Essence<\/h3>\n\n\n\n<p class=\"gb-headline gb-headline-26a011e6 gb-headline-text\">Inspir\u00e9e par la haute couture et retravaill\u00e9e \u00e0 travers notre regard Renuar, chaque pi\u00e8ce est con\u00e7ue pour durer bien au-del\u00e0 des tendances. Des teintes polyvalentes aux silhouettes raffin\u00e9es, notre style est pens\u00e9 pour traverser les saisons avec \u00e9l\u00e9gance.<\/p>\n\n\n\n<h4 class=\"gb-headline gb-headline-2879def3 gb-headline-text\">Un style qui traverse le temps<\/h4>\n\n\n<div class=\"gb-container gb-container-714bebc5\">\n\n<figure class=\"gb-block-image gb-block-image-a301d882\"><img loading=\"lazy\" decoding=\"async\" width=\"232\" height=\"186\" class=\"gb-image gb-image-a301d882\" src=\"https:\/\/renuar.com\/wp-content\/uploads\/2025\/04\/quote-open.png\" alt=\"\" title=\"quote-open\"\/><\/figure>\n\n\n\n<p class=\"gb-headline gb-headline-55b8d371 gb-headline-text\">Une coupe parfaite et une beaut\u00e9 durable. Des styles superbes, \u00e9galement.<br><br>J&rsquo;appr\u00e9cie la qualit\u00e9 des v\u00eatements, leur coupe est parfaite, ils sont r\u00e9sistants et ne se d\u00e9modent pas.<br><br>Des couleurs magnifiques, une coupe parfaite.<br><br>Faciles \u00e0 laver et \u00e0 porter. Confortables et \u00e9l\u00e9gants.<br><br>J&rsquo;adore vos collections !<\/p>\n\n\n\n<figure class=\"gb-block-image gb-block-image-22e0d0da\"><img loading=\"lazy\" decoding=\"async\" width=\"232\" height=\"186\" class=\"gb-image gb-image-22e0d0da\" src=\"https:\/\/renuar.com\/wp-content\/uploads\/2025\/04\/quote-close.png\" alt=\"\" title=\"quote-close\"\/><\/figure>\n\n<\/div>\n<\/div><\/div>\n<\/div>\n<\/div>\n\n<div class=\"gb-container gb-container-c8e86506\">\n<div class=\"gb-grid-wrapper gb-grid-wrapper-cc90dcd1\">\n<div class=\"gb-grid-column gb-grid-column-c3fe5911\"><div class=\"gb-container gb-container-c3fe5911\">\n\n<h3 class=\"gb-headline gb-headline-167bf152 gb-headline-text\">La Qualit\u00e9 Qui a du Sens<\/h3>\n\n\n\n<p class=\"gb-headline gb-headline-0d159784 gb-headline-text\">Chaque pi\u00e8ce Renuar commence par un choix de tissu r\u00e9fl\u00e9chi, alliant qualit\u00e9, durabilit\u00e9 et prix juste. Nous privil\u00e9gions des fibres plus responsables, des processus de teinture plus s\u00fbrs et des v\u00eatements qui restent beaux, saison apr\u00e8s saison.<\/p>\n\n\n\n<h4 class=\"gb-headline gb-headline-66bfeef8 gb-headline-text\">Performance \u00c9prouv\u00e9e, Prix Aim\u00e9s<\/h4>\n\n\n<div class=\"gb-container gb-container-984fe506\">\n\n<figure class=\"gb-block-image gb-block-image-06b69b3c\"><img loading=\"lazy\" decoding=\"async\" width=\"232\" height=\"186\" class=\"gb-image gb-image-06b69b3c\" src=\"https:\/\/renuar.com\/wp-content\/uploads\/2025\/04\/quote-open.png\" alt=\"\" title=\"quote-open\"\/><\/figure>\n\n\n\n<p class=\"gb-headline gb-headline-e004585b gb-headline-text\">J&rsquo;ai achet\u00e9 une veste pr\u00e9sent\u00e9e dans une publicit\u00e9 et je l&rsquo;ai emport\u00e9e en Europe. Elle a parfaitement rempli son r\u00f4le. Je viens de la laver et de la s\u00e9cher, et elle est toujours aussi belle. Excellent achat.<br><br>Qualit\u00e9 constante.<br><br>Excellent produit pour le prix !<br><br>J&rsquo;aime les mat\u00e9riaux et la coupe.<br><br>De superbes v\u00eatements \u00e0 des prix imbattables.<\/p>\n\n\n\n<figure class=\"gb-block-image gb-block-image-e86dee24\"><img loading=\"lazy\" decoding=\"async\" width=\"232\" height=\"186\" class=\"gb-image gb-image-e86dee24\" src=\"https:\/\/renuar.com\/wp-content\/uploads\/2025\/04\/quote-close.png\" alt=\"\" title=\"quote-close\"\/><\/figure>\n\n<\/div>\n<\/div><\/div>\n\n<div class=\"gb-grid-column gb-grid-column-66c004d1\"><div class=\"gb-container gb-container-66c004d1\">\n\n<figure class=\"gb-block-image gb-block-image-55f3dfe8\"><img loading=\"lazy\" decoding=\"async\" width=\"940\" height=\"1528\" class=\"gb-image gb-image-55f3dfe8\" src=\"https:\/\/renuar.com\/wp-content\/uploads\/2026\/01\/April-14-Launch-Customer-Feedback-Desktop-07@2x.jpg\" alt=\"\" title=\"April 14-Launch-Customer-Feedback-Desktop-07@2x\" srcset=\"https:\/\/renuar.com\/wp-content\/uploads\/2026\/01\/April-14-Launch-Customer-Feedback-Desktop-07@2x.jpg 940w, https:\/\/renuar.com\/wp-content\/uploads\/2026\/01\/April-14-Launch-Customer-Feedback-Desktop-07@2x-185x300.jpg 185w, https:\/\/renuar.com\/wp-content\/uploads\/2026\/01\/April-14-Launch-Customer-Feedback-Desktop-07@2x-630x1024.jpg 630w, https:\/\/renuar.com\/wp-content\/uploads\/2026\/01\/April-14-Launch-Customer-Feedback-Desktop-07@2x-768x1248.jpg 768w\" sizes=\"(max-width: 940px) 100vw, 940px\" \/><\/figure>\n\n\n\n<figure class=\"gb-block-image gb-block-image-ab80a749\"><img loading=\"lazy\" decoding=\"async\" width=\"940\" height=\"1528\" class=\"gb-image gb-image-ab80a749\" src=\"https:\/\/renuar.com\/wp-content\/uploads\/2026\/01\/April-14-Launch-Customer-Feedback-Desktop-08@2x.jpg\" alt=\"\" title=\"April 14-Launch-Customer-Feedback-Desktop-08@2x\" srcset=\"https:\/\/renuar.com\/wp-content\/uploads\/2026\/01\/April-14-Launch-Customer-Feedback-Desktop-08@2x.jpg 940w, https:\/\/renuar.com\/wp-content\/uploads\/2026\/01\/April-14-Launch-Customer-Feedback-Desktop-08@2x-185x300.jpg 185w, https:\/\/renuar.com\/wp-content\/uploads\/2026\/01\/April-14-Launch-Customer-Feedback-Desktop-08@2x-630x1024.jpg 630w, https:\/\/renuar.com\/wp-content\/uploads\/2026\/01\/April-14-Launch-Customer-Feedback-Desktop-08@2x-768x1248.jpg 768w\" sizes=\"(max-width: 940px) 100vw, 940px\" \/><\/figure>\n\n<\/div><\/div>\n<\/div>\n<\/div>\n\n<div class=\"gb-container gb-container-cd834fff\">\n<div class=\"gb-grid-wrapper gb-grid-wrapper-8e302533\">\n<div class=\"gb-grid-column gb-grid-column-8a3ba146\"><div class=\"gb-container gb-container-8a3ba146\">\n\n<h5 class=\"gb-headline gb-headline-43473e61 gb-headline-text\">Devenez Partenaire<\/h5>\n\n\n\n<p class=\"gb-headline gb-headline-faca0281 gb-headline-text\">Rejoignez un r\u00e9seau de d\u00e9taillants qui partagent une vision du style intemporel, de la qualit\u00e9 et de la fid\u00e9lit\u00e9 client. Construisons ensemble quelque chose de beau.<br><a href=\"https:\/\/renuar.com\/fr\/devenir-partenaire\/\"><\/a><\/p>\n\n\n\n<a class=\"gb-button gb-button-fcd722c9 gb-button-text\" href=\"https:\/\/renuar.com\/fr\/devenir-partenaire\/\">En savoir plus<\/a>\n\n<\/div><\/div>\n\n<div class=\"gb-grid-column gb-grid-column-f07b0773\"><div class=\"gb-container gb-container-f07b0773\">\n\n<h5 class=\"gb-headline gb-headline-21df8863 gb-headline-text\">Trouvez Renuar pr\u00e8s de chez vous<\/h5>\n\n\n\n<p class=\"gb-headline gb-headline-e07ca313 gb-headline-text\">Coupes flatteuses, classiques modernes, d\u00e9tails soign\u00e9s\u2014d\u00e9couvrez nos collections dans une boutique pr\u00e8s de chez vous.<\/p>\n\n\n\n<a class=\"gb-button gb-button-f1ba673c gb-button-text\" href=\"https:\/\/renuar.com\/fr\/trouver-un-detaillant\/\">Trouver un D\u00e9taillant<\/a>\n\n<\/div><\/div>\n<\/div>\n<\/div>\n\n\n<p><\/p>\n","protected":false},"excerpt":{"rendered":"","protected":false},"author":1,"featured_media":18016,"parent":0,"menu_order":0,"comment_status":"closed","ping_status":"closed","template":"","meta":{"_acf_changed":false,"inline_featured_image":false,"footnotes":""},"class_list":["post-16221","page","type-page","status-publish","has-post-thumbnail"],"acf":[],"_links":{"self":[{"href":"https:\/\/renuar.com\/fr\/wp-json\/wp\/v2\/pages\/16221"}],"collection":[{"href":"https:\/\/renuar.com\/fr\/wp-json\/wp\/v2\/pages"}],"about":[{"href":"https:\/\/renuar.com\/fr\/wp-json\/wp\/v2\/types\/page"}],"author":[{"embeddable":true,"href":"https:\/\/renuar.com\/fr\/wp-json\/wp\/v2\/users\/1"}],"replies":[{"embeddable":true,"href":"https:\/\/renuar.com\/fr\/wp-json\/wp\/v2\/comments?post=16221"}],"version-history":[{"count":19,"href":"https:\/\/renuar.com\/fr\/wp-json\/wp\/v2\/pages\/16221\/revisions"}],"predecessor-version":[{"id":18342,"href":"https:\/\/renuar.com\/fr\/wp-json\/wp\/v2\/pages\/16221\/revisions\/18342"}],"wp:featuredmedia":[{"embeddable":true,"href":"https:\/\/renuar.com\/fr\/wp-json\/wp\/v2\/media\/18016"}],"wp:attachment":[{"href":"https:\/\/renuar.com\/fr\/wp-json\/wp\/v2\/media?parent=16221"}],"curies":[{"name":"wp","href":"https:\/\/api.w.org\/{rel}","templated":true}]}}