{"id":14576,"date":"2024-08-23T18:20:49","date_gmt":"2024-08-23T18:20:49","guid":{"rendered":"https:\/\/renuar.com\/terms-of-service\/"},"modified":"2024-08-23T19:28:24","modified_gmt":"2024-08-23T19:28:24","slug":"terms-of-service","status":"publish","type":"page","link":"https:\/\/renuar.com\/fr\/terms-of-service\/","title":{"rendered":"Conditions d&rsquo;utilisation"},"content":{"rendered":"<div class=\"gb-container gb-container-c6a3663d alignfull\">\n<div class=\"gb-container gb-container-5e66d2d2\">\n\n<h1 class=\"gb-headline gb-headline-0ff80167 gb-headline-text\">Conditions d&rsquo;utilisation<\/h1>\n\n\n\n<div style=\"height:25px\" aria-hidden=\"true\" class=\"wp-block-spacer\"><\/div>\n\n\n\n<h2 class=\"gb-headline gb-headline-de79b2ef gb-headline-text\">Conditions g\u00e9n\u00e9rales<\/h2>\n\n\n\n<p>Ce qui suit est une documentation juridique. Notre objectif est de le rendre facile \u00e0 comprendre et utile pour vous lorsque vous utilisez le site Web de Renaur (ou, en r\u00e9alit\u00e9, tout site Web ou site Web li\u00e9). Parfois, pour des raisons juridiques, cela peut \u00eatre interpr\u00e9t\u00e9 comme du \u00ab jargon juridique \u00bb, ce qui, nous le comprenons, n\u2019est pas toujours simple. Cependant, cela est n\u00e9cessaire \u2013 notamment pour votre s\u00fbret\u00e9, votre vie priv\u00e9e et votre s\u00e9curit\u00e9. Donc, si vous avez des questions ou des pr\u00e9occupations concernant nos conditions g\u00e9n\u00e9rales, n&rsquo;h\u00e9sitez jamais \u00e0 nous contacter directement. Nous sommes l\u00e0 pour vous aider.     <\/p>\n\n\n\n<div style=\"height:25px\" aria-hidden=\"true\" class=\"wp-block-spacer\"><\/div>\n\n\n\n<h2 class=\"gb-headline gb-headline-cfe142cd gb-headline-text\">L&rsquo;accord<\/h2>\n\n\n\n<div style=\"height:10px\" aria-hidden=\"true\" class=\"wp-block-spacer\"><\/div>\n\n\n\n<h4 class=\"gb-headline gb-headline-13263370 gb-headline-text\">Un accord entre vous et nous<\/h4>\n\n\n\n<p>Les termes et conditions d\u2019utilisation suivants constituent un accord (l\u2019\u00ab Accord \u00bb) entre Renaur et vous lors de l\u2019utilisation du site officiel de Renaur (le \u00ab Site \u00bb). Votre utilisation du site constitue votre accord de suivre et d&rsquo;\u00eatre li\u00e9 par l&rsquo;accord. Nous nous r\u00e9servons le droit de modifier cet accord \u00e0 tout moment, \u00e0 notre seule discr\u00e9tion, sans pr\u00e9avis individuel. Toute modification de cet accord sera publi\u00e9e sur le site. Pour cette raison, nous vous encourageons \u00e0 consulter l&rsquo;accord chaque fois que vous utilisez le site. Vous pouvez savoir quand cet accord a \u00e9t\u00e9 modifi\u00e9 pour la derni\u00e8re fois en v\u00e9rifiant la date de \u00ab derni\u00e8re mise \u00e0 jour \u00bb qui appara\u00eet en haut de l&rsquo;accord. Si vous n&rsquo;acceptez pas ces conditions, veuillez ne pas utiliser le site Web de Renaur : renuar.com.      <\/p>\n\n\n\n<div style=\"height:20px\" aria-hidden=\"true\" class=\"wp-block-spacer\"><\/div>\n\n\n\n<h4 class=\"gb-headline gb-headline-458c9922 gb-headline-text\">Effectuer une transaction sur notre site<\/h4>\n\n\n\n<p>Nous nous r\u00e9servons le droit de refuser toute commande que vous passez chez nous. Nous pouvons, \u00e0 notre seule discr\u00e9tion, limiter ou annuler les quantit\u00e9s achet\u00e9es par personne, par foyer ou par commande. Ces restrictions peuvent inclure des commandes pass\u00e9es par ou sous le m\u00eame compte client, la m\u00eame carte de cr\u00e9dit et\/ou des commandes utilisant la m\u00eame adresse de facturation et\/ou de livraison. Dans le cas o\u00f9 nous modifions ou annulons une commande, nous tenterons de vous en informer en contactant l&rsquo;adresse e-mail et\/ou l&rsquo;adresse de facturation\/le num\u00e9ro de t\u00e9l\u00e9phone fournis au moment o\u00f9 la commande a \u00e9t\u00e9 pass\u00e9e. Nous nous r\u00e9servons le droit de limiter ou d&rsquo;interdire les commandes qui, \u00e0 notre seul jugement, semblent \u00eatre pass\u00e9es par des revendeurs, des revendeurs ou des distributeurs.<br\/><br\/><br\/><br\/>    <\/p>\n\n\n\n<div style=\"height:20px\" aria-hidden=\"true\" class=\"wp-block-spacer\"><\/div>\n\n\n\n<h4 class=\"gb-headline gb-headline-83ebf4b5 gb-headline-text\">Parfois, les prix et la disponibilit\u00e9 peuvent varier<\/h4>\n\n\n\n<p>Les articles et les prix sont sujets \u00e0 disponibilit\u00e9 sur corwik.com. Les articles peuvent \u00eatre sujets \u00e0 des erreurs de prix, \u00e0 des modifications de prix, \u00e0 des retards de livraison et \u00e0 une disponibilit\u00e9 limit\u00e9e des stocks. Des restrictions suppl\u00e9mentaires peuvent s&rsquo;appliquer.  <\/p>\n\n\n\n<div style=\"height:20px\" aria-hidden=\"true\" class=\"wp-block-spacer\"><\/div>\n\n\n\n<h4 class=\"gb-headline gb-headline-783afc30 gb-headline-text\">Les articles en vente sont trait\u00e9s diff\u00e9remment<\/h4>\n\n\n\n<p>Il n\u2019y a aucun retour ou \u00e9change sur les achats finaux en ligne de marchandises \u00ab sold\u00e9es \u00bb. L&rsquo;offre de vente est valable jusqu&rsquo;\u00e0 nouvel ordre et sous r\u00e9serve de disponibilit\u00e9. Les prix de vente refl\u00e8tent les remises avant taxes, frais d&rsquo;exp\u00e9dition et de manutention. Une r\u00e9duction n&rsquo;est pas valable sur les achats ant\u00e9rieurs et pour les ajustements de prix, ni en conjonction avec d&rsquo;autres promotions. Des restrictions suppl\u00e9mentaires peuvent s&rsquo;appliquer.    <\/p>\n\n\n\n<div style=\"height:20px\" aria-hidden=\"true\" class=\"wp-block-spacer\"><\/div>\n\n\n\n<h4 class=\"gb-headline gb-headline-a20e8637 gb-headline-text\">C\u2019est convenu, nous pourrions apporter des modifications \u00e0 notre site.<\/h4>\n\n\n\n<p>Nous nous r\u00e9servons le droit, \u00e0 tout moment et \u00e0 notre seule discr\u00e9tion, de : modifier, suspendre ou interrompre le contenu, la fonctionnalit\u00e9 ou le produit de corwik.com propos\u00e9 via le site, avec ou sans pr\u00e9avis ; facturer des frais li\u00e9s \u00e0 l\u2019utilisation du Site ; modifier et\/ou renoncer \u00e0 tous les frais factur\u00e9s en relation avec le Site ; et\/ou offrir des opportunit\u00e9s \u00e0 certains ou \u00e0 tous les utilisateurs du Site. Vous acceptez que nous ne serons pas responsables envers vous ou envers tout tiers pour toute modification, suspension ou interruption du Site, ou de tout service, contenu, fonctionnalit\u00e9 ou produit propos\u00e9 via le Site. <\/p>\n\n\n\n<div style=\"height:20px\" aria-hidden=\"true\" class=\"wp-block-spacer\"><\/div>\n\n\n\n<h4 class=\"gb-headline gb-headline-edf11465 gb-headline-text\">Le contenu de notre site appartient \u00e0 Renaur<\/h4>\n\n\n\n<p>Sauf indication contraire, le Site et tous les \u00e9l\u00e9ments pr\u00e9sents sur le Site, y compris les textes, images, illustrations, dessins, ic\u00f4nes, photographies, clips vid\u00e9o et autres \u00e9l\u00e9ments, ainsi que les droits d&rsquo;auteur, les marques commerciales, les pr\u00e9sentations commerciales et\/ou toute autre propri\u00e9t\u00e9 intellectuelle relative \u00e0 ces \u00e9l\u00e9ments. (collectivement, le \u00ab Contenu \u00bb), sont d\u00e9tenus, contr\u00f4l\u00e9s ou sous licence par Renaur.<\/p>\n\n\n\n<div style=\"height:20px\" aria-hidden=\"true\" class=\"wp-block-spacer\"><\/div>\n\n\n\n<h4 class=\"gb-headline gb-headline-5ae2f494 gb-headline-text\">Aucun contenu n&rsquo;est destin\u00e9 \u00e0 un usage commercial&nbsp;<\/h4>\n\n\n\n<p>Le Site et son Contenu sont destin\u00e9s uniquement \u00e0 un usage personnel et non commercial. Vous pouvez t\u00e9l\u00e9charger ou copier le contenu affich\u00e9 sur le site pour votre usage personnel uniquement. Aucun droit, titre ou int\u00e9r\u00eat sur tout contenu t\u00e9l\u00e9charg\u00e9 ne vous est transf\u00e9r\u00e9 \u00e0 la suite d&rsquo;un tel t\u00e9l\u00e9chargement ou copie. Vous ne pouvez pas reproduire (sauf indication contraire ci-dessus), publier, transmettre, distribuer, afficher, modifier, cr\u00e9er des \u0153uvres d\u00e9riv\u00e9es, vendre ou exploiter de quelque mani\u00e8re que ce soit le contenu ou le site.   <\/p>\n\n\n\n<div style=\"height:20px\" aria-hidden=\"true\" class=\"wp-block-spacer\"><\/div>\n\n\n\n<h4 class=\"gb-headline gb-headline-aeab3103 gb-headline-text\">Les informations personnelles sont couvertes par notre politique de confidentialit\u00e9&nbsp;<\/h4>\n\n\n\n<p>La soumission de vos informations personnelles via le site est r\u00e9gie par notre politique de confidentialit\u00e9, accessible en cliquant sur le lien \u00ab Politique de confidentialit\u00e9 \u00bb situ\u00e9 dans la section de pied de page du site (la \u00ab Politique de confidentialit\u00e9 \u00bb). Cet accord int\u00e8gre par r\u00e9f\u00e9rence les termes et conditions de la politique de confidentialit\u00e9. <\/p>\n\n\n\n<div style=\"height:20px\" aria-hidden=\"true\" class=\"wp-block-spacer\"><\/div>\n\n\n\n<h4 class=\"gb-headline gb-headline-d10722a4 gb-headline-text\">Nos produits sont \u00e9galement disponibles chez nos partenaires d\u00e9taillants<\/h4>\n\n\n\n<p>La plupart des produits affich\u00e9s sur le site sont disponibles dans certains magasins partenaires Renaur au Canada, aux \u00c9tats-Unis et sur d&rsquo;autres march\u00e9s.<\/p>\n\n\n\n<div style=\"height:20px\" aria-hidden=\"true\" class=\"wp-block-spacer\"><\/div>\n\n\n\n<h4 class=\"gb-headline gb-headline-d3abe1c9 gb-headline-text\">Les frais de taxes sont bas\u00e9s sur votre adresse de livraison<\/h4>\n\n\n\n<p>Les frais de taxe sont bas\u00e9s sur les taux de taxe de vente f\u00e9d\u00e9rale, provinciale et harmonis\u00e9e applicables en fonction de l&rsquo;adresse de livraison associ\u00e9e \u00e0 votre commande. Le cas \u00e9ch\u00e9ant, la taxe de vente sera \u00e9galement appliqu\u00e9e aux frais d&rsquo;exp\u00e9dition et de manutention. Si vous retournez un article pour obtenir un remboursement, vous recevrez \u00e9galement un remboursement des taxes de vente que vous avez pay\u00e9es pour cet article.  <\/p>\n\n\n\n<div style=\"height:20px\" aria-hidden=\"true\" class=\"wp-block-spacer\"><\/div>\n\n\n\n<h4 class=\"gb-headline gb-headline-a34955a1 gb-headline-text\">Parfois des erreurs se produisent<\/h4>\n\n\n\n<p>Les frais de taxes sont bas\u00e9s sur votre adresse de livraison. Parfois, notre site peut contenir des informations contenant des erreurs typographiques, des inexactitudes ou des omissions pouvant concerner les descriptions de produits, les prix, les promotions, les offres et la disponibilit\u00e9. Nous nous r\u00e9servons le droit de corriger toute erreur, inexactitude ou omission et de modifier ou mettre \u00e0 jour les informations ou d&rsquo;annuler les commandes si des informations sur le site sont inexactes \u00e0 tout moment et sans pr\u00e9avis (y compris apr\u00e8s avoir soumis votre commande).  <\/p>\n\n\n\n<div style=\"height:20px\" aria-hidden=\"true\" class=\"wp-block-spacer\"><\/div>\n\n\n\n<h4 class=\"gb-headline gb-headline-c0cbe327 gb-headline-text\">Les couleurs des produits peuvent varier sur votre \u00e9cran<\/h4>\n\n\n\n<p>Nous avons fait tout notre possible pour afficher aussi pr\u00e9cis\u00e9ment que possible les couleurs de nos produits qui apparaissent sur le Site. Nous ne pouvons pas garantir que votre \u00e9cran d&rsquo;affichage num\u00e9rique, quelle que soit sa couleur, sera pr\u00e9cis. <\/p>\n\n\n\n<div style=\"height:20px\" aria-hidden=\"true\" class=\"wp-block-spacer\"><\/div>\n\n\n\n<h4 class=\"gb-headline gb-headline-95b6ffcc gb-headline-text\">Gardez votre mot de passe et les informations de votre compte confidentiels<\/h4>\n\n\n\n<p>Vous \u00eates seul responsable du maintien de la confidentialit\u00e9 de votre mot de passe et des informations de votre compte utilisateur. Vous devez nous informer imm\u00e9diatement en cas de toute utilisation non autoris\u00e9e connue ou suspect\u00e9e de votre compte utilisateur, ou de toute violation de s\u00e9curit\u00e9 connue ou suspect\u00e9e, y compris la perte, le vol ou la divulgation non autoris\u00e9e de votre mot de passe ou de celui de quelqu&rsquo;un d&rsquo;autre. Vous \u00eates seul responsable de toutes les activit\u00e9s qui se d\u00e9roulent sous votre compte utilisateur. Vous vous engagez \u00e0 nous informer imm\u00e9diatement de toute utilisation non autoris\u00e9e de votre compte utilisateur ou de toute autre violation de la s\u00e9curit\u00e9 dont vous avez connaissance.   <\/p>\n\n\n\n<div style=\"height:25px\" aria-hidden=\"true\" class=\"wp-block-spacer\"><\/div>\n\n\n\n<h1 class=\"gb-headline gb-headline-ed3969ea gb-headline-text\">La clause de non-responsabilit\u00e9<\/h1>\n\n\n\n<div style=\"height:25px\" aria-hidden=\"true\" class=\"wp-block-spacer\"><\/div>\n\n\n\n<h2 class=\"gb-headline gb-headline-fc86c7f1 gb-headline-text\">Clause de non-responsabilit\u00e9<\/h2>\n\n\n\n<p class=\"has-text-align-left\">En termes simples, la clause de non-responsabilit\u00e9 ci-dessous est un texte juridique qui traite de la responsabilit\u00e9. Comme vous, il est important pour tout le monde chez Renaur que nous soyons responsables et redevables de la bonne mani\u00e8re. Le texte qui suit souligne cela afin d&rsquo;\u00e9viter tout risque, tant pour vous que pour nous.  <\/p>\n\n\n\n<p class=\"has-text-align-left\">Le contenu du Site est fourni \u00ab tel quel \u00bb, sans garanties ni conditions d&rsquo;aucune sorte, expresses ou implicites, y compris, sans s&rsquo;y limiter, les garanties de titre, les garanties implicites de qualit\u00e9 marchande, d&rsquo;ad\u00e9quation \u00e0 un usage particulier ou de non-violation de la propri\u00e9t\u00e9 intellectuelle. Ni Renaur ni aucun de ses affili\u00e9s ne garantissent que le site ou toute fonction contenue dans le site sera ininterrompu ou exempt d&rsquo;erreurs, que les d\u00e9fauts seront corrig\u00e9s, ou que le site ou les serveurs qui rendent le site disponible sont exempts de virus ou autres. composants nocifs. <\/p>\n\n\n\n<p class=\"has-text-align-left\">Renaur et ses soci\u00e9t\u00e9s affili\u00e9es d\u00e9clinent express\u00e9ment toute obligation de mettre \u00e0 jour ou de r\u00e9viser le contenu du site, bien que nous puissions modifier le contenu \u00e0 tout moment sans pr\u00e9avis. Votre utilisation du site est \u00e0 vos seuls risques et vous assumez l&rsquo;enti\u00e8re responsabilit\u00e9 de tous les co\u00fbts associ\u00e9s \u00e0 votre utilisation du site. French Dressing Jeans et\/ou ses soci\u00e9t\u00e9s affili\u00e9es ne pourront \u00eatre tenus responsables de tout dommage de quelque nature que ce soit li\u00e9 \u00e0 votre utilisation du site.  <\/p>\n\n\n\n<p class=\"has-text-align-left\">Ni Renaur ni aucune de ses soci\u00e9t\u00e9s affili\u00e9es ne d\u00e9clarent ou ne garantissent que le Site, ou toute partie de celui-ci, est appropri\u00e9 ou disponible pour une utilisation dans une juridiction particuli\u00e8re. Ceux qui choisissent d&rsquo;acc\u00e9der au Site le font de leur propre initiative et \u00e0 leurs propres risques, et sont responsables du respect de toutes les lois, r\u00e8gles et r\u00e9glementations locales. Nous pouvons limiter la disponibilit\u00e9 du Site, en tout ou en partie, \u00e0 toute personne, zone g\u00e9ographique ou juridiction de notre choix, \u00e0 tout moment et \u00e0 notre seule discr\u00e9tion.  <\/p>\n\n\n\n<div style=\"height:20px\" aria-hidden=\"true\" class=\"wp-block-spacer\"><\/div>\n\n\n\n<h4 class=\"gb-headline gb-headline-90883939 gb-headline-text\"><strong>Limitation de responsabilit\u00e9<\/strong><\/h4>\n\n\n\n<p>Cette partie de nos Conditions g\u00e9n\u00e9rales d\u00e9finit ce dont nous pouvons et ne pouvons pas \u00eatre responsables en vertu de notre accord avec vous. En fait, il d\u00e9crit le contexte de tout \u00e9ventuel diff\u00e9rend ou d\u00e9saccord (qui, nous l\u2019esp\u00e9rons, n\u2019arrivera jamais).  <\/p>\n\n\n\n<p>Vous comprenez et acceptez express\u00e9ment que Renaur et ses soci\u00e9t\u00e9s affili\u00e9es ne seront pas responsables de tout dommage direct, indirect, accidentel, sp\u00e9cial, cons\u00e9cutif, exemplaire ou punitif, ou de tout autre dommage de quelque nature que ce soit, y compris, mais sans s&rsquo;y limiter, les dommages pour perte de profits, de bonne volont\u00e9. , utilisation, donn\u00e9es ou autres pertes immat\u00e9rielles (m\u00eame si nous avons \u00e9t\u00e9 inform\u00e9s de la possibilit\u00e9 de tels dommages), d\u00e9coulant de ou r\u00e9sultant de (a) l&rsquo;utilisation ou l&rsquo;impossibilit\u00e9 d&rsquo;utiliser les sites ; (b) l&rsquo;utilisation de tout contenu ou autre mat\u00e9riel sur les sites ou sur tout site Web ou sites Web li\u00e9s aux sites, (c) le co\u00fbt d&rsquo;acquisition de biens et services de remplacement r\u00e9sultant de tout bien, donn\u00e9e, information ou service achet\u00e9 ou obtenu ou les messages re\u00e7us ou les transactions conclues ou effectu\u00e9es via ou depuis les sites ; (d) acc\u00e8s non autoris\u00e9 ou modification de vos transmissions ou donn\u00e9es ; (e) les d\u00e9clarations ou le comportement de tout tiers sur les sites ; ou (f) toute autre question relative aux sites. En aucun cas, notre responsabilit\u00e9 totale envers vous pour tous les dommages, pertes et causes d&rsquo;action (que ce soit dans le cadre d&rsquo;un contrat, d&rsquo;un d\u00e9lit (y compris, mais sans s&rsquo;y limiter, la n\u00e9gligence) ou autre) ne d\u00e9passera le montant pay\u00e9 par vous, le cas \u00e9ch\u00e9ant, en lien avec votre utilisation des sites. Si vous n&rsquo;\u00eates pas satisfait d&rsquo;une partie des sites ou de l&rsquo;une de ces conditions d&rsquo;utilisation, votre seul et unique recours est de cesser d&rsquo;utiliser les sites.        <\/p>\n\n\n\n<div style=\"height:20px\" aria-hidden=\"true\" class=\"wp-block-spacer\"><\/div>\n\n\n\n<h2 class=\"gb-headline gb-headline-cd35f52d gb-headline-text\">R\u00e9solution des litiges<\/h2>\n\n\n\n<p>Nous sommes d\u2019accord, les litiges co\u00fbtent cher, prennent du temps et sont \u00e9puisants. Dans cet esprit, nous avons mis en place une proc\u00e9dure pour tenter de r\u00e9soudre et de r\u00e9gler tout probl\u00e8me de la mani\u00e8re la plus simple possible, tant pour vous que pour nous.  <\/p>\n\n\n\n<p>Vous et Renaur acceptez la proc\u00e9dure de r\u00e9solution des litiges suivante : Sauf dans la mesure interdite par la loi applicable, en cas de controverse, r\u00e9clamation, action ou litige d\u00e9coulant de ou li\u00e9 \u00e0 toute transaction effectu\u00e9e sur le Site, application, interpr\u00e9tation, ou la validit\u00e9 du pr\u00e9sent Accord ou de toute partie de celui-ci (\u00ab Diff\u00e9rend \u00bb), la partie faisant valoir le diff\u00e9rend doit d&rsquo;abord essayer de bonne foi de r\u00e9gler ce diff\u00e9rend en fournissant un avis \u00e9crit \u00e0 l&rsquo;autre partie (par courrier de premi\u00e8re classe ou recommand\u00e9) d\u00e9crivant les faits. et les circonstances (y compris toute documentation pertinente) du diff\u00e9rend et en accordant \u00e0 la partie destinataire un d\u00e9lai de 30 jours pour r\u00e9pondre ou r\u00e9gler le diff\u00e9rend.<\/p>\n\n\n\n<p>L&rsquo;avis doit \u00eatre envoy\u00e9 \u00e0 :<\/p>\n\n\n\n<p>(1) Renaur au : 225 Chabanel ouest, suite 200, Montr\u00e9al, Qu\u00e9bec, Canada H2N 2C9<br\/>(2) \u00e0 vous \u00e0 : votre derni\u00e8re adresse de facturation utilis\u00e9e ou l&rsquo;adresse de facturation et\/ou de livraison indiqu\u00e9e dans votre profil en ligne.<\/p>\n\n\n\n<p>Dans toute la mesure permise par la loi, vous et Renaur convenez que cette proc\u00e9dure de r\u00e8glement des litiges est une condition suspensive qui doit \u00eatre remplie avant d&rsquo;engager tout litige ou de d\u00e9poser une r\u00e9clamation contre l&rsquo;autre partie.<\/p>\n\n\n\n<div style=\"height:20px\" aria-hidden=\"true\" class=\"wp-block-spacer\"><\/div>\n\n\n\n<h2 class=\"gb-headline gb-headline-f0bba600 gb-headline-text\">Articles g\u00e9n\u00e9raux<\/h2>\n\n\n\n<p>La renonciation \u00e0 toute disposition du Contrat ne sera pas consid\u00e9r\u00e9e comme une renonciation \u00e0 toute autre disposition ou au droit de Renaur d&rsquo;exiger le strict respect de chacune des conditions des pr\u00e9sentes. Si une disposition du Contrat s\u2019av\u00e8re inapplicable ou invalide pour quelque raison que ce soit, cette disposition sera divisible et toutes les autres dispositions resteront pleinement en vigueur. Cet accord constitue l\u2019int\u00e9gralit\u00e9 de l\u2019accord entre nous concernant votre utilisation des sites.  <\/p>\n\n\n\n<p>Renaur peut c\u00e9der ses droits et obligations au titre du Contrat. Le Contrat s&rsquo;appliquera au b\u00e9n\u00e9fice des successeurs, ayants droit et titulaires de licence de Renaur. <\/p>\n\n\n\n<div style=\"height:20px\" aria-hidden=\"true\" class=\"wp-block-spacer\"><\/div>\n\n\n\n<h4 class=\"gb-headline gb-headline-4bdbdb9c gb-headline-text\"><strong>Terminaison<\/strong><\/h4>\n\n\n\n<p>Ces conditions sont en vigueur \u00e0 moins et\/ou jusqu&rsquo;\u00e0 leur r\u00e9siliation par vous ou Renaur. Renaur peut \u00e9galement r\u00e9silier le pr\u00e9sent Contrat \u00e0 tout moment sans pr\u00e9avis et peut par cons\u00e9quent vous refuser l&rsquo;acc\u00e8s au Site si, \u00e0 notre seul jugement, vous ne respectez pas les modalit\u00e9s ou dispositions du Contrat. Les obligations et responsabilit\u00e9s des parties encourues avant la date de r\u00e9siliation survivront \u00e0 la r\u00e9siliation du pr\u00e9sent Accord \u00e0 toutes fins.  <\/p>\n\n<\/div>\n<\/div>","protected":false},"excerpt":{"rendered":"<p>Conditions d&rsquo;utilisation Conditions g\u00e9n\u00e9rales Ce qui suit est une documentation juridique. Notre objectif est de le rendre facile \u00e0 comprendre et utile pour vous lorsque vous utilisez le site Web de Renaur (ou, en r\u00e9alit\u00e9, tout site Web ou site Web li\u00e9). Parfois, pour des raisons juridiques, cela peut \u00eatre interpr\u00e9t\u00e9 comme du \u00ab jargon &#8230; <a title=\"Conditions d&rsquo;utilisation\" class=\"read-more\" href=\"https:\/\/renuar.com\/fr\/terms-of-service\/\" aria-label=\"En savoir plus sur Conditions d&rsquo;utilisation\">Lire la suite<\/a><\/p>\n","protected":false},"author":1,"featured_media":0,"parent":0,"menu_order":0,"comment_status":"closed","ping_status":"closed","template":"","meta":{"_acf_changed":false,"inline_featured_image":false,"footnotes":""},"class_list":["post-14576","page","type-page","status-publish"],"acf":[],"_links":{"self":[{"href":"https:\/\/renuar.com\/fr\/wp-json\/wp\/v2\/pages\/14576"}],"collection":[{"href":"https:\/\/renuar.com\/fr\/wp-json\/wp\/v2\/pages"}],"about":[{"href":"https:\/\/renuar.com\/fr\/wp-json\/wp\/v2\/types\/page"}],"author":[{"embeddable":true,"href":"https:\/\/renuar.com\/fr\/wp-json\/wp\/v2\/users\/1"}],"replies":[{"embeddable":true,"href":"https:\/\/renuar.com\/fr\/wp-json\/wp\/v2\/comments?post=14576"}],"version-history":[{"count":3,"href":"https:\/\/renuar.com\/fr\/wp-json\/wp\/v2\/pages\/14576\/revisions"}],"predecessor-version":[{"id":14580,"href":"https:\/\/renuar.com\/fr\/wp-json\/wp\/v2\/pages\/14576\/revisions\/14580"}],"wp:attachment":[{"href":"https:\/\/renuar.com\/fr\/wp-json\/wp\/v2\/media?parent=14576"}],"curies":[{"name":"wp","href":"https:\/\/api.w.org\/{rel}","templated":true}]}}